{"id":757397,"date":"2025-08-28T07:34:36","date_gmt":"2025-08-28T04:34:36","guid":{"rendered":"https:\/\/roveyayinevi.com.tr\/index.php\/urun\/evdeki-ergen\/"},"modified":"2026-04-03T03:14:00","modified_gmt":"2026-04-03T00:14:00","slug":"evdeki-ergen","status":"publish","type":"product","link":"https:\/\/roveyayinevi.com.tr\/index.php\/urun\/evdeki-ergen\/","title":{"rendered":"Evdeki Ergen"},"content":{"rendered":"<p>Ergenlik, yeniden do\u011fmakt\u0131r ve hi\u00e7bir do\u011fum sanc\u0131s\u0131z olmaz.   \u00d6ncelikle bu bir ergenlik psikolojisi kitab\u0131 de\u011fildir. Bunu, bu konuda dirsek \u00e7\u00fcr\u00fctm\u00fc\u015f akademisyenlere b\u0131rakmak en do\u011frusu. Zaten bu konuda yaz\u0131lm\u0131\u015f binlerce kitap var. Ergenler ve ergenlikle ilgili bir\u00e7ok ara\u015ft\u0131rma yay\u0131nlanm\u0131\u015ft\u0131r. Ergenlik, hepimizin ge\u00e7irdi\u011fi ve kendi \u00e7ocuklar\u0131m\u0131z\u0131n da ge\u00e7irece\u011fi bir d\u00f6nem. \u00d6nemli olan, bu kritik ve hassas d\u00f6nemde \u00e7ocuklar\u0131m\u0131zla sa\u011fl\u0131kl\u0131 bir ileti\u015fim kurabilmek ve onlara, bu yeniden do\u011fum s\u00fcrecinde e\u015flik edebilmektir. Bu d\u00f6nemde empati kurup; yap\u0131c\u0131, \u015fefkatli, anlay\u0131\u015fl\u0131 ve sevecen yakla\u015f\u0131rsak onlar\u0131 kazanabiliriz. Ergenlik, kendi i\u00e7inde karma\u015f\u0131k ve zor bir d\u00f6nemdir. Art\u0131k \u00e7ocukluktan \u00e7\u0131km\u0131\u015f olan gen\u00e7, hayatla ilk kez, tek ba\u015f\u0131na ciddi pazarl\u0131klara girer. Bir yandan \u201cBen kimim? Hayat\u0131mda neler \u00f6nemli? Gelece\u011fimi nas\u0131l \u015fekillendirece\u011fim?\u201d gibi sorulara cevap ararken bir yandan da bu geli\u015fim evresinin kar\u015f\u0131s\u0131na \u00e7\u0131kard\u0131\u011f\u0131 fizyolojik ve duygusal de\u011fi\u015fimlerle ba\u015f etmeye \u00e7al\u0131\u015fmaktad\u0131r.   Bu kitapta, evdeki ergenin kendi kaleminden, d\u00fcnyas\u0131nda ya\u015fad\u0131\u011f\u0131 ve ailesine anlatmak isteyip anlatamad\u0131\u011f\u0131 sorunlar\u0131n\u0131, ders i\u00e7eren hik\u00e2yelerini, ailesinden beklentilerini yazd\u0131\u011f\u0131 mektuplar\u0131 okuyacaks\u0131n\u0131z.<\/p>\n","protected":false},"excerpt":{"rendered":"<p>Ergenlik, yeniden do\u011fmakt\u0131r ve hi\u00e7bir do\u011fum sanc\u0131s\u0131z olmaz. \u00d6ncelikle bu bir ergenlik psikolojisi kitab\u0131 de\u011fildir. Bunu, bu konuda dirsek \u00e7\u00fcr\u00fctm\u00fc\u015f akademisyenlere b\u0131rakmak en do\u011frusu. Zaten bu<span class=\"excerpt-hellip\"> [\u2026]<\/span><\/p>\n","protected":false},"featured_media":0,"template":"","meta":{"_monsterinsights_skip_tracking":false,"_monsterinsights_sitenote_active":false,"_monsterinsights_sitenote_note":"","_monsterinsights_sitenote_category":0},"product_brand":[],"product_cat":[12364,12376],"product_tag":[],"class_list":{"0":"post-757397","1":"product","2":"type-product","3":"status-publish","5":"product_cat-genel-konular","6":"product_cat-kisisel-gelisim","7":"pa_cilt-ciltsiz","8":"pa_tur-kitap","9":"pa_yayinevi-luna-yayinlari","10":"pa_yazar-emine-koc","12":"first","13":"instock","14":"sale","15":"shipping-taxable","16":"purchasable","17":"product-type-simple"},"_links":{"self":[{"href":"https:\/\/roveyayinevi.com.tr\/index.php\/wp-json\/wp\/v2\/product\/757397","targetHints":{"allow":["GET"]}}],"collection":[{"href":"https:\/\/roveyayinevi.com.tr\/index.php\/wp-json\/wp\/v2\/product"}],"about":[{"href":"https:\/\/roveyayinevi.com.tr\/index.php\/wp-json\/wp\/v2\/types\/product"}],"wp:attachment":[{"href":"https:\/\/roveyayinevi.com.tr\/index.php\/wp-json\/wp\/v2\/media?parent=757397"}],"wp:term":[{"taxonomy":"product_brand","embeddable":true,"href":"https:\/\/roveyayinevi.com.tr\/index.php\/wp-json\/wp\/v2\/product_brand?post=757397"},{"taxonomy":"product_cat","embeddable":true,"href":"https:\/\/roveyayinevi.com.tr\/index.php\/wp-json\/wp\/v2\/product_cat?post=757397"},{"taxonomy":"product_tag","embeddable":true,"href":"https:\/\/roveyayinevi.com.tr\/index.php\/wp-json\/wp\/v2\/product_tag?post=757397"}],"curies":[{"name":"wp","href":"https:\/\/api.w.org\/{rel}","templated":true}]}}