{"id":757393,"date":"2025-08-28T07:34:29","date_gmt":"2025-08-28T04:34:29","guid":{"rendered":"https:\/\/roveyayinevi.com.tr\/index.php\/urun\/ayi-boni-pijama-partisi\/"},"modified":"2026-04-16T03:10:39","modified_gmt":"2026-04-16T00:10:39","slug":"ayi-boni-pijama-partisi","status":"publish","type":"product","link":"https:\/\/roveyayinevi.com.tr\/index.php\/urun\/ayi-boni-pijama-partisi\/","title":{"rendered":"Ay\u0131 Boni Pijama Partisi"},"content":{"rendered":"<p>Orman sakinleri, kar ya\u011fmadan \u00f6nce haz\u0131rl\u0131klar\u0131n\u0131 tamamlay\u0131p, ak\u015famki pijama partisine kat\u0131lmak istiyordu.   B\u0130R\u0130S\u0130 HAR\u0130\u00c7! Boni, kelebek kovalamak, bal av\u0131na \u00e7\u0131kmak, dans etmek, tav\u015fan gibi hop hop hoplamak, k\u0131rlardayuvarlanmak, a\u011fa\u00e7lara yaslan\u0131p s\u0131rt\u0131n\u0131 ka\u015f\u0131mak istiyordu. Ay\u0131 Boni, bu kadar yorgunken istediklerini ger\u00e7ekle\u015ftirebilir miydi? A\u00e7\u0131k tutamad\u0131\u011f\u0131 g\u00f6z kapaklar\u0131na ra\u011fmen uykuya direnebilir miydi? Uzun k\u0131\u015f uykusu \u00f6ncesinde dostlar\u0131 ile el ele tutu\u015fup \u015fark\u0131lar m\u0131r\u0131ldanmak da iyi olmaz m\u0131yd\u0131? *** \u00c7ocuk Geli\u015fim Uzman\u0131 Bahar Ta\u015far, Uykuya diren\u00e7 g\u00f6steren \u00e7ocuklar\u0131n ya\u015fad\u0131\u011f\u0131 sakarl\u0131klar\u0131 mizahi bir dille ele ald\u0131\u011f\u0131 kitapta, kahraman Boni ile y\u00fczleri g\u00fcld\u00fcrmenin yan\u0131 s\u0131ra gerek \u00e7ocuklara gerekse ebeveynlere uyku disiplini konusunda \u0131\u015f\u0131k tutuyor. Boni\u2019nin sakarl\u0131klar\u0131na \u015fahit olmaya haz\u0131r m\u0131s\u0131n? \u00d6yleyse a\u00e7 kapa\u011f\u0131 ve \u00e7evir sayfalar\u0131\u2026<\/p>\n","protected":false},"excerpt":{"rendered":"<p>Orman sakinleri, kar ya\u011fmadan \u00f6nce haz\u0131rl\u0131klar\u0131n\u0131 tamamlay\u0131p, ak\u015famki pijama partisine kat\u0131lmak istiyordu. B\u0130R\u0130S\u0130 HAR\u0130\u00c7! Boni, kelebek kovalamak, bal av\u0131na \u00e7\u0131kmak, dans etmek, tav\u015fan gibi hop hop<span class=\"excerpt-hellip\"> [\u2026]<\/span><\/p>\n","protected":false},"featured_media":0,"template":"","meta":{"_monsterinsights_skip_tracking":false,"_monsterinsights_sitenote_active":false,"_monsterinsights_sitenote_note":"","_monsterinsights_sitenote_category":0},"product_brand":[],"product_cat":[12274,12284],"product_tag":[],"class_list":{"0":"post-757393","1":"product","2":"type-product","3":"status-publish","5":"product_cat-cocuk-ve-genclik-kitaplari","6":"product_cat-hikayeler","7":"pa_cilt-ciltsiz","8":"pa_tur-kitap","9":"pa_yayinevi-luna-cocuk-yayinlari","10":"pa_yazar-bahar-tasar","12":"first","13":"instock","14":"sale","15":"shipping-taxable","16":"purchasable","17":"product-type-simple"},"_links":{"self":[{"href":"https:\/\/roveyayinevi.com.tr\/index.php\/wp-json\/wp\/v2\/product\/757393","targetHints":{"allow":["GET"]}}],"collection":[{"href":"https:\/\/roveyayinevi.com.tr\/index.php\/wp-json\/wp\/v2\/product"}],"about":[{"href":"https:\/\/roveyayinevi.com.tr\/index.php\/wp-json\/wp\/v2\/types\/product"}],"wp:attachment":[{"href":"https:\/\/roveyayinevi.com.tr\/index.php\/wp-json\/wp\/v2\/media?parent=757393"}],"wp:term":[{"taxonomy":"product_brand","embeddable":true,"href":"https:\/\/roveyayinevi.com.tr\/index.php\/wp-json\/wp\/v2\/product_brand?post=757393"},{"taxonomy":"product_cat","embeddable":true,"href":"https:\/\/roveyayinevi.com.tr\/index.php\/wp-json\/wp\/v2\/product_cat?post=757393"},{"taxonomy":"product_tag","embeddable":true,"href":"https:\/\/roveyayinevi.com.tr\/index.php\/wp-json\/wp\/v2\/product_tag?post=757393"}],"curies":[{"name":"wp","href":"https:\/\/api.w.org\/{rel}","templated":true}]}}