{"id":757392,"date":"2025-08-28T07:34:27","date_gmt":"2025-08-28T04:34:27","guid":{"rendered":"https:\/\/roveyayinevi.com.tr\/index.php\/urun\/yasamin-kiyisinda-2\/"},"modified":"2026-04-16T03:10:39","modified_gmt":"2026-04-16T00:10:39","slug":"yasamin-kiyisinda-2","status":"publish","type":"product","link":"https:\/\/roveyayinevi.com.tr\/index.php\/urun\/yasamin-kiyisinda-2\/","title":{"rendered":"Ya\u015fam\u0131n K\u0131y\u0131s\u0131nda"},"content":{"rendered":"<p>Ya\u015fam d\u00f6ng\u00fcm\u00fcz o kadar dar zaman aral\u0131\u011f\u0131na s\u0131k\u0131\u015fm\u0131\u015f ki Ya\u015fam\u0131n kendine \u00f6zg\u00fc s\u0131k\u00e7a de\u011fi\u015fen algoritmas\u0131nda Her g\u00fcn yeni bir heyecan, bir dirili\u015f Belki de beklenmeyen bir \u00e7\u00f6k\u00fc\u015f T\u00fckenip giden g\u00fcnler Vicdans\u0131z kalpleri es ge\u00e7iyor \u0130nand\u0131\u011f\u0131m\u0131z her \u015feyi sorguluyoruz Belki d\u00f6n\u00fcp geriye bakmam\u0131z bu y\u00fczden Nedense hep g\u00fczel g\u00fcnleri an\u0131msamaya \u00e7al\u0131\u015f\u0131yoruz Ama hi\u00e7 kimse kendi \u00e7ocuklu\u011funu ve gen\u00e7li\u011fini Geri alacak kadar zengin de\u011fildir Biriktirdi\u011fimiz k\u00f6t\u00fc an\u0131lar zamanla silinse de Bizi daha dinginle\u015ftiriyor Ya\u015fam\u0131n k\u0131y\u0131s\u0131nda s\u00fcrekli dola\u015f\u0131p Tutunacak bir dal ar\u0131yoruz<\/p>\n","protected":false},"excerpt":{"rendered":"<p>Ya\u015fam d\u00f6ng\u00fcm\u00fcz o kadar dar zaman aral\u0131\u011f\u0131na s\u0131k\u0131\u015fm\u0131\u015f ki Ya\u015fam\u0131n kendine \u00f6zg\u00fc s\u0131k\u00e7a de\u011fi\u015fen algoritmas\u0131nda Her g\u00fcn yeni bir heyecan, bir dirili\u015f Belki de beklenmeyen bir<span class=\"excerpt-hellip\"> [\u2026]<\/span><\/p>\n","protected":false},"featured_media":0,"template":"","meta":{"_monsterinsights_skip_tracking":false,"_monsterinsights_sitenote_active":false,"_monsterinsights_sitenote_note":"","_monsterinsights_sitenote_category":0},"product_brand":[],"product_cat":[12291,12509],"product_tag":[],"class_list":{"0":"post-757392","1":"product","2":"type-product","3":"status-publish","5":"product_cat-edebiyat","6":"product_cat-siir","7":"pa_cilt-ciltsiz","8":"pa_tur-kitap","9":"pa_yayinevi-luna-yayinlari","10":"pa_yazar-bulent-gunlusoy","12":"first","13":"instock","14":"sale","15":"shipping-taxable","16":"purchasable","17":"product-type-simple"},"_links":{"self":[{"href":"https:\/\/roveyayinevi.com.tr\/index.php\/wp-json\/wp\/v2\/product\/757392","targetHints":{"allow":["GET"]}}],"collection":[{"href":"https:\/\/roveyayinevi.com.tr\/index.php\/wp-json\/wp\/v2\/product"}],"about":[{"href":"https:\/\/roveyayinevi.com.tr\/index.php\/wp-json\/wp\/v2\/types\/product"}],"wp:attachment":[{"href":"https:\/\/roveyayinevi.com.tr\/index.php\/wp-json\/wp\/v2\/media?parent=757392"}],"wp:term":[{"taxonomy":"product_brand","embeddable":true,"href":"https:\/\/roveyayinevi.com.tr\/index.php\/wp-json\/wp\/v2\/product_brand?post=757392"},{"taxonomy":"product_cat","embeddable":true,"href":"https:\/\/roveyayinevi.com.tr\/index.php\/wp-json\/wp\/v2\/product_cat?post=757392"},{"taxonomy":"product_tag","embeddable":true,"href":"https:\/\/roveyayinevi.com.tr\/index.php\/wp-json\/wp\/v2\/product_tag?post=757392"}],"curies":[{"name":"wp","href":"https:\/\/api.w.org\/{rel}","templated":true}]}}