{"id":757391,"date":"2025-08-28T07:34:26","date_gmt":"2025-08-28T04:34:26","guid":{"rendered":"https:\/\/roveyayinevi.com.tr\/index.php\/urun\/eren-kus\/"},"modified":"2026-04-16T03:10:39","modified_gmt":"2026-04-16T00:10:39","slug":"eren-kus","status":"publish","type":"product","link":"https:\/\/roveyayinevi.com.tr\/index.php\/urun\/eren-kus\/","title":{"rendered":"Eren Ku\u015f"},"content":{"rendered":"<p>Bir an d\u00fc\u015f\u00fcnd\u00fc Eren, \u201cBir ku\u015f olsam&#8230;\u201d dedi, \u201cAcaba nereye u\u00e7mak isterdim?\u201d Kapatt\u0131 g\u00f6zlerini, ba\u015flad\u0131 hayal kurmaya. K\u0131z Kulesi\u2019nden G\u00f6beklitepe\u2019ye\u2026 Mardin\u2019den Yedi G\u00f6ller\u2019e\u2026 \u00c7anakkale\u2019den Ankara\u2019ya\u2026 Ne \u00e7ok gezilecek yer vard\u0131, Ne \u00e7ok d\u00fc\u015flenen diyar. Ke\u015ffetmek istiyorsa bu hayatta, Her zaman devam edecekti yolculu\u011fa. *** Eren Ku\u015f\u2019la sen de diyar diyar u\u00e7maya var m\u0131s\u0131n?<\/p>\n","protected":false},"excerpt":{"rendered":"<p>Bir an d\u00fc\u015f\u00fcnd\u00fc Eren, \u201cBir ku\u015f olsam&#8230;\u201d dedi, \u201cAcaba nereye u\u00e7mak isterdim?\u201d Kapatt\u0131 g\u00f6zlerini, ba\u015flad\u0131 hayal kurmaya. K\u0131z Kulesi\u2019nden G\u00f6beklitepe\u2019ye\u2026 Mardin\u2019den Yedi G\u00f6ller\u2019e\u2026 \u00c7anakkale\u2019den Ankara\u2019ya\u2026 Ne<span class=\"excerpt-hellip\"> [\u2026]<\/span><\/p>\n","protected":false},"featured_media":0,"template":"","meta":{"_monsterinsights_skip_tracking":false,"_monsterinsights_sitenote_active":false,"_monsterinsights_sitenote_note":"","_monsterinsights_sitenote_category":0},"product_brand":[],"product_cat":[12274,12284],"product_tag":[],"class_list":{"0":"post-757391","1":"product","2":"type-product","3":"status-publish","5":"product_cat-cocuk-ve-genclik-kitaplari","6":"product_cat-hikayeler","7":"pa_cilt-ciltsiz","8":"pa_tur-kitap","9":"pa_yayinevi-luna-cocuk-yayinlari","10":"pa_yazar-emine-yilmaz-fadime-ogul","12":"first","13":"instock","14":"sale","15":"shipping-taxable","16":"purchasable","17":"product-type-simple"},"_links":{"self":[{"href":"https:\/\/roveyayinevi.com.tr\/index.php\/wp-json\/wp\/v2\/product\/757391","targetHints":{"allow":["GET"]}}],"collection":[{"href":"https:\/\/roveyayinevi.com.tr\/index.php\/wp-json\/wp\/v2\/product"}],"about":[{"href":"https:\/\/roveyayinevi.com.tr\/index.php\/wp-json\/wp\/v2\/types\/product"}],"wp:attachment":[{"href":"https:\/\/roveyayinevi.com.tr\/index.php\/wp-json\/wp\/v2\/media?parent=757391"}],"wp:term":[{"taxonomy":"product_brand","embeddable":true,"href":"https:\/\/roveyayinevi.com.tr\/index.php\/wp-json\/wp\/v2\/product_brand?post=757391"},{"taxonomy":"product_cat","embeddable":true,"href":"https:\/\/roveyayinevi.com.tr\/index.php\/wp-json\/wp\/v2\/product_cat?post=757391"},{"taxonomy":"product_tag","embeddable":true,"href":"https:\/\/roveyayinevi.com.tr\/index.php\/wp-json\/wp\/v2\/product_tag?post=757391"}],"curies":[{"name":"wp","href":"https:\/\/api.w.org\/{rel}","templated":true}]}}