{"id":757390,"date":"2025-08-28T07:34:25","date_gmt":"2025-08-28T04:34:25","guid":{"rendered":"https:\/\/roveyayinevi.com.tr\/index.php\/urun\/primatlarin-izinde-evrimsel-tarihsel-ve-metodolojik-bir-bakis\/"},"modified":"2026-04-16T03:10:39","modified_gmt":"2026-04-16T00:10:39","slug":"primatlarin-izinde-evrimsel-tarihsel-ve-metodolojik-bir-bakis","status":"publish","type":"product","link":"https:\/\/roveyayinevi.com.tr\/index.php\/urun\/primatlarin-izinde-evrimsel-tarihsel-ve-metodolojik-bir-bakis\/","title":{"rendered":"Primatlar\u0131n \u0130zinde &#8211; Evrimsel, Tarihsel ve Metodolojik Bir Bak\u0131\u015f"},"content":{"rendered":"<p>Primatlar kimdir? Milyonlarca y\u0131ld\u0131r gezegende ya\u015fayan, ancak insanlar\u0131n g\u00f6rece yeni denilebilecek bir ili\u015fki kurdu\u011fu primatlar\u0131 anlamak m\u00fcmk\u00fcn m\u00fcd\u00fcr? Tarihsel s\u00fcre\u00e7lere bakt\u0131\u011f\u0131m\u0131zda primatlara dair ve primatoloji alan\u0131ndaki \u00e7al\u0131\u015fmalar nas\u0131l ba\u015flam\u0131\u015ft\u0131r? T\u00fcrkiye\u2019de bu alanda \u00e7al\u0131\u015fan insanlar, yap\u0131lan ara\u015ft\u0131rmalar var m\u0131d\u0131r? \u00d6ns\u00f6z\u00fcn\u00fc d\u00fcnya \u00e7ap\u0131nda \u015fempanzelerle ilgili ke\u015fifleriyle tan\u0131nan Dr. Jane Goodall\u2019un yazd\u0131\u011f\u0131 bu kitap; primatlar\u0131n kim oldu\u011funu, primatolojinin kendine has bir disiplin olarak ortaya \u00e7\u0131k\u0131\u015f s\u00fcrecini ve bir disiplin olarak bilim d\u00fcnyas\u0131nda kendine nas\u0131l bir yer buldu\u011funu, primatlar\u0131n k\u00f6kenini, evrimsel s\u00fcre\u00e7lerini ve karma\u015f\u0131k primat taksonomisini, \u00e7e\u015fitli primatlar\u0131n fiziksel \u00f6zellikleri, ya\u015fam alanlar\u0131, sosyal davran\u0131\u015flar\u0131, beslenme bi\u00e7imleri ve korunma stat\u00fclerinitart\u0131\u015f\u0131yor. Bunlar\u0131n yan\u0131 s\u0131ra primatoloji \u00e7al\u0131\u015fmalar\u0131nda kullan\u0131lan farkl\u0131 y\u00f6ntemler hakk\u0131nda bilgi veriyor ve bunlar\u0131 birinci elden deneyimleyen, T\u00fcrkiye\u2019den 4 kad\u0131n ara\u015ft\u0131rmac\u0131 taraf\u0131ndan farkl\u0131 zamanlarda farkl\u0131 yerlerde ve farkl\u0131 t\u00fcrlerle ger\u00e7ekle\u015ftirilmi\u015f saha \u00e7al\u0131\u015fmalar\u0131n\u0131 zorluklar\u0131 ve g\u00fczellikleriyle beraber anlat\u0131yor. Primatlar\u0131n \u0130zinde, primatlar\u0131n d\u00fcnyas\u0131na bir kap\u0131 aralarken, okuyuculara primatlar\u0131 tan\u0131man\u0131n, evrimsel ve tarihsel s\u00fcre\u00e7lerimizi birlikte ke\u015ffetmenin heyecan\u0131yla, hayatlar\u0131m\u0131z\u0131 onlarla uyum i\u00e7inde d\u00fczenlemenin yollar\u0131n\u0131 bulma f\u0131rsat\u0131 sunuyor! <\/p>\n","protected":false},"excerpt":{"rendered":"<p>Primatlar kimdir? Milyonlarca y\u0131ld\u0131r gezegende ya\u015fayan, ancak insanlar\u0131n g\u00f6rece yeni denilebilecek bir ili\u015fki kurdu\u011fu primatlar\u0131 anlamak m\u00fcmk\u00fcn m\u00fcd\u00fcr? Tarihsel s\u00fcre\u00e7lere bakt\u0131\u011f\u0131m\u0131zda primatlara dair ve primatoloji alan\u0131ndaki<span class=\"excerpt-hellip\"> [\u2026]<\/span><\/p>\n","protected":false},"featured_media":0,"template":"","meta":{"_monsterinsights_skip_tracking":false,"_monsterinsights_sitenote_active":false,"_monsterinsights_sitenote_note":"","_monsterinsights_sitenote_category":0},"product_brand":[],"product_cat":[13005],"product_tag":[],"class_list":{"0":"post-757390","1":"product","2":"type-product","3":"status-publish","5":"product_cat-bilim-muhendislik","6":"pa_cilt-ciltsiz","7":"pa_tur-kitap","8":"pa_yayinevi-ginko-kitap","9":"pa_yazar-aslihan-niksarli","11":"first","12":"instock","13":"sale","14":"shipping-taxable","15":"purchasable","16":"product-type-simple"},"_links":{"self":[{"href":"https:\/\/roveyayinevi.com.tr\/index.php\/wp-json\/wp\/v2\/product\/757390","targetHints":{"allow":["GET"]}}],"collection":[{"href":"https:\/\/roveyayinevi.com.tr\/index.php\/wp-json\/wp\/v2\/product"}],"about":[{"href":"https:\/\/roveyayinevi.com.tr\/index.php\/wp-json\/wp\/v2\/types\/product"}],"wp:attachment":[{"href":"https:\/\/roveyayinevi.com.tr\/index.php\/wp-json\/wp\/v2\/media?parent=757390"}],"wp:term":[{"taxonomy":"product_brand","embeddable":true,"href":"https:\/\/roveyayinevi.com.tr\/index.php\/wp-json\/wp\/v2\/product_brand?post=757390"},{"taxonomy":"product_cat","embeddable":true,"href":"https:\/\/roveyayinevi.com.tr\/index.php\/wp-json\/wp\/v2\/product_cat?post=757390"},{"taxonomy":"product_tag","embeddable":true,"href":"https:\/\/roveyayinevi.com.tr\/index.php\/wp-json\/wp\/v2\/product_tag?post=757390"}],"curies":[{"name":"wp","href":"https:\/\/api.w.org\/{rel}","templated":true}]}}