{"id":757389,"date":"2025-08-28T07:34:24","date_gmt":"2025-08-28T04:34:24","guid":{"rendered":"https:\/\/roveyayinevi.com.tr\/index.php\/urun\/aleviler-din-beden-cinsiyet\/"},"modified":"2025-11-21T10:00:59","modified_gmt":"2025-11-21T07:00:59","slug":"aleviler-din-beden-cinsiyet","status":"publish","type":"product","link":"https:\/\/roveyayinevi.com.tr\/index.php\/urun\/aleviler-din-beden-cinsiyet\/","title":{"rendered":"Aleviler: Din, Beden Cinsiyet"},"content":{"rendered":"<p>Cinsiyet ve toplumsal cinsiyet e\u015fitsizli\u011fi sorunu, Alevilik a\u00e7\u0131s\u0131ndan, sosyo-k\u00fclt\u00fcrel alan\u0131n ba\u011fla\u015f\u0131\u011f\u0131 m\u0131d\u0131r, yoksa Alevi dinselli\u011finin deneyimlenme bi\u00e7imleriyle ili\u015fkili midir? Gerek kentle\u015fme, gerekse en geni\u015f anlam\u0131yla modernle\u015fmeyle ba\u015f etme konusunda Alevilerin b\u00fcy\u00fck y\u00fck\u00fcn\u00fc kad\u0131nlar \u00e7ekti\u011fi halde, Alevili\u011fin kurucu mitik anlat\u0131lar\u0131nda kad\u0131nlar ve di\u015fil unsurlar ba\u015fta geldi\u011fi halde Alevilerde kad\u0131n eme\u011finin g\u00f6r\u00fcnmez k\u0131l\u0131nmas\u0131n\u0131, eril\/erkek s\u00f6z\u00fcn kad\u0131n\u0131 susturmas\u0131n\u0131 nas\u0131l a\u00e7\u0131klamak gerekir? Alevi hareketi i\u00e7indeki eril ve heteronormatif s\u00f6ylemlerle\/pratiklerle y\u00fczle\u015fmenin zaman\u0131 gelmedi mi? Bu y\u00fczle\u015fmeden ka\u00e7\u0131n\u0131ld\u0131\u011f\u0131 \u00f6l\u00e7\u00fcde Alevi hareketinin b\u00fct\u00fcn y\u00fczeylerine yay\u0131lan erille\u015fmenin Alevili\u011fin her d\u00fczeyini de istila etmeye ba\u015flad\u0131\u011f\u0131na ili\u015fkin tehlike \u00e7anlar\u0131 \u00e7oktand\u0131r \u00e7alm\u0131yor mu?     Elinizdeki kitap, kendisi de ezilen bir topluluk olan Alevilerin, T\u00fcrkiye toplumundaki e\u015fitsizlik ve tahakk\u00fcm ili\u015fkilerinin \u00fcretimindeki rol\u00fcn\u00fc tart\u0131\u015f\u0131yor. \u00c7uvald\u0131z\u0131 \u00e7o\u011funlukla Alevilere bat\u0131ran kitaptaki yaz\u0131lar, Alevileri e\u015fitsizli\u011fi \u00fcreten toplumun bir par\u00e7as\u0131 olarak ele al\u0131yor; Alevi hareketi i\u00e7indeki etnik kimlik, inan\u00e7, ya\u015f, dil, cinsiyet kimli\u011fi ve cinsel y\u00f6nelim temelli ayr\u0131mc\u0131l\u0131k \u00f6rneklerini  irdeleyerek okurunu Alevili\u011fin kurucu e\u015fitlik\u00e7i yap\u0131s\u0131n\u0131n eril s\u00f6ylem taraf\u0131ndan a\u015f\u0131nd\u0131r\u0131lmas\u0131yla, yaln\u0131zca cinsiyet\u00e7ilik ba\u011flam\u0131nda de\u011fil, her t\u00fcr negatif ayr\u0131mc\u0131l\u0131\u011fa ve e\u015fitsizlik\u00e7ili\u011fe kap\u0131n\u0131n ard\u0131na kadar a\u00e7\u0131lmakta oldu\u011funu fark etmeye \u00e7a\u011f\u0131r\u0131yor.     Alevilerin, cinsiyet kimli\u011fi ve cinsel y\u00f6nelimleri sebebiyle ayr\u0131\u015ft\u0131r\u0131lan kesimlerle bir araya gelerek her t\u00fcrl\u00fc ayr\u0131mc\u0131l\u0131\u011fa kar\u015f\u0131 ortak bir cephe kurmas\u0131n\u0131n zeminini ara\u015ft\u0131ran kitap; her t\u00fcr negatif ayr\u0131mc\u0131l\u0131\u011fa kar\u015f\u0131, do\u011frudan bedenleri siyasal m\u00fccadelenin en \u00f6nemli alanlar\u0131ndan biri olarak i\u015faret ederken toplumsal bir bilin\u00e7 geli\u015ftirmek yolunda al\u00e7akg\u00f6n\u00fcll\u00fc bir eser niteli\u011finde. <\/p>\n","protected":false},"excerpt":{"rendered":"<p>Cinsiyet ve toplumsal cinsiyet e\u015fitsizli\u011fi sorunu, Alevilik a\u00e7\u0131s\u0131ndan, sosyo-k\u00fclt\u00fcrel alan\u0131n ba\u011fla\u015f\u0131\u011f\u0131 m\u0131d\u0131r, yoksa Alevi dinselli\u011finin deneyimlenme bi\u00e7imleriyle ili\u015fkili midir? Gerek kentle\u015fme, gerekse en geni\u015f anlam\u0131yla modernle\u015fmeyle<span class=\"excerpt-hellip\"> [\u2026]<\/span><\/p>\n","protected":false},"featured_media":0,"template":"","meta":{"_monsterinsights_skip_tracking":false,"_monsterinsights_sitenote_active":false,"_monsterinsights_sitenote_note":"","_monsterinsights_sitenote_category":0},"product_brand":[],"product_cat":[12325,12324],"product_tag":[],"class_list":{"0":"post-757389","1":"product","2":"type-product","3":"status-publish","5":"product_cat-diger-sosyoloji","6":"product_cat-sosyoloji","7":"pa_cilt-ciltsiz","8":"pa_tur-kitap","9":"pa_yayinevi-dipnot-yayinlari","10":"pa_yazar-cilem-kucukkeles-ayhan-yalcinkaya","12":"first","13":"instock","14":"sale","15":"shipping-taxable","16":"purchasable","17":"product-type-simple"},"_links":{"self":[{"href":"https:\/\/roveyayinevi.com.tr\/index.php\/wp-json\/wp\/v2\/product\/757389","targetHints":{"allow":["GET"]}}],"collection":[{"href":"https:\/\/roveyayinevi.com.tr\/index.php\/wp-json\/wp\/v2\/product"}],"about":[{"href":"https:\/\/roveyayinevi.com.tr\/index.php\/wp-json\/wp\/v2\/types\/product"}],"wp:attachment":[{"href":"https:\/\/roveyayinevi.com.tr\/index.php\/wp-json\/wp\/v2\/media?parent=757389"}],"wp:term":[{"taxonomy":"product_brand","embeddable":true,"href":"https:\/\/roveyayinevi.com.tr\/index.php\/wp-json\/wp\/v2\/product_brand?post=757389"},{"taxonomy":"product_cat","embeddable":true,"href":"https:\/\/roveyayinevi.com.tr\/index.php\/wp-json\/wp\/v2\/product_cat?post=757389"},{"taxonomy":"product_tag","embeddable":true,"href":"https:\/\/roveyayinevi.com.tr\/index.php\/wp-json\/wp\/v2\/product_tag?post=757389"}],"curies":[{"name":"wp","href":"https:\/\/api.w.org\/{rel}","templated":true}]}}