{"id":757388,"date":"2025-08-28T07:34:22","date_gmt":"2025-08-28T04:34:22","guid":{"rendered":"https:\/\/roveyayinevi.com.tr\/index.php\/urun\/national-geographic-kids-kultur-kitaplari-seti-4-kitap\/"},"modified":"2026-04-16T03:10:39","modified_gmt":"2026-04-16T00:10:39","slug":"national-geographic-kids-kultur-kitaplari-seti-4-kitap","status":"publish","type":"product","link":"https:\/\/roveyayinevi.com.tr\/index.php\/urun\/national-geographic-kids-kultur-kitaplari-seti-4-kitap\/","title":{"rendered":"National Geographic Kids K\u00fclt\u00fcr Kitaplar\u0131 Seti 4 Kitap"},"content":{"rendered":"<p>Merakl\u0131 \u00e7ocuklar i\u00e7in kolay okuyabilecekleri kitaplar. Seviye Kitaplar\u0131 Kendi Ba\u015flar\u0131na okumaya yeni Ba\u015flam\u0131\u015f olan \u00c7ocuklar \u0130\u00e7in Haz\u0131rlanm\u0131\u015ft\u0131r   National Geographic Kids \u2013 Nikola Tesla   National Geographic Kids \u2013 Arkeolog Kimdir?   National Geographic Kids \u2013 Albert Einstein   National Geographic Kids \u2013 Kleopatra <\/p>\n","protected":false},"excerpt":{"rendered":"<p>Merakl\u0131 \u00e7ocuklar i\u00e7in kolay okuyabilecekleri kitaplar. Seviye Kitaplar\u0131 Kendi Ba\u015flar\u0131na okumaya yeni Ba\u015flam\u0131\u015f olan \u00c7ocuklar \u0130\u00e7in Haz\u0131rlanm\u0131\u015ft\u0131r National Geographic Kids \u2013 Nikola Tesla National Geographic Kids<span class=\"excerpt-hellip\"> [\u2026]<\/span><\/p>\n","protected":false},"featured_media":0,"template":"","meta":{"_monsterinsights_skip_tracking":false,"_monsterinsights_sitenote_active":false,"_monsterinsights_sitenote_note":"","_monsterinsights_sitenote_category":0},"product_brand":[],"product_cat":[12274,15842],"product_tag":[],"class_list":{"0":"post-757388","1":"product","2":"type-product","3":"status-publish","5":"product_cat-cocuk-ve-genclik-kitaplari","6":"product_cat-egitici-kitaplar","7":"pa_cilt-ciltsiz","8":"pa_tur-kitap","9":"pa_yayinevi-beta-kids","10":"pa_yazar-melissa-stewart-susan-b-neuman","12":"first","13":"instock","14":"sale","15":"shipping-taxable","16":"purchasable","17":"product-type-simple"},"_links":{"self":[{"href":"https:\/\/roveyayinevi.com.tr\/index.php\/wp-json\/wp\/v2\/product\/757388","targetHints":{"allow":["GET"]}}],"collection":[{"href":"https:\/\/roveyayinevi.com.tr\/index.php\/wp-json\/wp\/v2\/product"}],"about":[{"href":"https:\/\/roveyayinevi.com.tr\/index.php\/wp-json\/wp\/v2\/types\/product"}],"wp:attachment":[{"href":"https:\/\/roveyayinevi.com.tr\/index.php\/wp-json\/wp\/v2\/media?parent=757388"}],"wp:term":[{"taxonomy":"product_brand","embeddable":true,"href":"https:\/\/roveyayinevi.com.tr\/index.php\/wp-json\/wp\/v2\/product_brand?post=757388"},{"taxonomy":"product_cat","embeddable":true,"href":"https:\/\/roveyayinevi.com.tr\/index.php\/wp-json\/wp\/v2\/product_cat?post=757388"},{"taxonomy":"product_tag","embeddable":true,"href":"https:\/\/roveyayinevi.com.tr\/index.php\/wp-json\/wp\/v2\/product_tag?post=757388"}],"curies":[{"name":"wp","href":"https:\/\/api.w.org\/{rel}","templated":true}]}}