{"id":757386,"date":"2025-08-28T07:34:19","date_gmt":"2025-08-28T04:34:19","guid":{"rendered":"https:\/\/roveyayinevi.com.tr\/index.php\/urun\/national-geographic-kids-okuma-kitaplari-seviye-1-tatli-hayvanlar-seti-5-kitap\/"},"modified":"2026-04-16T03:10:39","modified_gmt":"2026-04-16T00:10:39","slug":"national-geographic-kids-okuma-kitaplari-seviye-1-tatli-hayvanlar-seti-5-kitap","status":"publish","type":"product","link":"https:\/\/roveyayinevi.com.tr\/index.php\/urun\/national-geographic-kids-okuma-kitaplari-seviye-1-tatli-hayvanlar-seti-5-kitap\/","title":{"rendered":"National Geographic Kids Okuma Kitaplar\u0131 Seviye 1 Tatl\u0131 Hayvanlar Seti 5 Kitap"},"content":{"rendered":"<p>Merakl\u0131 \u00e7ocuklar i\u00e7in kolay okuyabilecekleri kitaplar. Seviye 1 Kitaplar\u0131 Kendi Ba\u015flar\u0131na okumaya yeni Ba\u015flam\u0131\u015f olan \u00c7ocuklar \u0130\u00e7in Haz\u0131rlanm\u0131\u015ft\u0131r   National Geographic Kids &#8211; Ormanda   National Geographic Kids &#8211; Kediler   National Geographic Kids &#8211; \u00c7iftlik Hayvanlar\u0131   National Geographic Kids &#8211; Koalalar   National Geographic Kids &#8211; Midilliler <\/p>\n","protected":false},"excerpt":{"rendered":"<p>Merakl\u0131 \u00e7ocuklar i\u00e7in kolay okuyabilecekleri kitaplar. Seviye 1 Kitaplar\u0131 Kendi Ba\u015flar\u0131na okumaya yeni Ba\u015flam\u0131\u015f olan \u00c7ocuklar \u0130\u00e7in Haz\u0131rlanm\u0131\u015ft\u0131r National Geographic Kids &#8211; Ormanda National Geographic Kids<span class=\"excerpt-hellip\"> [\u2026]<\/span><\/p>\n","protected":false},"featured_media":0,"template":"","meta":{"_monsterinsights_skip_tracking":false,"_monsterinsights_sitenote_active":false,"_monsterinsights_sitenote_note":"","_monsterinsights_sitenote_category":0},"product_brand":[],"product_cat":[12274,15842],"product_tag":[],"class_list":{"0":"post-757386","1":"product","2":"type-product","3":"status-publish","5":"product_cat-cocuk-ve-genclik-kitaplari","6":"product_cat-egitici-kitaplar","7":"pa_cilt-ciltsiz","8":"pa_tur-kitap","9":"pa_yayinevi-beta-kids","10":"pa_yazar-melissa-stewart-susan-b-neuman","12":"first","13":"instock","14":"sale","15":"shipping-taxable","16":"purchasable","17":"product-type-simple"},"_links":{"self":[{"href":"https:\/\/roveyayinevi.com.tr\/index.php\/wp-json\/wp\/v2\/product\/757386","targetHints":{"allow":["GET"]}}],"collection":[{"href":"https:\/\/roveyayinevi.com.tr\/index.php\/wp-json\/wp\/v2\/product"}],"about":[{"href":"https:\/\/roveyayinevi.com.tr\/index.php\/wp-json\/wp\/v2\/types\/product"}],"wp:attachment":[{"href":"https:\/\/roveyayinevi.com.tr\/index.php\/wp-json\/wp\/v2\/media?parent=757386"}],"wp:term":[{"taxonomy":"product_brand","embeddable":true,"href":"https:\/\/roveyayinevi.com.tr\/index.php\/wp-json\/wp\/v2\/product_brand?post=757386"},{"taxonomy":"product_cat","embeddable":true,"href":"https:\/\/roveyayinevi.com.tr\/index.php\/wp-json\/wp\/v2\/product_cat?post=757386"},{"taxonomy":"product_tag","embeddable":true,"href":"https:\/\/roveyayinevi.com.tr\/index.php\/wp-json\/wp\/v2\/product_tag?post=757386"}],"curies":[{"name":"wp","href":"https:\/\/api.w.org\/{rel}","templated":true}]}}