{"id":757385,"date":"2025-08-28T07:34:17","date_gmt":"2025-08-28T04:34:17","guid":{"rendered":"https:\/\/roveyayinevi.com.tr\/index.php\/urun\/agave\/"},"modified":"2026-04-16T03:10:39","modified_gmt":"2026-04-16T00:10:39","slug":"agave","status":"publish","type":"product","link":"https:\/\/roveyayinevi.com.tr\/index.php\/urun\/agave\/","title":{"rendered":"Agave"},"content":{"rendered":"<p>Bir par\u00e7ac\u0131k \u0131\u015f\u0131k getir Bir g\u00f6\u011f\u00fcsl\u00fck nefes ol K\u00f6klerimin k\u0131lcallar\u0131 kurudu Kayalar\u0131n aras\u0131ndan bir yol bul S\u0131z i\u00e7ime Agave.   Ben seni y\u0131ld\u0131zlardan \u00f6\u011frendim Karanl\u0131k gecelerimin ayd\u0131nl\u0131k duas\u0131yd\u0131n Agave Bekledi\u011fim son trenden inen Son yolcu sen ol Bana g\u00f6zlerimi getir Agave.   Gece ke\u015ffedilmemi\u015f Kanunlar, teoremler hep yalan \u00d6fkeli ve dayanakl\u0131 sald\u0131r\u0131lar var \u00fcst\u00fcme Ba\u015fka \u0131\u015f\u0131klara inanm\u0131yor insanlar Ba\u015fka renklere.   \u00d6rten ve de\u011fi\u015ftiren g\u00fcz inad\u0131na \u00c7arpan ve \u00e7arp\u0131tan s\u00f6z inad\u0131na Kalpleri k\u00f6r eden g\u00f6z inad\u0131na Renk bah\u015fet g\u00fcllerime R\u00fczg\u00e2r ol k\u00fcllerime Uzat ellerini ellerime Uzat ellerini Agave.<\/p>\n","protected":false},"excerpt":{"rendered":"<p>Bir par\u00e7ac\u0131k \u0131\u015f\u0131k getir Bir g\u00f6\u011f\u00fcsl\u00fck nefes ol K\u00f6klerimin k\u0131lcallar\u0131 kurudu Kayalar\u0131n aras\u0131ndan bir yol bul S\u0131z i\u00e7ime Agave. Ben seni y\u0131ld\u0131zlardan \u00f6\u011frendim Karanl\u0131k gecelerimin ayd\u0131nl\u0131k<span class=\"excerpt-hellip\"> [\u2026]<\/span><\/p>\n","protected":false},"featured_media":0,"template":"","meta":{"_monsterinsights_skip_tracking":false,"_monsterinsights_sitenote_active":false,"_monsterinsights_sitenote_note":"","_monsterinsights_sitenote_category":0},"product_brand":[],"product_cat":[12291,12509],"product_tag":[],"class_list":{"0":"post-757385","1":"product","2":"type-product","3":"status-publish","5":"product_cat-edebiyat","6":"product_cat-siir","7":"pa_cilt-ciltsiz","8":"pa_tur-kitap","9":"pa_yayinevi-imbik-yayinlari","10":"pa_yazar-mahmut-hasgul","12":"first","13":"instock","14":"sale","15":"shipping-taxable","16":"purchasable","17":"product-type-simple"},"_links":{"self":[{"href":"https:\/\/roveyayinevi.com.tr\/index.php\/wp-json\/wp\/v2\/product\/757385","targetHints":{"allow":["GET"]}}],"collection":[{"href":"https:\/\/roveyayinevi.com.tr\/index.php\/wp-json\/wp\/v2\/product"}],"about":[{"href":"https:\/\/roveyayinevi.com.tr\/index.php\/wp-json\/wp\/v2\/types\/product"}],"wp:attachment":[{"href":"https:\/\/roveyayinevi.com.tr\/index.php\/wp-json\/wp\/v2\/media?parent=757385"}],"wp:term":[{"taxonomy":"product_brand","embeddable":true,"href":"https:\/\/roveyayinevi.com.tr\/index.php\/wp-json\/wp\/v2\/product_brand?post=757385"},{"taxonomy":"product_cat","embeddable":true,"href":"https:\/\/roveyayinevi.com.tr\/index.php\/wp-json\/wp\/v2\/product_cat?post=757385"},{"taxonomy":"product_tag","embeddable":true,"href":"https:\/\/roveyayinevi.com.tr\/index.php\/wp-json\/wp\/v2\/product_tag?post=757385"}],"curies":[{"name":"wp","href":"https:\/\/api.w.org\/{rel}","templated":true}]}}