{"id":757383,"date":"2025-08-28T07:34:13","date_gmt":"2025-08-28T04:34:13","guid":{"rendered":"https:\/\/roveyayinevi.com.tr\/index.php\/urun\/ayda\/"},"modified":"2026-04-16T03:10:39","modified_gmt":"2026-04-16T00:10:39","slug":"ayda","status":"publish","type":"product","link":"https:\/\/roveyayinevi.com.tr\/index.php\/urun\/ayda\/","title":{"rendered":"Ayda"},"content":{"rendered":"<p>\u201cBuradaki insanlar sadece bir kopya. D\u00fcnyaya vir\u00fcs yaymak i\u00e7in ailenle birlikte di\u011fer baz\u0131 insanlar\u0131 da kopyalam\u0131\u015flar.\u201d    Alya ve Mers yolculuk i\u00e7in haz\u0131rd\u0131r, Mers\u2019in babas\u0131n\u0131 bulmak i\u00e7in \u00e7\u0131kt\u0131klar\u0131 yolda galaksi d\u0131\u015f\u0131nda ba\u015flar\u0131na neler gelecek? Beklenmedik s\u00fcrprizler ve d\u00fcnyan\u0131n kaderini belirleyecek geli\u015fmeler. <\/p>\n","protected":false},"excerpt":{"rendered":"<p>\u201cBuradaki insanlar sadece bir kopya. D\u00fcnyaya vir\u00fcs yaymak i\u00e7in ailenle birlikte di\u011fer baz\u0131 insanlar\u0131 da kopyalam\u0131\u015flar.\u201d Alya ve Mers yolculuk i\u00e7in haz\u0131rd\u0131r, Mers\u2019in babas\u0131n\u0131 bulmak i\u00e7in<span class=\"excerpt-hellip\"> [\u2026]<\/span><\/p>\n","protected":false},"featured_media":0,"template":"","meta":{"_monsterinsights_skip_tracking":false,"_monsterinsights_sitenote_active":false,"_monsterinsights_sitenote_note":"","_monsterinsights_sitenote_category":0},"product_brand":[],"product_cat":[12291,14777],"product_tag":[],"class_list":{"0":"post-757383","1":"product","2":"type-product","3":"status-publish","5":"product_cat-edebiyat","6":"product_cat-fantastik","7":"pa_cilt-ciltsiz","8":"pa_tur-kitap","9":"pa_yayinevi-hazer-yayinlari","10":"pa_yazar-nesrin-hazer","12":"first","13":"instock","14":"sale","15":"shipping-taxable","16":"purchasable","17":"product-type-simple"},"_links":{"self":[{"href":"https:\/\/roveyayinevi.com.tr\/index.php\/wp-json\/wp\/v2\/product\/757383","targetHints":{"allow":["GET"]}}],"collection":[{"href":"https:\/\/roveyayinevi.com.tr\/index.php\/wp-json\/wp\/v2\/product"}],"about":[{"href":"https:\/\/roveyayinevi.com.tr\/index.php\/wp-json\/wp\/v2\/types\/product"}],"wp:attachment":[{"href":"https:\/\/roveyayinevi.com.tr\/index.php\/wp-json\/wp\/v2\/media?parent=757383"}],"wp:term":[{"taxonomy":"product_brand","embeddable":true,"href":"https:\/\/roveyayinevi.com.tr\/index.php\/wp-json\/wp\/v2\/product_brand?post=757383"},{"taxonomy":"product_cat","embeddable":true,"href":"https:\/\/roveyayinevi.com.tr\/index.php\/wp-json\/wp\/v2\/product_cat?post=757383"},{"taxonomy":"product_tag","embeddable":true,"href":"https:\/\/roveyayinevi.com.tr\/index.php\/wp-json\/wp\/v2\/product_tag?post=757383"}],"curies":[{"name":"wp","href":"https:\/\/api.w.org\/{rel}","templated":true}]}}