{"id":757379,"date":"2025-08-28T07:34:06","date_gmt":"2025-08-28T04:34:06","guid":{"rendered":"https:\/\/roveyayinevi.com.tr\/index.php\/urun\/bir-solukta-ekonomi\/"},"modified":"2026-04-16T03:10:39","modified_gmt":"2026-04-16T00:10:39","slug":"bir-solukta-ekonomi","status":"publish","type":"product","link":"https:\/\/roveyayinevi.com.tr\/index.php\/urun\/bir-solukta-ekonomi\/","title":{"rendered":"Bir Solukta Ekonomi"},"content":{"rendered":"<p>Her \u015fey g\u00fcn ge\u00e7tik\u00e7e pahalan\u0131yor ve \u00e7o\u011fumuz \u00e7ok \u00e7al\u0131\u015fsak da fakirle\u015fiyoruz. Bu nas\u0131l oluyor? Sorunun yan\u0131t\u0131n\u0131 merak ediyorsan\u0131z ve enflasyonun nereden kaynakland\u0131\u011f\u0131n\u0131, durgunluklara neyin sebep oldu\u011funu, borsan\u0131n neden bu kadar \u00f6ng\u00f6r\u00fclemez oldu\u011funu \u00f6\u011frenmenin zaman\u0131 geldi diye d\u00fc\u015f\u00fcn\u00fcyorsan\u0131z, ba\u015fka yere bakmay\u0131n. Bir Solukta Ekonomi, sizi mikro ve makro ekonominin temelleri konusunda bilgilendirecek ve anla\u015f\u0131lmas\u0131 kolay \u00f6rneklerle vergi, ticaret, yat\u0131r\u0131m ve finans d\u00fcnyas\u0131n\u0131n s\u0131rlar\u0131n\u0131 \u00e7\u00f6zmenizi sa\u011flayacak. Ekonomi ekonomistlere b\u0131rak\u0131lamayacak kadar ciddi bir i\u015f oldu\u011fundan, sizin de temel ekonomi bilgisine sahip olman\u0131zda fayda var. <\/p>\n","protected":false},"excerpt":{"rendered":"<p>Her \u015fey g\u00fcn ge\u00e7tik\u00e7e pahalan\u0131yor ve \u00e7o\u011fumuz \u00e7ok \u00e7al\u0131\u015fsak da fakirle\u015fiyoruz. Bu nas\u0131l oluyor? Sorunun yan\u0131t\u0131n\u0131 merak ediyorsan\u0131z ve enflasyonun nereden kaynakland\u0131\u011f\u0131n\u0131, durgunluklara neyin sebep oldu\u011funu,<span class=\"excerpt-hellip\"> [\u2026]<\/span><\/p>\n","protected":false},"featured_media":0,"template":"","meta":{"_monsterinsights_skip_tracking":false,"_monsterinsights_sitenote_active":false,"_monsterinsights_sitenote_note":"","_monsterinsights_sitenote_category":0},"product_brand":[],"product_cat":[13043],"product_tag":[],"class_list":{"0":"post-757379","1":"product","2":"type-product","3":"status-publish","5":"product_cat-ekonomi","6":"pa_cilt-ciltsiz","7":"pa_tur-kitap","8":"pa_yayinevi-say-yayinlari","9":"pa_yazar-shaun-rusk","11":"first","12":"instock","13":"sale","14":"shipping-taxable","15":"purchasable","16":"product-type-simple"},"_links":{"self":[{"href":"https:\/\/roveyayinevi.com.tr\/index.php\/wp-json\/wp\/v2\/product\/757379","targetHints":{"allow":["GET"]}}],"collection":[{"href":"https:\/\/roveyayinevi.com.tr\/index.php\/wp-json\/wp\/v2\/product"}],"about":[{"href":"https:\/\/roveyayinevi.com.tr\/index.php\/wp-json\/wp\/v2\/types\/product"}],"wp:attachment":[{"href":"https:\/\/roveyayinevi.com.tr\/index.php\/wp-json\/wp\/v2\/media?parent=757379"}],"wp:term":[{"taxonomy":"product_brand","embeddable":true,"href":"https:\/\/roveyayinevi.com.tr\/index.php\/wp-json\/wp\/v2\/product_brand?post=757379"},{"taxonomy":"product_cat","embeddable":true,"href":"https:\/\/roveyayinevi.com.tr\/index.php\/wp-json\/wp\/v2\/product_cat?post=757379"},{"taxonomy":"product_tag","embeddable":true,"href":"https:\/\/roveyayinevi.com.tr\/index.php\/wp-json\/wp\/v2\/product_tag?post=757379"}],"curies":[{"name":"wp","href":"https:\/\/api.w.org\/{rel}","templated":true}]}}