{"id":757378,"date":"2025-08-28T07:34:05","date_gmt":"2025-08-28T04:34:05","guid":{"rendered":"https:\/\/roveyayinevi.com.tr\/index.php\/urun\/kendin-olmak-cesaret-ister\/"},"modified":"2026-04-11T14:25:40","modified_gmt":"2026-04-11T11:25:40","slug":"kendin-olmak-cesaret-ister","status":"publish","type":"product","link":"https:\/\/roveyayinevi.com.tr\/index.php\/urun\/kendin-olmak-cesaret-ister\/","title":{"rendered":"Kendin Olmak Cesaret \u0130ster"},"content":{"rendered":"<p>Cesaret, korkunun yoklu\u011fu de\u011fildir. Daha ziyade, korkunun varl\u0131\u011f\u0131n\u0131n tam olarak fark\u0131nda olunmas\u0131 ve ona ra\u011fmen se\u00e7imler yapmakt\u0131r. OSHO, bu kitap arac\u0131l\u0131\u011f\u0131yla okurlar\u0131n\u0131, korkular\u0131n\u0131n kayna\u011f\u0131na bakmaya ve ya\u015fam yolunu, kendi ger\u00e7e\u011fine sahip \u00e7\u0131karak y\u00fcr\u00fcmeye davet ediyor. Kendin Olmak Cesaret \u0130ster kitab\u0131, \u00f6zg\u00fcn ve tatmin edici ya\u015famlar s\u00fcrmemizi sa\u011flayan i\u00e7sel cesareti tan\u0131mak ve ona sahip \u00e7\u0131kmak i\u00e7in okura g\u00fc\u00e7l\u00fc bir \u00e7a\u011fr\u0131 yap\u0131yor. Bu \u00e7a\u011fr\u0131, de\u011fi\u015fim zaman\u0131 geldi\u011finde evet deme cesareti, ba\u015fkalar\u0131n\u0131n g\u00f6r\u00fc\u015fleriyle \u00e7at\u0131\u015f\u0131yor olsa bile kendi ger\u00e7e\u011fimizi savunma cesareti ve korkular\u0131m\u0131za ra\u011fmen bilinmeyeni kucaklama cesaretine dair, cesur bir davet. Kendin olmay\u0131 se\u00e7mek ne demektir? Ne zaman bir se\u00e7im yapmak gerekirse, fark\u0131nda ol. Elveri\u015fli, rahat, sayg\u0131n olan\u0131, toplumsal olarak kabul ve itibar g\u00f6reni se\u00e7me. Kalbinde bir \u0131\u015f\u0131k yakan \u015feyi se\u00e7. T\u00fcm sonu\u00e7lar\u0131na ra\u011fmen, yapmak isteyece\u011fin \u015feyi se\u00e7. <\/p>\n","protected":false},"excerpt":{"rendered":"<p>Cesaret, korkunun yoklu\u011fu de\u011fildir. Daha ziyade, korkunun varl\u0131\u011f\u0131n\u0131n tam olarak fark\u0131nda olunmas\u0131 ve ona ra\u011fmen se\u00e7imler yapmakt\u0131r. OSHO, bu kitap arac\u0131l\u0131\u011f\u0131yla okurlar\u0131n\u0131, korkular\u0131n\u0131n kayna\u011f\u0131na bakmaya ve<span class=\"excerpt-hellip\"> [\u2026]<\/span><\/p>\n","protected":false},"featured_media":0,"template":"","meta":{"_monsterinsights_skip_tracking":false,"_monsterinsights_sitenote_active":false,"_monsterinsights_sitenote_note":"","_monsterinsights_sitenote_category":0},"product_brand":[],"product_cat":[12364,12376],"product_tag":[],"class_list":{"0":"post-757378","1":"product","2":"type-product","3":"status-publish","5":"product_cat-genel-konular","6":"product_cat-kisisel-gelisim","7":"pa_cilt-ciltsiz","8":"pa_tur-kitap","9":"pa_yayinevi-omega","10":"pa_yazar-osho","12":"first","13":"instock","14":"sale","15":"shipping-taxable","16":"purchasable","17":"product-type-simple"},"_links":{"self":[{"href":"https:\/\/roveyayinevi.com.tr\/index.php\/wp-json\/wp\/v2\/product\/757378","targetHints":{"allow":["GET"]}}],"collection":[{"href":"https:\/\/roveyayinevi.com.tr\/index.php\/wp-json\/wp\/v2\/product"}],"about":[{"href":"https:\/\/roveyayinevi.com.tr\/index.php\/wp-json\/wp\/v2\/types\/product"}],"wp:attachment":[{"href":"https:\/\/roveyayinevi.com.tr\/index.php\/wp-json\/wp\/v2\/media?parent=757378"}],"wp:term":[{"taxonomy":"product_brand","embeddable":true,"href":"https:\/\/roveyayinevi.com.tr\/index.php\/wp-json\/wp\/v2\/product_brand?post=757378"},{"taxonomy":"product_cat","embeddable":true,"href":"https:\/\/roveyayinevi.com.tr\/index.php\/wp-json\/wp\/v2\/product_cat?post=757378"},{"taxonomy":"product_tag","embeddable":true,"href":"https:\/\/roveyayinevi.com.tr\/index.php\/wp-json\/wp\/v2\/product_tag?post=757378"}],"curies":[{"name":"wp","href":"https:\/\/api.w.org\/{rel}","templated":true}]}}