{"id":757377,"date":"2025-08-28T07:34:04","date_gmt":"2025-08-28T04:34:04","guid":{"rendered":"https:\/\/roveyayinevi.com.tr\/index.php\/urun\/bilimin-donum-noktalari\/"},"modified":"2026-04-16T03:10:39","modified_gmt":"2026-04-16T00:10:39","slug":"bilimin-donum-noktalari","status":"publish","type":"product","link":"https:\/\/roveyayinevi.com.tr\/index.php\/urun\/bilimin-donum-noktalari\/","title":{"rendered":"Bilimin D\u00f6nu\u0308m Noktalar\u0131"},"content":{"rendered":"<p>\u0130nsanl\u0131\u011f\u0131n en b\u00fcy\u00fck ba\u015far\u0131s\u0131 hi\u00e7 ku\u015fkusuz bilimdir. Bilimin D\u00f6n\u00fcm Noktalar\u0131, antik \u00e7a\u011fdan bug\u00fcne dek bilim tarihindeki en \u00f6nemli ve etkileyici bulu\u015flarla bunlar\u0131n arkas\u0131ndaki bilim insanlar\u0131n\u0131n k\u0131sa \u00f6yk\u00fclerini i\u00e7eriyor ve bilimin gelecekte insana neler verebilece\u011fine dair d\u00fc\u015f\u00fcnceler sunuyor. Astronomi, Yerk\u00fcre, Madde, Kuvvetler ve Enerji, Kimya, Ya\u015fam, Genetik ve DNA, \u0130nsan V\u00fccudu, Hastal\u0131klar ve . 21.Y\u00fczy\u0131lda Bilim ba\u015fl\u0131klar\u0131 alt\u0131nda ilgin\u00e7 hik\u00e2yeler anlatan yazar James D. Stein t\u00fcr\u00fcm\u00fcz\u00fcn en b\u00fcy\u00fck ba\u015far\u0131lar\u0131n\u0131 ilgi \u00e7ekici ve kapsaml\u0131 bir \u015fekilde sergiliyor. Bilimin D\u00f6n\u00fcm Noktalar\u0131\u2019nda bilim tarihine ge\u00e7mi\u015f g\u00f6zlemler, deneyler, teoriler, hipotezler, gaflar ve yan\u0131lg\u0131lar bulacaks\u0131n\u0131z. Engizisyon taraf\u0131ndan kitab\u0131yla birlikte yak\u0131lan, meslekta\u015flar\u0131n\u0131 \u00f6fkelendiren, kamuoyu tepkisinden \u00e7ekindi\u011fi i\u00e7in \u00e7al\u0131\u015fmas\u0131n\u0131 yay\u0131mlamaya cesaret edemeyen, kendi teorisine \u00e2\u015f\u0131k olan bilim insanlar\u0131n\u0131n \u00f6yk\u00fclerini okuyacaks\u0131n\u0131z.  <\/p>\n","protected":false},"excerpt":{"rendered":"<p>\u0130nsanl\u0131\u011f\u0131n en b\u00fcy\u00fck ba\u015far\u0131s\u0131 hi\u00e7 ku\u015fkusuz bilimdir. Bilimin D\u00f6n\u00fcm Noktalar\u0131, antik \u00e7a\u011fdan bug\u00fcne dek bilim tarihindeki en \u00f6nemli ve etkileyici bulu\u015flarla bunlar\u0131n arkas\u0131ndaki bilim insanlar\u0131n\u0131n k\u0131sa<span class=\"excerpt-hellip\"> [\u2026]<\/span><\/p>\n","protected":false},"featured_media":0,"template":"","meta":{"_monsterinsights_skip_tracking":false,"_monsterinsights_sitenote_active":false,"_monsterinsights_sitenote_note":"","_monsterinsights_sitenote_category":0},"product_brand":[],"product_cat":[13005],"product_tag":[],"class_list":{"0":"post-757377","1":"product","2":"type-product","3":"status-publish","5":"product_cat-bilim-muhendislik","6":"pa_cilt-ciltsiz","7":"pa_tur-kitap","8":"pa_yayinevi-say-yayinlari","9":"pa_yazar-james-d-stein","11":"first","12":"instock","13":"sale","14":"shipping-taxable","15":"purchasable","16":"product-type-simple"},"_links":{"self":[{"href":"https:\/\/roveyayinevi.com.tr\/index.php\/wp-json\/wp\/v2\/product\/757377","targetHints":{"allow":["GET"]}}],"collection":[{"href":"https:\/\/roveyayinevi.com.tr\/index.php\/wp-json\/wp\/v2\/product"}],"about":[{"href":"https:\/\/roveyayinevi.com.tr\/index.php\/wp-json\/wp\/v2\/types\/product"}],"wp:attachment":[{"href":"https:\/\/roveyayinevi.com.tr\/index.php\/wp-json\/wp\/v2\/media?parent=757377"}],"wp:term":[{"taxonomy":"product_brand","embeddable":true,"href":"https:\/\/roveyayinevi.com.tr\/index.php\/wp-json\/wp\/v2\/product_brand?post=757377"},{"taxonomy":"product_cat","embeddable":true,"href":"https:\/\/roveyayinevi.com.tr\/index.php\/wp-json\/wp\/v2\/product_cat?post=757377"},{"taxonomy":"product_tag","embeddable":true,"href":"https:\/\/roveyayinevi.com.tr\/index.php\/wp-json\/wp\/v2\/product_tag?post=757377"}],"curies":[{"name":"wp","href":"https:\/\/api.w.org\/{rel}","templated":true}]}}