{"id":757376,"date":"2025-08-28T07:34:01","date_gmt":"2025-08-28T04:34:01","guid":{"rendered":"https:\/\/roveyayinevi.com.tr\/index.php\/urun\/hilal-sehir-3-alev-ve-golge-hanesi\/"},"modified":"2026-04-16T03:10:39","modified_gmt":"2026-04-16T00:10:39","slug":"hilal-sehir-3-alev-ve-golge-hanesi","status":"publish","type":"product","link":"https:\/\/roveyayinevi.com.tr\/index.php\/urun\/hilal-sehir-3-alev-ve-golge-hanesi\/","title":{"rendered":"Hilal \u015eehir 3: Alev ve G\u00f6lge Hanesi"},"content":{"rendered":"<p>Z\u0130F\u0130R\u0130 KARANLIK B\u0130R D\u00dcNYA ALEV ALEV YANAN B\u0130R KIVILCIM I\u015eIL I\u015eIL PARLAYAN B\u0130R YILDIZ    #1 New York Times | #1 USA Today | #1 Publishers Weekly #1 Wall Street Journal | #1 Los Angeles Times    Bryce Quinlan, Midgard\u2019dan ba\u015fka bir d\u00fcnyay\u0131 g\u00f6rebilece\u011fini hi\u00e7 tahmin etmemi\u015fti; \u015fimdiyse tek istedi\u011fi Midgard\u2019a geri d\u00f6nmekti, \u00e7\u00fcnk\u00fc t\u00fcm sevdikleri oradayd\u0131: ailesi, arkada\u015flar\u0131 ve e\u015fi. Bu garip yeni d\u00fcnyada mahsur kalm\u0131\u015ft\u0131 ve zek\u00e2s\u0131ndan ba\u015fka g\u00fcvenebilece\u011fi hi\u00e7bir \u015fey yoktu. Hunt Athalar, kendini pek \u00e7ok kez derin bo\u015fluklarda bulmu\u015ftu ama bu sefer en derinine batm\u0131\u015ft\u0131. \u0130stedi\u011fi her \u015feye sahip oldu\u011fu k\u0131sac\u0131k bir s\u00fcrenin ard\u0131ndan kendini yine Asteri\u2019nin zindanlar\u0131nda buldu. \u00d6zg\u00fcrl\u00fc\u011f\u00fc elinden al\u0131nm\u0131\u015ft\u0131 ve Bryce\u2019\u0131n korkun\u00e7 kaderine dair hi\u00e7bir fikri yoktu. Ona yard\u0131m etmek istiyordu ama Asteri\u2019nin tasmas\u0131ndan kurtulana kadar elinden hi\u00e7bir \u015fey gelmeyecekti.   37 dile \u00e7evrilen Hilal \u015eehir\u2019in nefes kesici \u00fc\u00e7\u00fcnc\u00fc kitab\u0131 Alev ve G\u00f6lge Hanesi inan\u0131lmaz bir gelece\u011fe a\u00e7\u0131l\u0131yor.    \u201cHer f\u0131rsatta \u015fa\u015f\u0131rtan ba\u015f d\u00f6nd\u00fcr\u00fcc\u00fc, gerilim dolu bir girdap&#8230;\u201d   \u2014Entertainment Weekly   \u201cMaas\u2019\u0131n okurlar\u0131n\u0131n arad\u0131\u011f\u0131 t\u00fcm fantastik unsurlar, rengarenk \u00e7ok katmanl\u0131 kahramanlar, a\u015fk ve aksiyon dolu olay \u00f6rg\u00fcs\u00fc\u2026\u201d  \u2014Booklist   \u201cKeskin mizah ve i\u00e7in i\u00e7in yanan romantizmle tatland\u0131r\u0131lm\u0131\u015f, inan\u0131lmaz zengin bir hayal g\u00fcc\u00fc&#8230;\u201d \u2014Publishers Weekly     *Bryce ve Hunt hik\u00e2yeli kitap \u2013 Her kanalda sat\u0131\u015fa sunulacakt\u0131r. *Ember ve Randall hik\u00e2yeli kitap \u2013 Sadece Web\u2019te sat\u0131\u015fa sunulacakt\u0131r. <\/p>\n","protected":false},"excerpt":{"rendered":"<p>Z\u0130F\u0130R\u0130 KARANLIK B\u0130R D\u00dcNYA ALEV ALEV YANAN B\u0130R KIVILCIM I\u015eIL I\u015eIL PARLAYAN B\u0130R YILDIZ #1 New York Times | #1 USA Today | #1 Publishers Weekly<span class=\"excerpt-hellip\"> [\u2026]<\/span><\/p>\n","protected":false},"featured_media":0,"template":"","meta":{"_monsterinsights_skip_tracking":false,"_monsterinsights_sitenote_active":false,"_monsterinsights_sitenote_note":"","_monsterinsights_sitenote_category":0},"product_brand":[],"product_cat":[12291,14777],"product_tag":[],"class_list":{"0":"post-757376","1":"product","2":"type-product","3":"status-publish","5":"product_cat-edebiyat","6":"product_cat-fantastik","7":"pa_cilt-ciltsiz","8":"pa_tur-kitap","9":"pa_yayinevi-dex-yayinevi","10":"pa_yazar-sarah-j-maas","12":"first","13":"instock","14":"sale","15":"shipping-taxable","16":"purchasable","17":"product-type-simple"},"_links":{"self":[{"href":"https:\/\/roveyayinevi.com.tr\/index.php\/wp-json\/wp\/v2\/product\/757376","targetHints":{"allow":["GET"]}}],"collection":[{"href":"https:\/\/roveyayinevi.com.tr\/index.php\/wp-json\/wp\/v2\/product"}],"about":[{"href":"https:\/\/roveyayinevi.com.tr\/index.php\/wp-json\/wp\/v2\/types\/product"}],"wp:attachment":[{"href":"https:\/\/roveyayinevi.com.tr\/index.php\/wp-json\/wp\/v2\/media?parent=757376"}],"wp:term":[{"taxonomy":"product_brand","embeddable":true,"href":"https:\/\/roveyayinevi.com.tr\/index.php\/wp-json\/wp\/v2\/product_brand?post=757376"},{"taxonomy":"product_cat","embeddable":true,"href":"https:\/\/roveyayinevi.com.tr\/index.php\/wp-json\/wp\/v2\/product_cat?post=757376"},{"taxonomy":"product_tag","embeddable":true,"href":"https:\/\/roveyayinevi.com.tr\/index.php\/wp-json\/wp\/v2\/product_tag?post=757376"}],"curies":[{"name":"wp","href":"https:\/\/api.w.org\/{rel}","templated":true}]}}