{"id":757375,"date":"2025-08-28T07:34:00","date_gmt":"2025-08-28T04:34:00","guid":{"rendered":"https:\/\/roveyayinevi.com.tr\/index.php\/urun\/viyolonsel-icin-diziler-ve-arpejler\/"},"modified":"2026-04-16T03:10:39","modified_gmt":"2026-04-16T00:10:39","slug":"viyolonsel-icin-diziler-ve-arpejler","status":"publish","type":"product","link":"https:\/\/roveyayinevi.com.tr\/index.php\/urun\/viyolonsel-icin-diziler-ve-arpejler\/","title":{"rendered":"Viyolonsel i\u00e7in Diziler ve Arpejler"},"content":{"rendered":"<p>Viyolonsel i\u00e7in Diziler ve Arpejler isimli bu kitap, ba\u015flang\u0131\u00e7 seviyesindeki \u00f6\u011frencilerden ileri seviye viyolonsel icrac\u0131lar\u0131na kadar geni\u015f bir kesime hitap etmektedir. \u00dclkemiz ve d\u00fcnya genelinde diziler ve arpejler ile ilgili yap\u0131lan \u00f6nc\u00fc \u00e7al\u0131\u015fmalardan bas\u0131l\u0131 kaynaklar incelenmi\u015f ve \u00f6\u011frencilerin viyolonsel e\u011fitimi s\u00fcre\u00e7lerinde ihtiya\u00e7 duyabilecekleri t\u00fcm dizi ve arpejlere, ayr\u0131ca dizi \u00e7al\u0131\u015fmalar\u0131nda uygulanan temel yay tekniklerine de \u00f6rneklerle yer verilmi\u015ftir. Kitapta;   \u00b7         Diziler, alterasyon i\u015faretleri s\u0131ras\u0131na g\u00f6re s\u0131ralanmam\u0131\u015f,  bunun yerine her bir sesin \u00fczerine kurulan diziler ve arpejler \u015feklinde haz\u0131rlanm\u0131\u015ft\u0131r. \u00b7         B\u00fct\u00fcn diziler iki, \u00fc\u00e7 ve d\u00f6rt oktav maj\u00f6r, melodik, armonik min\u00f6r ve kromatik olarak haz\u0131rlanm\u0131\u015ft\u0131r. \u00b7         \u00c7ift ses diziler ise, \u00fc\u00e7l\u00fc, alt\u0131l\u0131, oktav ve onlu aral\u0131k ile maj\u00f6r ve melodik min\u00f6r olarak haz\u0131rlanm\u0131\u015ft\u0131r. \u00b7         Dizilerde kullan\u0131lan duatelerin b\u00fct\u00fcn gamlarda kolay ezberlenebilir olmas\u0131 hedeflenmi\u015ftir. \u00b7         Ayr\u0131ca, her sesin sonunda \u00e7al\u0131\u015f\u0131lan tonalitenin daha iyi kavranabilmesi a\u00e7\u0131s\u0131ndan \u00e7al\u0131\u015f\u0131lan sesin \u00fczerine kurulabilecek \u201cOnbir Arpej\u201d iki oktav \u015feklinde sunulmu\u015ftur. Viyolonsel i\u00e7in Diziler ve Arpejler kitab\u0131m\u0131z\u0131n t\u00fcm viyolonselistlere yararl\u0131 olmas\u0131 dile\u011fiyle\u2026 <\/p>\n","protected":false},"excerpt":{"rendered":"<p>Viyolonsel i\u00e7in Diziler ve Arpejler isimli bu kitap, ba\u015flang\u0131\u00e7 seviyesindeki \u00f6\u011frencilerden ileri seviye viyolonsel icrac\u0131lar\u0131na kadar geni\u015f bir kesime hitap etmektedir. \u00dclkemiz ve d\u00fcnya genelinde diziler<span class=\"excerpt-hellip\"> [\u2026]<\/span><\/p>\n","protected":false},"featured_media":0,"template":"","meta":{"_monsterinsights_skip_tracking":false,"_monsterinsights_sitenote_active":false,"_monsterinsights_sitenote_note":"","_monsterinsights_sitenote_category":0},"product_brand":[],"product_cat":[14556,20810],"product_tag":[],"class_list":{"0":"post-757375","1":"product","2":"type-product","3":"status-publish","5":"product_cat-muzik","6":"product_cat-ogrenim-kitaplari","7":"pa_cilt-ciltsiz","8":"pa_tur-kitap","9":"pa_yayinevi-muzik-egitimi-yayinlari","10":"pa_yazar-tanju-araboglu","12":"first","13":"instock","14":"sale","15":"shipping-taxable","16":"purchasable","17":"product-type-simple"},"_links":{"self":[{"href":"https:\/\/roveyayinevi.com.tr\/index.php\/wp-json\/wp\/v2\/product\/757375","targetHints":{"allow":["GET"]}}],"collection":[{"href":"https:\/\/roveyayinevi.com.tr\/index.php\/wp-json\/wp\/v2\/product"}],"about":[{"href":"https:\/\/roveyayinevi.com.tr\/index.php\/wp-json\/wp\/v2\/types\/product"}],"wp:attachment":[{"href":"https:\/\/roveyayinevi.com.tr\/index.php\/wp-json\/wp\/v2\/media?parent=757375"}],"wp:term":[{"taxonomy":"product_brand","embeddable":true,"href":"https:\/\/roveyayinevi.com.tr\/index.php\/wp-json\/wp\/v2\/product_brand?post=757375"},{"taxonomy":"product_cat","embeddable":true,"href":"https:\/\/roveyayinevi.com.tr\/index.php\/wp-json\/wp\/v2\/product_cat?post=757375"},{"taxonomy":"product_tag","embeddable":true,"href":"https:\/\/roveyayinevi.com.tr\/index.php\/wp-json\/wp\/v2\/product_tag?post=757375"}],"curies":[{"name":"wp","href":"https:\/\/api.w.org\/{rel}","templated":true}]}}