{"id":757374,"date":"2025-08-28T07:33:58","date_gmt":"2025-08-28T04:33:58","guid":{"rendered":"https:\/\/roveyayinevi.com.tr\/index.php\/urun\/kizil-dinozorlar\/"},"modified":"2026-04-16T03:10:38","modified_gmt":"2026-04-16T00:10:38","slug":"kizil-dinozorlar","status":"publish","type":"product","link":"https:\/\/roveyayinevi.com.tr\/index.php\/urun\/kizil-dinozorlar\/","title":{"rendered":"K\u0131z\u0131l Dinozorlar"},"content":{"rendered":"<p>K\u0131z\u0131l dinozorlar ile kara dinozorlar aras\u0131nda kalan k\u00f6yl\u00fcler, her g\u00fcn bir ba\u015fka korkuyla uyan\u0131rlar. Koyunlar\u0131n\u0131, ke\u00e7ilerini, s\u0131\u011f\u0131rlar\u0131 kaybederler. Her defas\u0131nda dinozorlardan canlar\u0131n\u0131 zor kurtar\u0131rlar.   Aylarca s\u00fcren \u00e7al\u0131\u015fmalar\u0131n sonucunda, etkili bir zehir bulurlar. Haz\u0131rlad\u0131klar\u0131 zehirli oklarla dinozorlara kar\u015f\u0131 savunmaya ge\u00e7erler. Ancak metrelerce uzunlu\u011fundaki dev dinozorlarla sava\u015fmak pek de kolay olmaz.    En sonunda dinozorlar\u0131n borazan sesinden korktuklar\u0131n\u0131 ke\u015ffederler. O andan itibaren her \u015fey de\u011fi\u015fmeye ba\u015flar. Borazanlar\u0131n\u0131 \u00f6tt\u00fcrerek dinozorlar\u0131 bozguna u\u011frat\u0131r, ne\u015feli g\u00fcnler ya\u015famaya ba\u015flarlar.<\/p>\n","protected":false},"excerpt":{"rendered":"<p>K\u0131z\u0131l dinozorlar ile kara dinozorlar aras\u0131nda kalan k\u00f6yl\u00fcler, her g\u00fcn bir ba\u015fka korkuyla uyan\u0131rlar. Koyunlar\u0131n\u0131, ke\u00e7ilerini, s\u0131\u011f\u0131rlar\u0131 kaybederler. Her defas\u0131nda dinozorlardan canlar\u0131n\u0131 zor kurtar\u0131rlar. Aylarca s\u00fcren<span class=\"excerpt-hellip\"> [\u2026]<\/span><\/p>\n","protected":false},"featured_media":0,"template":"","meta":{"_monsterinsights_skip_tracking":false,"_monsterinsights_sitenote_active":false,"_monsterinsights_sitenote_note":"","_monsterinsights_sitenote_category":0},"product_brand":[],"product_cat":[12291,14777],"product_tag":[],"class_list":{"0":"post-757374","1":"product","2":"type-product","3":"status-publish","5":"product_cat-edebiyat","6":"product_cat-fantastik","7":"pa_cilt-ciltsiz","8":"pa_tur-kitap","9":"pa_yayinevi-hazer-yayinlari","10":"pa_yazar-nihat-gokmen","12":"first","13":"instock","14":"sale","15":"shipping-taxable","16":"purchasable","17":"product-type-simple"},"_links":{"self":[{"href":"https:\/\/roveyayinevi.com.tr\/index.php\/wp-json\/wp\/v2\/product\/757374","targetHints":{"allow":["GET"]}}],"collection":[{"href":"https:\/\/roveyayinevi.com.tr\/index.php\/wp-json\/wp\/v2\/product"}],"about":[{"href":"https:\/\/roveyayinevi.com.tr\/index.php\/wp-json\/wp\/v2\/types\/product"}],"wp:attachment":[{"href":"https:\/\/roveyayinevi.com.tr\/index.php\/wp-json\/wp\/v2\/media?parent=757374"}],"wp:term":[{"taxonomy":"product_brand","embeddable":true,"href":"https:\/\/roveyayinevi.com.tr\/index.php\/wp-json\/wp\/v2\/product_brand?post=757374"},{"taxonomy":"product_cat","embeddable":true,"href":"https:\/\/roveyayinevi.com.tr\/index.php\/wp-json\/wp\/v2\/product_cat?post=757374"},{"taxonomy":"product_tag","embeddable":true,"href":"https:\/\/roveyayinevi.com.tr\/index.php\/wp-json\/wp\/v2\/product_tag?post=757374"}],"curies":[{"name":"wp","href":"https:\/\/api.w.org\/{rel}","templated":true}]}}