{"id":757373,"date":"2025-08-28T07:33:56","date_gmt":"2025-08-28T04:33:56","guid":{"rendered":"https:\/\/roveyayinevi.com.tr\/index.php\/urun\/kralin-hazinesi\/"},"modified":"2026-04-16T03:10:38","modified_gmt":"2026-04-16T00:10:38","slug":"kralin-hazinesi","status":"publish","type":"product","link":"https:\/\/roveyayinevi.com.tr\/index.php\/urun\/kralin-hazinesi\/","title":{"rendered":"Kral\u0131n Hazinesi"},"content":{"rendered":"<p>\u0130ki hazine avc\u0131s\u0131, kral\u0131n hazinesini bulmak \u00fczere bilinmeyen bir yolculu\u011fa \u00e7\u0131karlar. Bazen a\u00e7, bazen susuz kal\u0131rlar. Bilinmeyen da\u011flar\u0131, dereleri, u\u00e7urumlar\u0131, ovalar\u0131 ve vadileri a\u015farlar.  E\u015fk\u0131yalarla kar\u015f\u0131 kar\u015f\u0131ya kal\u0131rlar. Sellerle bo\u011fu\u015fur, vah\u015fi hayvanlar\u0131n ortas\u0131nda kal\u0131r, \u00e7o\u011fu zaman canlar\u0131n\u0131 zor kurtar\u0131rlar. En sonunda K\u0131rm\u0131z\u0131 Irmak\u2019a, \u015eapkal\u0131 Da\u011f\u2019a ve B\u00fcy\u00fcl\u00fc Kale\u2019ye ula\u015f\u0131rlar.  Mezar\u0131n i\u00e7indeki kral\u0131n hazinesini bulurlar. \u0130lk\u00f6nce zehirli y\u0131lanlarla, ard\u0131ndan b\u00fcy\u00fcl\u00fc bayku\u015flarla kar\u015f\u0131la\u015f\u0131rlar. Korkudan birer \u00e7\u0131lg\u0131na d\u00f6ner, ne yapacaklar\u0131n\u0131 bilemezler. <\/p>\n","protected":false},"excerpt":{"rendered":"<p>\u0130ki hazine avc\u0131s\u0131, kral\u0131n hazinesini bulmak \u00fczere bilinmeyen bir yolculu\u011fa \u00e7\u0131karlar. Bazen a\u00e7, bazen susuz kal\u0131rlar. Bilinmeyen da\u011flar\u0131, dereleri, u\u00e7urumlar\u0131, ovalar\u0131 ve vadileri a\u015farlar. E\u015fk\u0131yalarla kar\u015f\u0131<span class=\"excerpt-hellip\"> [\u2026]<\/span><\/p>\n","protected":false},"featured_media":0,"template":"","meta":{"_monsterinsights_skip_tracking":false,"_monsterinsights_sitenote_active":false,"_monsterinsights_sitenote_note":"","_monsterinsights_sitenote_category":0},"product_brand":[],"product_cat":[12291,14777],"product_tag":[],"class_list":{"0":"post-757373","1":"product","2":"type-product","3":"status-publish","5":"product_cat-edebiyat","6":"product_cat-fantastik","7":"pa_cilt-ciltsiz","8":"pa_tur-kitap","9":"pa_yayinevi-hazer-yayinlari","10":"pa_yazar-nihat-gokmen","12":"first","13":"instock","14":"sale","15":"shipping-taxable","16":"purchasable","17":"product-type-simple"},"_links":{"self":[{"href":"https:\/\/roveyayinevi.com.tr\/index.php\/wp-json\/wp\/v2\/product\/757373","targetHints":{"allow":["GET"]}}],"collection":[{"href":"https:\/\/roveyayinevi.com.tr\/index.php\/wp-json\/wp\/v2\/product"}],"about":[{"href":"https:\/\/roveyayinevi.com.tr\/index.php\/wp-json\/wp\/v2\/types\/product"}],"wp:attachment":[{"href":"https:\/\/roveyayinevi.com.tr\/index.php\/wp-json\/wp\/v2\/media?parent=757373"}],"wp:term":[{"taxonomy":"product_brand","embeddable":true,"href":"https:\/\/roveyayinevi.com.tr\/index.php\/wp-json\/wp\/v2\/product_brand?post=757373"},{"taxonomy":"product_cat","embeddable":true,"href":"https:\/\/roveyayinevi.com.tr\/index.php\/wp-json\/wp\/v2\/product_cat?post=757373"},{"taxonomy":"product_tag","embeddable":true,"href":"https:\/\/roveyayinevi.com.tr\/index.php\/wp-json\/wp\/v2\/product_tag?post=757373"}],"curies":[{"name":"wp","href":"https:\/\/api.w.org\/{rel}","templated":true}]}}