{"id":757371,"date":"2025-08-28T07:33:51","date_gmt":"2025-08-28T04:33:51","guid":{"rendered":"https:\/\/roveyayinevi.com.tr\/index.php\/urun\/sehitlere-adanmis-siirler-antolojisi-2\/"},"modified":"2026-04-16T03:10:38","modified_gmt":"2026-04-16T00:10:38","slug":"sehitlere-adanmis-siirler-antolojisi-2","status":"publish","type":"product","link":"https:\/\/roveyayinevi.com.tr\/index.php\/urun\/sehitlere-adanmis-siirler-antolojisi-2\/","title":{"rendered":"\u015eehitlere Adanm\u0131\u015f \u015eiirler Antolojisi"},"content":{"rendered":"<p>Dur yolcu! bilmeden gelip bast\u0131\u011f\u0131n Bu toprak, bir devrin batt\u0131\u011f\u0131 yerdir. E\u011fil de kulak ver, bu sessiz y\u0131\u011f\u0131n Bir vatan kalbinin att\u0131\u011f\u0131 yerdir.   Bu \u0131ss\u0131z, g\u00f6lgesiz yolun sonunda G\u00f6rd\u00fc\u011f\u00fcn bu t\u00fcmsek, Anadolu\u2019nda \u0130stikl\u00e2l u\u011frunda, namus yolunda Can veren Mehmet\u2019in yatt\u0131\u011f\u0131 yerdir.   Bu t\u00fcmsek, koparken b\u00fcy\u00fck zelzele, Son vatan par\u00e7as\u0131 ge\u00e7erken ele, Mehmed\u2019in d\u00fc\u015fman\u0131 bo\u011fdu\u011fu sele M\u00fcbarek kan\u0131n\u0131n ak\u0131tt\u0131\u011f\u0131 yerdir.   D\u00fc\u015f\u00fcn ki, ha\u015fr olan kan, kemik etin Yapt\u0131\u011f\u0131 bu t\u00fcmsek, amans\u0131z \u00e7etin Bir harbin sonunda b\u00fct\u00fcn milletin H\u00fcrriyet zevkini tatt\u0131\u011f\u0131 yerdir. <\/p>\n","protected":false},"excerpt":{"rendered":"<p>Dur yolcu! bilmeden gelip bast\u0131\u011f\u0131n Bu toprak, bir devrin batt\u0131\u011f\u0131 yerdir. E\u011fil de kulak ver, bu sessiz y\u0131\u011f\u0131n Bir vatan kalbinin att\u0131\u011f\u0131 yerdir. Bu \u0131ss\u0131z, g\u00f6lgesiz<span class=\"excerpt-hellip\"> [\u2026]<\/span><\/p>\n","protected":false},"featured_media":0,"template":"","meta":{"_monsterinsights_skip_tracking":false,"_monsterinsights_sitenote_active":false,"_monsterinsights_sitenote_note":"","_monsterinsights_sitenote_category":0},"product_brand":[],"product_cat":[12291,12509],"product_tag":[],"class_list":{"0":"post-757371","1":"product","2":"type-product","3":"status-publish","5":"product_cat-edebiyat","6":"product_cat-siir","7":"pa_cilt-ciltsiz","8":"pa_tur-kitap","9":"pa_yayinevi-tiav","10":"pa_yazar-mustafa-bercin","12":"first","13":"instock","14":"sale","15":"shipping-taxable","16":"purchasable","17":"product-type-simple"},"_links":{"self":[{"href":"https:\/\/roveyayinevi.com.tr\/index.php\/wp-json\/wp\/v2\/product\/757371","targetHints":{"allow":["GET"]}}],"collection":[{"href":"https:\/\/roveyayinevi.com.tr\/index.php\/wp-json\/wp\/v2\/product"}],"about":[{"href":"https:\/\/roveyayinevi.com.tr\/index.php\/wp-json\/wp\/v2\/types\/product"}],"wp:attachment":[{"href":"https:\/\/roveyayinevi.com.tr\/index.php\/wp-json\/wp\/v2\/media?parent=757371"}],"wp:term":[{"taxonomy":"product_brand","embeddable":true,"href":"https:\/\/roveyayinevi.com.tr\/index.php\/wp-json\/wp\/v2\/product_brand?post=757371"},{"taxonomy":"product_cat","embeddable":true,"href":"https:\/\/roveyayinevi.com.tr\/index.php\/wp-json\/wp\/v2\/product_cat?post=757371"},{"taxonomy":"product_tag","embeddable":true,"href":"https:\/\/roveyayinevi.com.tr\/index.php\/wp-json\/wp\/v2\/product_tag?post=757371"}],"curies":[{"name":"wp","href":"https:\/\/api.w.org\/{rel}","templated":true}]}}