{"id":757367,"date":"2025-08-28T07:33:46","date_gmt":"2025-08-28T04:33:46","guid":{"rendered":"https:\/\/roveyayinevi.com.tr\/index.php\/urun\/meslek-yuksek-okullari-icin-genel-kimya-laboratuvari\/"},"modified":"2026-04-16T03:10:38","modified_gmt":"2026-04-16T00:10:38","slug":"meslek-yuksek-okullari-icin-genel-kimya-laboratuvari","status":"publish","type":"product","link":"https:\/\/roveyayinevi.com.tr\/index.php\/urun\/meslek-yuksek-okullari-icin-genel-kimya-laboratuvari\/","title":{"rendered":"Meslek Y\u00fcksek Okullar\u0131 \u0130\u00e7in Genel Kimya Laboratuvar\u0131"},"content":{"rendered":"<p>\u0130\u00e7indekiler     \u00b7         DENEY RAPORU NASIL HAZIRLANIR   \u00b7         LABORATUVAR G\u00dcVENL\u0130K KURALLARI VE K\u0130MYADA UYARI P\u0130KTOGRAMLARI   \u00b7         K\u0130MYASAL P\u0130KNOGRMLAR   \u00b7         LABORATUVAR CAM MALZEMELER\u0130 <\/p>\n","protected":false},"excerpt":{"rendered":"<p>\u0130\u00e7indekiler \u00b7 DENEY RAPORU NASIL HAZIRLANIR \u00b7 LABORATUVAR G\u00dcVENL\u0130K KURALLARI VE K\u0130MYADA UYARI P\u0130KTOGRAMLARI \u00b7 K\u0130MYASAL P\u0130KNOGRMLAR \u00b7 LABORATUVAR CAM MALZEMELER\u0130<\/p>\n","protected":false},"featured_media":0,"template":"","meta":{"_monsterinsights_skip_tracking":false,"_monsterinsights_sitenote_active":false,"_monsterinsights_sitenote_note":"","_monsterinsights_sitenote_category":0},"product_brand":[],"product_cat":[13005],"product_tag":[],"class_list":{"0":"post-757367","1":"product","2":"type-product","3":"status-publish","5":"product_cat-bilim-muhendislik","6":"pa_cilt-ciltsiz","7":"pa_tur-kitap","8":"pa_yayinevi-gazi-kitabevi","9":"pa_yazar-bekir-sitki-cevrimli-sukru-kalayci","11":"first","12":"instock","13":"sale","14":"shipping-taxable","15":"purchasable","16":"product-type-simple"},"_links":{"self":[{"href":"https:\/\/roveyayinevi.com.tr\/index.php\/wp-json\/wp\/v2\/product\/757367","targetHints":{"allow":["GET"]}}],"collection":[{"href":"https:\/\/roveyayinevi.com.tr\/index.php\/wp-json\/wp\/v2\/product"}],"about":[{"href":"https:\/\/roveyayinevi.com.tr\/index.php\/wp-json\/wp\/v2\/types\/product"}],"wp:attachment":[{"href":"https:\/\/roveyayinevi.com.tr\/index.php\/wp-json\/wp\/v2\/media?parent=757367"}],"wp:term":[{"taxonomy":"product_brand","embeddable":true,"href":"https:\/\/roveyayinevi.com.tr\/index.php\/wp-json\/wp\/v2\/product_brand?post=757367"},{"taxonomy":"product_cat","embeddable":true,"href":"https:\/\/roveyayinevi.com.tr\/index.php\/wp-json\/wp\/v2\/product_cat?post=757367"},{"taxonomy":"product_tag","embeddable":true,"href":"https:\/\/roveyayinevi.com.tr\/index.php\/wp-json\/wp\/v2\/product_tag?post=757367"}],"curies":[{"name":"wp","href":"https:\/\/api.w.org\/{rel}","templated":true}]}}