{"id":757366,"date":"2025-08-28T07:33:44","date_gmt":"2025-08-28T04:33:44","guid":{"rendered":"https:\/\/roveyayinevi.com.tr\/index.php\/urun\/adanali\/"},"modified":"2026-01-29T03:47:42","modified_gmt":"2026-01-29T00:47:42","slug":"adanali","status":"publish","type":"product","link":"https:\/\/roveyayinevi.com.tr\/index.php\/urun\/adanali\/","title":{"rendered":"Adanal\u0131"},"content":{"rendered":"<p>\u201cYa\u015f\u0131 yetmiiii\u015f, i\u015fi bitmi\u015f\u201d derler. Hay\u0131r, hay\u0131r 90 ya\u015f\u0131nda dahi i\u015fin bitmeyece\u011fini Adana\u2019ya, Adanal\u0131ya anlatmak istedim. Babalar\u0131ndan, dedelerinden duyduklar\u0131 olaylar\u0131, bizatihi \u015fu an ayakta olan, ya\u015fayan bir Adanal\u0131 dedelerinden dinlesinler istedim. 1940\u2019lardan bug\u00fcne kadar g\u00f6rd\u00fcklerimi, bildiklerimi yazd\u0131m. O g\u00fcnleri ya\u015fayan biri olarak istedim ki sizlerle konu\u015farak, beraber koklayarak, \u00e7o\u011fu rahmet-i rahmana kavu\u015fmu\u015f dedeleriniz yokluk i\u00e7inde hayatlar\u0131n\u0131 nas\u0131l ya\u015fam\u0131\u015flar, nas\u0131l sabretmi\u015fler, nelere sevinip nelere \u00fcz\u00fclm\u00fc\u015fler bilin istedim. Y\u00fcrekleriniz a\u011fz\u0131n\u0131za gelsin, bazen bo\u011faz\u0131n\u0131z d\u00fc\u011f\u00fcmlensin, bug\u00fcn ya\u015fad\u0131\u011f\u0131n\u0131z hayat\u0131n k\u00f6k\u00fcn\u00fc g\u00f6r\u00fcn istedim&#8230; <\/p>\n","protected":false},"excerpt":{"rendered":"<p>\u201cYa\u015f\u0131 yetmiiii\u015f, i\u015fi bitmi\u015f\u201d derler. Hay\u0131r, hay\u0131r 90 ya\u015f\u0131nda dahi i\u015fin bitmeyece\u011fini Adana\u2019ya, Adanal\u0131ya anlatmak istedim. Babalar\u0131ndan, dedelerinden duyduklar\u0131 olaylar\u0131, bizatihi \u015fu an ayakta olan, ya\u015fayan<span class=\"excerpt-hellip\"> [\u2026]<\/span><\/p>\n","protected":false},"featured_media":0,"template":"","meta":{"_monsterinsights_skip_tracking":false,"_monsterinsights_sitenote_active":false,"_monsterinsights_sitenote_note":"","_monsterinsights_sitenote_category":0},"product_brand":[],"product_cat":[13701,12291],"product_tag":[],"class_list":{"0":"post-757366","1":"product","2":"type-product","3":"status-publish","5":"product_cat-ani-mektup-gunluk","6":"product_cat-edebiyat","7":"pa_cilt-ciltsiz","8":"pa_tur-kitap","9":"pa_yayinevi-utopya-yayinevi","10":"pa_yazar-ilter-korkmaz","12":"first","13":"instock","14":"sale","15":"shipping-taxable","16":"purchasable","17":"product-type-simple"},"_links":{"self":[{"href":"https:\/\/roveyayinevi.com.tr\/index.php\/wp-json\/wp\/v2\/product\/757366","targetHints":{"allow":["GET"]}}],"collection":[{"href":"https:\/\/roveyayinevi.com.tr\/index.php\/wp-json\/wp\/v2\/product"}],"about":[{"href":"https:\/\/roveyayinevi.com.tr\/index.php\/wp-json\/wp\/v2\/types\/product"}],"wp:attachment":[{"href":"https:\/\/roveyayinevi.com.tr\/index.php\/wp-json\/wp\/v2\/media?parent=757366"}],"wp:term":[{"taxonomy":"product_brand","embeddable":true,"href":"https:\/\/roveyayinevi.com.tr\/index.php\/wp-json\/wp\/v2\/product_brand?post=757366"},{"taxonomy":"product_cat","embeddable":true,"href":"https:\/\/roveyayinevi.com.tr\/index.php\/wp-json\/wp\/v2\/product_cat?post=757366"},{"taxonomy":"product_tag","embeddable":true,"href":"https:\/\/roveyayinevi.com.tr\/index.php\/wp-json\/wp\/v2\/product_tag?post=757366"}],"curies":[{"name":"wp","href":"https:\/\/api.w.org\/{rel}","templated":true}]}}