{"id":757360,"date":"2025-08-28T07:33:36","date_gmt":"2025-08-28T04:33:36","guid":{"rendered":"https:\/\/roveyayinevi.com.tr\/index.php\/urun\/basariya-goturen-aile\/"},"modified":"2026-04-16T03:10:38","modified_gmt":"2026-04-16T00:10:38","slug":"basariya-goturen-aile","status":"publish","type":"product","link":"https:\/\/roveyayinevi.com.tr\/index.php\/urun\/basariya-goturen-aile\/","title":{"rendered":"Ba\u015far\u0131ya G\u00f6t\u00fcren Aile"},"content":{"rendered":"<p>\u201cBu kitab\u0131, \u00e7ocu\u011funun s\u0131navda ba\u015far\u0131l\u0131 olmas\u0131n\u0131 isteyen ama\u2018\u00c7ok \u00e7al\u0131\u015f o\u011flum\/k\u0131z\u0131m!\u2019 demenin ya da t\u00fcm maddi olanaklar\u0131 seferber etmenin \u00f6tesinde elindenba\u015fka bir \u015fey gelmedi\u011fini du\u0308\u015fu\u0308nenanne-babalar i\u00e7in yazd\u0131m.\u201d\u2014Do\u011fan C\u00dcCELO\u011eLUSizin ba\u015far\u0131 anlay\u0131\u015f\u0131n\u0131z ve o anlay\u0131\u015f\u0131n alt\u0131nda yatan inan\u00e7, isteseniz de istemeseniz de, fark\u0131ndaolsan\u0131z da olmasan\u0131z da \u00e7ocu\u011funuzla ili\u015fkinizin temelini olu\u015fturur.\u00b7 Anne-baba olarak \u201cba\u015far\u0131\u201ddan ne anl\u0131yorsunuz?\u00b7 Ailece ba\u015far\u0131dan ne anl\u0131yorsunuz?\u00b7 \u00c7ocu\u011funuz i\u00e7in ne t\u00fcr bir ba\u015far\u0131 istiyorsunuz?\u00b7 Fark\u0131na varmadan \u00e7ocu\u011funuzun ba\u015far\u0131s\u0131nda nas\u0131l bir etkiye sahipsiniz?\u00b7 S\u0131nav d\u00f6neminde \u00e7ocu\u011funuzla gerilmek yerine, can cana bir ileti\u015fim kurabilmek m\u00fcmk\u00fcnm\u00fc?\u00b7 Peki, \u00e7ocu\u011funuz neyi ni\u00e7in \u00f6\u011frenmek istedi\u011fi konusunda net karar\u0131n\u0131 verdi mi?Her anne-baba, okul ba\u015far\u0131s\u0131 i\u00e7in \u00e7ocu\u011funa yard\u0131mc\u0131 olmak ister. Ama \u00f6\u011frenme s\u00fcrecinin bilimseltemellerini kavramadan at\u0131lacak her ad\u0131m, iyi niyetli de olsa \u00e7ocu\u011fu engelleyebilir.S\u0131nava haz\u0131rl\u0131k d\u00f6neminde \u00e7ocu\u011funuzun yan\u0131nda yer alabilir; onun gu\u0308venece\u011fi, i\u00e7ini a\u00e7aca\u011f\u0131,korkular\u0131n\u0131, kayg\u0131lar\u0131n\u0131, ba\u015far\u0131s\u0131n\u0131 ve sevincini payla\u015faca\u011f\u0131, sevilen ve say\u0131lan insan olabilirsiniz.Ya da bu s\u00fcre\u00e7te \u00e7ocu\u011funuza do\u011fru ve etkili y\u00f6ntemlerle yakla\u015fmad\u0131\u011f\u0131n\u0131z i\u00e7in onun \u015fevki yerinekayg\u0131s\u0131n\u0131 art\u0131rabilir ve s\u00fcrece zarar verebilirsiniz.Y\u0131llar\u0131n\u0131 sa\u011fl\u0131kl\u0131 aile ve okul ortamlar\u0131n\u0131n geli\u015fimine adam\u0131\u015f Do\u011fan C\u00fccelo\u011flu\u2019nun e\u015fsiz bak\u0131\u015f a\u00e7\u0131s\u0131 ve bilimsel yakla\u015f\u0131m\u0131yla her anne-baba i\u00e7in zamans\u0131z bir rehber\u2026 \u201c\u00c7ocu\u011fumun ya\u015fam\u0131nda \u2018iyi ki\u2019ler \u00e7ok olsun, u\u0308reterek kazans\u0131n, \u00f6zgu\u0308veni ve \u00f6zsayg\u0131s\u0131 yu\u0308ksek, kendi ya\u015fam\u0131n\u0131n oyuncusu olsun,\u201d diyorsan\u0131z bu kitap sizin i\u00e7in bir ba\u015fucu eseri&#8230;<\/p>\n","protected":false},"excerpt":{"rendered":"<p>\u201cBu kitab\u0131, \u00e7ocu\u011funun s\u0131navda ba\u015far\u0131l\u0131 olmas\u0131n\u0131 isteyen ama\u2018\u00c7ok \u00e7al\u0131\u015f o\u011flum\/k\u0131z\u0131m!\u2019 demenin ya da t\u00fcm maddi olanaklar\u0131 seferber etmenin \u00f6tesinde elindenba\u015fka bir \u015fey gelmedi\u011fini du\u0308\u015fu\u0308nenanne-babalar i\u00e7in yazd\u0131m.\u201d\u2014Do\u011fan<span class=\"excerpt-hellip\"> [\u2026]<\/span><\/p>\n","protected":false},"featured_media":0,"template":"","meta":{"_monsterinsights_skip_tracking":false,"_monsterinsights_sitenote_active":false,"_monsterinsights_sitenote_note":"","_monsterinsights_sitenote_category":0},"product_brand":[],"product_cat":[12357],"product_tag":[],"class_list":{"0":"post-757360","1":"product","2":"type-product","3":"status-publish","5":"product_cat-psikoloji","6":"pa_cilt-ciltsiz","7":"pa_tur-kitap","8":"pa_yayinevi-kronik-kitap","9":"pa_yazar-dogan-cuceloglu","11":"first","12":"instock","13":"sale","14":"shipping-taxable","15":"purchasable","16":"product-type-simple"},"_links":{"self":[{"href":"https:\/\/roveyayinevi.com.tr\/index.php\/wp-json\/wp\/v2\/product\/757360","targetHints":{"allow":["GET"]}}],"collection":[{"href":"https:\/\/roveyayinevi.com.tr\/index.php\/wp-json\/wp\/v2\/product"}],"about":[{"href":"https:\/\/roveyayinevi.com.tr\/index.php\/wp-json\/wp\/v2\/types\/product"}],"wp:attachment":[{"href":"https:\/\/roveyayinevi.com.tr\/index.php\/wp-json\/wp\/v2\/media?parent=757360"}],"wp:term":[{"taxonomy":"product_brand","embeddable":true,"href":"https:\/\/roveyayinevi.com.tr\/index.php\/wp-json\/wp\/v2\/product_brand?post=757360"},{"taxonomy":"product_cat","embeddable":true,"href":"https:\/\/roveyayinevi.com.tr\/index.php\/wp-json\/wp\/v2\/product_cat?post=757360"},{"taxonomy":"product_tag","embeddable":true,"href":"https:\/\/roveyayinevi.com.tr\/index.php\/wp-json\/wp\/v2\/product_tag?post=757360"}],"curies":[{"name":"wp","href":"https:\/\/api.w.org\/{rel}","templated":true}]}}