{"id":757359,"date":"2025-08-28T07:33:34","date_gmt":"2025-08-28T04:33:34","guid":{"rendered":"https:\/\/roveyayinevi.com.tr\/index.php\/urun\/gizemin-tatili\/"},"modified":"2026-04-16T03:10:38","modified_gmt":"2026-04-16T00:10:38","slug":"gizemin-tatili","status":"publish","type":"product","link":"https:\/\/roveyayinevi.com.tr\/index.php\/urun\/gizemin-tatili\/","title":{"rendered":"Gizem&#8217;in Tatili"},"content":{"rendered":"<p>\u00dc\u00e7 farkl\u0131 iklimin g\u00f6r\u00fcld\u00fc\u011f\u00fc yurdumuzun zengin besin kaynaklar\u0131n\u0131 ve bu besinlerin iklimine g\u00f6re hangi b\u00f6lgelerde yeti\u015fti\u011fini Gizem\u2019in yaz tatili maceras\u0131 ile \u00f6\u011frenmeye ne dersin? Kitab\u0131n sonundaki sorular\u0131 cevaplayarak bilgilerini de peki\u015ftirebilirsin. Macera seni bekliyor\u2026 <\/p>\n","protected":false},"excerpt":{"rendered":"<p>\u00dc\u00e7 farkl\u0131 iklimin g\u00f6r\u00fcld\u00fc\u011f\u00fc yurdumuzun zengin besin kaynaklar\u0131n\u0131 ve bu besinlerin iklimine g\u00f6re hangi b\u00f6lgelerde yeti\u015fti\u011fini Gizem\u2019in yaz tatili maceras\u0131 ile \u00f6\u011frenmeye ne dersin? Kitab\u0131n sonundaki<span class=\"excerpt-hellip\"> [\u2026]<\/span><\/p>\n","protected":false},"featured_media":0,"template":"","meta":{"_monsterinsights_skip_tracking":false,"_monsterinsights_sitenote_active":false,"_monsterinsights_sitenote_note":"","_monsterinsights_sitenote_category":0},"product_brand":[],"product_cat":[12274,12284],"product_tag":[],"class_list":{"0":"post-757359","1":"product","2":"type-product","3":"status-publish","5":"product_cat-cocuk-ve-genclik-kitaplari","6":"product_cat-hikayeler","7":"pa_cilt-ciltsiz","8":"pa_tur-kitap","9":"pa_yayinevi-servet-yayinevi","10":"pa_yazar-fuat-kayadelen","12":"first","13":"instock","14":"sale","15":"shipping-taxable","16":"purchasable","17":"product-type-simple"},"_links":{"self":[{"href":"https:\/\/roveyayinevi.com.tr\/index.php\/wp-json\/wp\/v2\/product\/757359","targetHints":{"allow":["GET"]}}],"collection":[{"href":"https:\/\/roveyayinevi.com.tr\/index.php\/wp-json\/wp\/v2\/product"}],"about":[{"href":"https:\/\/roveyayinevi.com.tr\/index.php\/wp-json\/wp\/v2\/types\/product"}],"wp:attachment":[{"href":"https:\/\/roveyayinevi.com.tr\/index.php\/wp-json\/wp\/v2\/media?parent=757359"}],"wp:term":[{"taxonomy":"product_brand","embeddable":true,"href":"https:\/\/roveyayinevi.com.tr\/index.php\/wp-json\/wp\/v2\/product_brand?post=757359"},{"taxonomy":"product_cat","embeddable":true,"href":"https:\/\/roveyayinevi.com.tr\/index.php\/wp-json\/wp\/v2\/product_cat?post=757359"},{"taxonomy":"product_tag","embeddable":true,"href":"https:\/\/roveyayinevi.com.tr\/index.php\/wp-json\/wp\/v2\/product_tag?post=757359"}],"curies":[{"name":"wp","href":"https:\/\/api.w.org\/{rel}","templated":true}]}}