{"id":757358,"date":"2025-08-28T07:33:33","date_gmt":"2025-08-28T04:33:33","guid":{"rendered":"https:\/\/roveyayinevi.com.tr\/index.php\/urun\/irade-terbiyesi-ogrenciogretmenanne-ve-babalar-icin\/"},"modified":"2026-04-08T03:18:53","modified_gmt":"2026-04-08T00:18:53","slug":"irade-terbiyesi-ogrenciogretmenanne-ve-babalar-icin","status":"publish","type":"product","link":"https:\/\/roveyayinevi.com.tr\/index.php\/urun\/irade-terbiyesi-ogrenciogretmenanne-ve-babalar-icin\/","title":{"rendered":"\u0130rade Terbiyesi &#8211; \u00d6\u011frenci,\u00d6\u011fretmen,Anne ve Babalar i\u00e7in"},"content":{"rendered":"<p>Uluslararas\u0131 e\u011fitim alan\u0131nda ciddi bir rekabet s\u00fcrmektedir. Bu rekabet s\u00fcrecinde \u00e7al\u0131\u015fma azmini bili\u015fsel d\u00fczeyde neyin etkiledi\u011fini anlayan devletler irade g\u00fcc\u00fc y\u00fcksek beyinlerin yeti\u015fmesine y\u00f6nelik \u00e7al\u0131\u015fmalar yapmaktad\u0131rlar. Bu ba\u011flamda psikologlar ve n\u00f6rologlar bili\u015fsel ve fiziksel olarak g\u00f6zlemlenebilir bir \u00f6zelli\u011fe sahip iradeyi s\u00fcrd\u00fcrmek i\u00e7in beynin dinamiklerini dikkate alarak \u00e7e\u015fitli uygulamalar geli\u015ftirmi\u015flerdir. \u0130radenin e\u011fitim-\u00f6\u011fretim s\u00fcre\u00e7leriyle b\u00fct\u00fcnle\u015fmesi i\u00e7in anne, baba, karde\u015f, arkada\u015f, \u00f6\u011fretmen ve okul y\u00f6netimine \u00f6nemli g\u00f6revler d\u00fc\u015fmektedir. B\u00f6ylece e\u011fitim \u00f6\u011fretim s\u00fcre\u00e7leri hem sistem hem \u00f6\u011fretmen hem de \u00f6\u011frenci i\u00e7in hak etti\u011fi noktaya ula\u015fabilecektir. Bu kitap; ebeveynlere, \u00f6\u011fretmenlere ve \u00f6\u011frencilere irade g\u00fcc\u00fcn\u00fcn sa\u011flanmas\u0131nda ve g\u00fc\u00e7lendirilmesinde bir rehberlik hizmeti sunmaktad\u0131r. Kitapta iradenin \u00f6\u011frenilebilir ve geli\u015ftirilebilir bir nitelik oldu\u011funu vurgulanarak, duygusal, d\u00fc\u015f\u00fcnsel ve davran\u0131\u015fsal kontrol i\u00e7in \u00e7e\u015fitli etkinlikler ve uygulamalara yer verilmektedir.<\/p>\n","protected":false},"excerpt":{"rendered":"<p>Uluslararas\u0131 e\u011fitim alan\u0131nda ciddi bir rekabet s\u00fcrmektedir. Bu rekabet s\u00fcrecinde \u00e7al\u0131\u015fma azmini bili\u015fsel d\u00fczeyde neyin etkiledi\u011fini anlayan devletler irade g\u00fcc\u00fc y\u00fcksek beyinlerin yeti\u015fmesine y\u00f6nelik \u00e7al\u0131\u015fmalar yapmaktad\u0131rlar.<span class=\"excerpt-hellip\"> [\u2026]<\/span><\/p>\n","protected":false},"featured_media":0,"template":"","meta":{"_monsterinsights_skip_tracking":false,"_monsterinsights_sitenote_active":false,"_monsterinsights_sitenote_note":"","_monsterinsights_sitenote_category":0},"product_brand":[],"product_cat":[12364,12376],"product_tag":[],"class_list":{"0":"post-757358","1":"product","2":"type-product","3":"status-publish","5":"product_cat-genel-konular","6":"product_cat-kisisel-gelisim","7":"pa_cilt-ciltsiz","8":"pa_tur-kitap","9":"pa_yayinevi-foliant-yayinlari","10":"pa_yazar-a-halim-ulas-kilic-koceri-esra-celebi","12":"first","13":"instock","14":"sale","15":"shipping-taxable","16":"purchasable","17":"product-type-simple"},"_links":{"self":[{"href":"https:\/\/roveyayinevi.com.tr\/index.php\/wp-json\/wp\/v2\/product\/757358","targetHints":{"allow":["GET"]}}],"collection":[{"href":"https:\/\/roveyayinevi.com.tr\/index.php\/wp-json\/wp\/v2\/product"}],"about":[{"href":"https:\/\/roveyayinevi.com.tr\/index.php\/wp-json\/wp\/v2\/types\/product"}],"wp:attachment":[{"href":"https:\/\/roveyayinevi.com.tr\/index.php\/wp-json\/wp\/v2\/media?parent=757358"}],"wp:term":[{"taxonomy":"product_brand","embeddable":true,"href":"https:\/\/roveyayinevi.com.tr\/index.php\/wp-json\/wp\/v2\/product_brand?post=757358"},{"taxonomy":"product_cat","embeddable":true,"href":"https:\/\/roveyayinevi.com.tr\/index.php\/wp-json\/wp\/v2\/product_cat?post=757358"},{"taxonomy":"product_tag","embeddable":true,"href":"https:\/\/roveyayinevi.com.tr\/index.php\/wp-json\/wp\/v2\/product_tag?post=757358"}],"curies":[{"name":"wp","href":"https:\/\/api.w.org\/{rel}","templated":true}]}}