{"id":757357,"date":"2025-08-28T07:33:32","date_gmt":"2025-08-28T04:33:32","guid":{"rendered":"https:\/\/roveyayinevi.com.tr\/index.php\/urun\/gencler-icin-peygamberimizin-hayati-2\/"},"modified":"2026-04-16T03:10:38","modified_gmt":"2026-04-16T00:10:38","slug":"gencler-icin-peygamberimizin-hayati-2","status":"publish","type":"product","link":"https:\/\/roveyayinevi.com.tr\/index.php\/urun\/gencler-icin-peygamberimizin-hayati-2\/","title":{"rendered":"Gen\u00e7ler \u0130\u00e7in Peygamberimizin Hayat\u0131"},"content":{"rendered":"<p>Bu kitab\u0131 yazarken, gen\u00e7lik y\u0131llar\u0131m\u0131 hat\u0131rlamadan edemedim. 60 Y\u0131l kadar \u00f6nce, ortaokul ya da lise y\u0131llar\u0131ndayken, kendime ayn\u0131 soruyu sorup dururdum: \u201cGen\u00e7li\u011fe ad\u0131m atarken \u2018\u00d6RNEK\u2019 olarak kimi se\u00e7meliyim? Kime benzemeliyim ki hayat\u0131m\u0131 ona g\u00f6re y\u00f6nlendireyim? O g\u00fcnlerde elbette ki ya\u015f\u0131m gere\u011fi, d\u00fc\u015f\u00fcnd\u00fc\u011f\u00fcm tek \u015fey me\u015fhur olabilmekti. Herkes ben tan\u0131y\u0131p sevmeliydi. Sayg\u0131 duymasalar bile bana \u00f6zenmeliydi. Zaten uzun y\u0131llar boyu \u00f6n\u00fcme konan \u00f6rnekler hep me\u015fhur ki\u015filerdi: M\u00fczisyenler, akt\u00f6rler, sanat\u00e7\u0131lar\u2026 Yani herkes taraf\u0131ndan alk\u0131\u015flananlar. \u201868 Ku\u015fa\u011f\u0131ndan\u2019 biri olarak, en sonunda bir gitarla yola koyuldum. Ve en de\u011ferli y\u0131llar\u0131m\u0131 ne yaz\u0131k ki o nedenle harcad\u0131m. Ama sonra fark ettim ki \u2018ger\u00e7ek alk\u0131\u015f\u2019 meleklerin alk\u0131\u015flar\u0131ym\u0131\u015f. Allah\u2019\u0131n ve Resul\u00fcn\u00fcn r\u0131zas\u0131ndaym\u0131\u015f. Bu noktadan hareketle ben de Peygamberimizin hayat\u0131n\u0131 anlatarak \u2018EN G\u00dcZEL \u00d6RNEK\u2019i g\u00f6stermeye \u00e7al\u0131\u015ft\u0131m. \u00d6yle bir \u00f6rnek se\u00e7mek, \u2018ebed\u00ee gen\u00e7li\u011fin\u2019 anahtar\u0131d\u0131r.<\/p>\n","protected":false},"excerpt":{"rendered":"<p>Bu kitab\u0131 yazarken, gen\u00e7lik y\u0131llar\u0131m\u0131 hat\u0131rlamadan edemedim. 60 Y\u0131l kadar \u00f6nce, ortaokul ya da lise y\u0131llar\u0131ndayken, kendime ayn\u0131 soruyu sorup dururdum: \u201cGen\u00e7li\u011fe ad\u0131m atarken \u2018\u00d6RNEK\u2019 olarak<span class=\"excerpt-hellip\"> [\u2026]<\/span><\/p>\n","protected":false},"featured_media":0,"template":"","meta":{"_monsterinsights_skip_tracking":false,"_monsterinsights_sitenote_active":false,"_monsterinsights_sitenote_note":"","_monsterinsights_sitenote_category":0},"product_brand":[],"product_cat":[12718],"product_tag":[],"class_list":{"0":"post-757357","1":"product","2":"type-product","3":"status-publish","5":"product_cat-din","6":"pa_cilt-ciltsiz","7":"pa_tur-kitap","8":"pa_yayinevi-foliant-yayinlari","9":"pa_yazar-cuneyd-suavi","11":"first","12":"instock","13":"sale","14":"shipping-taxable","15":"purchasable","16":"product-type-simple"},"_links":{"self":[{"href":"https:\/\/roveyayinevi.com.tr\/index.php\/wp-json\/wp\/v2\/product\/757357","targetHints":{"allow":["GET"]}}],"collection":[{"href":"https:\/\/roveyayinevi.com.tr\/index.php\/wp-json\/wp\/v2\/product"}],"about":[{"href":"https:\/\/roveyayinevi.com.tr\/index.php\/wp-json\/wp\/v2\/types\/product"}],"wp:attachment":[{"href":"https:\/\/roveyayinevi.com.tr\/index.php\/wp-json\/wp\/v2\/media?parent=757357"}],"wp:term":[{"taxonomy":"product_brand","embeddable":true,"href":"https:\/\/roveyayinevi.com.tr\/index.php\/wp-json\/wp\/v2\/product_brand?post=757357"},{"taxonomy":"product_cat","embeddable":true,"href":"https:\/\/roveyayinevi.com.tr\/index.php\/wp-json\/wp\/v2\/product_cat?post=757357"},{"taxonomy":"product_tag","embeddable":true,"href":"https:\/\/roveyayinevi.com.tr\/index.php\/wp-json\/wp\/v2\/product_tag?post=757357"}],"curies":[{"name":"wp","href":"https:\/\/api.w.org\/{rel}","templated":true}]}}