{"id":757356,"date":"2025-08-28T07:33:30","date_gmt":"2025-08-28T04:33:30","guid":{"rendered":"https:\/\/roveyayinevi.com.tr\/index.php\/urun\/bir-derde-bin-deva\/"},"modified":"2026-04-16T03:10:38","modified_gmt":"2026-04-16T00:10:38","slug":"bir-derde-bin-deva","status":"publish","type":"product","link":"https:\/\/roveyayinevi.com.tr\/index.php\/urun\/bir-derde-bin-deva\/","title":{"rendered":"Bir Derde Bin Deva"},"content":{"rendered":"<p>Hastal\u0131k ilk bak\u0131\u015fta korkutur insan\u0131. \u00c7\u00fcnk\u00fc hastal\u0131kta a\u011fr\u0131, ac\u0131, s\u0131z\u0131 vard\u0131r. \u00c7are aramak , tedavi olmak\u2026 Geli\u015ftirilen ila\u00e7lar, tan\u0131 ve tedavi y\u00f6ntemleri\u2026 Ama hastal\u0131\u011f\u0131n bir de manevi arka plan\u0131 var: Sab\u0131r ve dayan\u0131kl\u0131l\u0131k e\u011fitimi\u2026 Sevaplar, manevi y\u00fckseli\u015fler\u2026 Allah hastal\u0131klar\u0131 daima en sevdi\u011fi kullara vermi\u015f. Peygamberler , evliyalar hasta olmu\u015flar ama Allah\u2019a olan ba\u011fl\u0131l\u0131klar\u0131 artm\u0131\u015f. Bu kitap hastal\u0131klar\u0131n manevi arka plan\u0131na \u0131\u015f\u0131k tutarken hastal\u0131klar\u0131 sevdiriyor. \u015e\u00fckre ve hamde kap\u0131 aral\u0131yor.<\/p>\n","protected":false},"excerpt":{"rendered":"<p>Hastal\u0131k ilk bak\u0131\u015fta korkutur insan\u0131. \u00c7\u00fcnk\u00fc hastal\u0131kta a\u011fr\u0131, ac\u0131, s\u0131z\u0131 vard\u0131r. \u00c7are aramak , tedavi olmak\u2026 Geli\u015ftirilen ila\u00e7lar, tan\u0131 ve tedavi y\u00f6ntemleri\u2026 Ama hastal\u0131\u011f\u0131n bir de<span class=\"excerpt-hellip\"> [\u2026]<\/span><\/p>\n","protected":false},"featured_media":0,"template":"","meta":{"_monsterinsights_skip_tracking":false,"_monsterinsights_sitenote_active":false,"_monsterinsights_sitenote_note":"","_monsterinsights_sitenote_category":0},"product_brand":[],"product_cat":[12718],"product_tag":[],"class_list":{"0":"post-757356","1":"product","2":"type-product","3":"status-publish","5":"product_cat-din","6":"pa_cilt-ciltsiz","7":"pa_tur-kitap","8":"pa_yayinevi-foliant-yayinlari","9":"pa_yazar-said-sasmaz","11":"first","12":"instock","13":"sale","14":"shipping-taxable","15":"purchasable","16":"product-type-simple"},"_links":{"self":[{"href":"https:\/\/roveyayinevi.com.tr\/index.php\/wp-json\/wp\/v2\/product\/757356","targetHints":{"allow":["GET"]}}],"collection":[{"href":"https:\/\/roveyayinevi.com.tr\/index.php\/wp-json\/wp\/v2\/product"}],"about":[{"href":"https:\/\/roveyayinevi.com.tr\/index.php\/wp-json\/wp\/v2\/types\/product"}],"wp:attachment":[{"href":"https:\/\/roveyayinevi.com.tr\/index.php\/wp-json\/wp\/v2\/media?parent=757356"}],"wp:term":[{"taxonomy":"product_brand","embeddable":true,"href":"https:\/\/roveyayinevi.com.tr\/index.php\/wp-json\/wp\/v2\/product_brand?post=757356"},{"taxonomy":"product_cat","embeddable":true,"href":"https:\/\/roveyayinevi.com.tr\/index.php\/wp-json\/wp\/v2\/product_cat?post=757356"},{"taxonomy":"product_tag","embeddable":true,"href":"https:\/\/roveyayinevi.com.tr\/index.php\/wp-json\/wp\/v2\/product_tag?post=757356"}],"curies":[{"name":"wp","href":"https:\/\/api.w.org\/{rel}","templated":true}]}}