{"id":757354,"date":"2025-08-28T07:33:28","date_gmt":"2025-08-28T04:33:28","guid":{"rendered":"https:\/\/roveyayinevi.com.tr\/index.php\/urun\/sokak-hayvani\/"},"modified":"2026-04-16T03:10:38","modified_gmt":"2026-04-16T00:10:38","slug":"sokak-hayvani","status":"publish","type":"product","link":"https:\/\/roveyayinevi.com.tr\/index.php\/urun\/sokak-hayvani\/","title":{"rendered":"Sokak Hayvan\u0131"},"content":{"rendered":"<p>Sorun; sahipsiz denilen ama asl\u0131nda aldat\u0131lan, sukutu hayale u\u011frat\u0131lan hayvan sorunu. Bu sorun: Veteriner hekimin g\u00f6n\u00fcl a\u011fr\u0131s\u0131, Te\u015fkilats\u0131zl\u0131\u011f\u0131n aynas\u0131, Hukuksuzlu\u011fun yans\u0131mas\u0131, Hayvan severlerin \u00e7aresizli\u011fi Cehaletin ars\u0131zl\u0131\u011f\u0131 \u0130nsan\u0131n y\u00fcz karas\u0131d\u0131r. <\/p>\n","protected":false},"excerpt":{"rendered":"<p>Sorun; sahipsiz denilen ama asl\u0131nda aldat\u0131lan, sukutu hayale u\u011frat\u0131lan hayvan sorunu. Bu sorun: Veteriner hekimin g\u00f6n\u00fcl a\u011fr\u0131s\u0131, Te\u015fkilats\u0131zl\u0131\u011f\u0131n aynas\u0131, Hukuksuzlu\u011fun yans\u0131mas\u0131, Hayvan severlerin \u00e7aresizli\u011fi Cehaletin ars\u0131zl\u0131\u011f\u0131<span class=\"excerpt-hellip\"> [\u2026]<\/span><\/p>\n","protected":false},"featured_media":0,"template":"","meta":{"_monsterinsights_skip_tracking":false,"_monsterinsights_sitenote_active":false,"_monsterinsights_sitenote_note":"","_monsterinsights_sitenote_category":0},"product_brand":[],"product_cat":[52477],"product_tag":[],"class_list":{"0":"post-757354","1":"product","2":"type-product","3":"status-publish","5":"product_cat-arastirma","6":"pa_cilt-ciltsiz","7":"pa_tur-kitap","8":"pa_yayinevi-gulnar-yayinlari","9":"pa_yazar-prof-dr-fuat-odabasioglu","11":"first","12":"instock","13":"sale","14":"shipping-taxable","15":"purchasable","16":"product-type-simple"},"_links":{"self":[{"href":"https:\/\/roveyayinevi.com.tr\/index.php\/wp-json\/wp\/v2\/product\/757354","targetHints":{"allow":["GET"]}}],"collection":[{"href":"https:\/\/roveyayinevi.com.tr\/index.php\/wp-json\/wp\/v2\/product"}],"about":[{"href":"https:\/\/roveyayinevi.com.tr\/index.php\/wp-json\/wp\/v2\/types\/product"}],"wp:attachment":[{"href":"https:\/\/roveyayinevi.com.tr\/index.php\/wp-json\/wp\/v2\/media?parent=757354"}],"wp:term":[{"taxonomy":"product_brand","embeddable":true,"href":"https:\/\/roveyayinevi.com.tr\/index.php\/wp-json\/wp\/v2\/product_brand?post=757354"},{"taxonomy":"product_cat","embeddable":true,"href":"https:\/\/roveyayinevi.com.tr\/index.php\/wp-json\/wp\/v2\/product_cat?post=757354"},{"taxonomy":"product_tag","embeddable":true,"href":"https:\/\/roveyayinevi.com.tr\/index.php\/wp-json\/wp\/v2\/product_tag?post=757354"}],"curies":[{"name":"wp","href":"https:\/\/api.w.org\/{rel}","templated":true}]}}