{"id":757347,"date":"2025-08-28T07:33:13","date_gmt":"2025-08-28T04:33:13","guid":{"rendered":"https:\/\/roveyayinevi.com.tr\/index.php\/urun\/ezonun-sessiz-dunyasi\/"},"modified":"2026-04-16T03:10:38","modified_gmt":"2026-04-16T00:10:38","slug":"ezonun-sessiz-dunyasi","status":"publish","type":"product","link":"https:\/\/roveyayinevi.com.tr\/index.php\/urun\/ezonun-sessiz-dunyasi\/","title":{"rendered":"Ezo&#8217;nun Sessiz D\u00fcnyas\u0131"},"content":{"rendered":"<p>Ezo iki ayd\u0131r konu\u015fmuyor. Asla cep telefonu almamaya ve limonlu dondurma yememeye de kararl\u0131. Her bulu\u015fmalar\u0131nda, &#8220;Bug\u00fcn ne yapmak istersin?&#8221; diye soran psikolo\u011fu, s\u00fcrekli homurdanan anneannesi ve balet olmay\u0131 hayal ederken kendini kasaban\u0131n futbol tak\u0131m\u0131nda bulan arkada\u015f\u0131 Durgun Deniz ile \u00e7evrili yeni hayat\u0131na belki al\u0131\u015fabilirdi. Gece yar\u0131s\u0131 tavan aras\u0131ndan gelen o sesler olmasayd\u0131&#8230;\u00c7AT! \u00c7AT! \u00c7AT!Tavan aras\u0131ndaki b\u00fcy\u00fck kar\u015f\u0131la\u015fma, hem Ezo&#8217;nun hem de huysuz bir hayaletin kaderini de\u011fi\u015ftirmek \u00fczere&#8230;<\/p>\n","protected":false},"excerpt":{"rendered":"<p>Ezo iki ayd\u0131r konu\u015fmuyor. Asla cep telefonu almamaya ve limonlu dondurma yememeye de kararl\u0131. Her bulu\u015fmalar\u0131nda, &#8220;Bug\u00fcn ne yapmak istersin?&#8221; diye soran psikolo\u011fu, s\u00fcrekli homurdanan anneannesi<span class=\"excerpt-hellip\"> [\u2026]<\/span><\/p>\n","protected":false},"featured_media":0,"template":"","meta":{"_monsterinsights_skip_tracking":false,"_monsterinsights_sitenote_active":false,"_monsterinsights_sitenote_note":"","_monsterinsights_sitenote_category":0},"product_brand":[],"product_cat":[12274,12284],"product_tag":[],"class_list":{"0":"post-757347","1":"product","2":"type-product","3":"status-publish","5":"product_cat-cocuk-ve-genclik-kitaplari","6":"product_cat-hikayeler","7":"pa_cilt-ciltsiz","8":"pa_tur-kitap","9":"pa_yayinevi-altin-kitaplar-cocuk-kitaplari","10":"pa_yazar-hanzade-servi","12":"first","13":"instock","14":"sale","15":"shipping-taxable","16":"purchasable","17":"product-type-simple"},"_links":{"self":[{"href":"https:\/\/roveyayinevi.com.tr\/index.php\/wp-json\/wp\/v2\/product\/757347","targetHints":{"allow":["GET"]}}],"collection":[{"href":"https:\/\/roveyayinevi.com.tr\/index.php\/wp-json\/wp\/v2\/product"}],"about":[{"href":"https:\/\/roveyayinevi.com.tr\/index.php\/wp-json\/wp\/v2\/types\/product"}],"wp:attachment":[{"href":"https:\/\/roveyayinevi.com.tr\/index.php\/wp-json\/wp\/v2\/media?parent=757347"}],"wp:term":[{"taxonomy":"product_brand","embeddable":true,"href":"https:\/\/roveyayinevi.com.tr\/index.php\/wp-json\/wp\/v2\/product_brand?post=757347"},{"taxonomy":"product_cat","embeddable":true,"href":"https:\/\/roveyayinevi.com.tr\/index.php\/wp-json\/wp\/v2\/product_cat?post=757347"},{"taxonomy":"product_tag","embeddable":true,"href":"https:\/\/roveyayinevi.com.tr\/index.php\/wp-json\/wp\/v2\/product_tag?post=757347"}],"curies":[{"name":"wp","href":"https:\/\/api.w.org\/{rel}","templated":true}]}}