{"id":757346,"date":"2025-08-28T07:33:12","date_gmt":"2025-08-28T04:33:12","guid":{"rendered":"https:\/\/roveyayinevi.com.tr\/index.php\/urun\/101-derste-psikoloji\/"},"modified":"2026-04-16T03:10:38","modified_gmt":"2026-04-16T00:10:38","slug":"101-derste-psikoloji","status":"publish","type":"product","link":"https:\/\/roveyayinevi.com.tr\/index.php\/urun\/101-derste-psikoloji\/","title":{"rendered":"101 Derste Psikoloji"},"content":{"rendered":"<p>Bir terapist ve hasta nas\u0131l ittifak kurar? Unutmak neden zihni daha etkin k\u0131lar? Su\u00e7luluk duygusu \u00fcretken iken utan\u00e7 neden y\u0131k\u0131c\u0131d\u0131r? Sol beynin mant\u0131kl\u0131, sa\u011f beynin ise yarat\u0131c\u0131 oldu\u011fu iddias\u0131 ger\u00e7e\u011fi mi yans\u0131t\u0131r yoksa bir efsaneden mi ibarettir? Bir profes\u00f6r ve ruh sa\u011fl\u0131\u011f\u0131 uzman\u0131 olan Tim Bono, Matthew Frederick ile birlikte, bu d\u00fc\u015f\u00fcnd\u00fcr\u00fcc\u00fc ve g\u00f6rselli rehberde psikolojinin temel sorular\u0131na kafa yoruyor. Beynin temel organizasyonu ve i\u015fleyi\u015finden, bilimsel y\u00f6ntemlerin bir psikolog i\u00e7in neden hayati \u00f6nemde oldu\u011funa de\u011fin pek \u00e7ok konuyu i\u00e7eren bu kitap, ayn\u0131 zamanda ruh bilimi sayesinde daha sa\u011fl\u0131kl\u0131 ve ba\u015far\u0131l\u0131 olman\u0131n yollar\u0131n\u0131 da g\u00f6steriyor.  101 Derste Psikoloji duygu, d\u00fc\u015f\u00fcnce ve davran\u0131\u015flar\u0131n ard\u0131nda yatan nedenleri anlamak isteyenler i\u00e7in bir rehber. <\/p>\n","protected":false},"excerpt":{"rendered":"<p>Bir terapist ve hasta nas\u0131l ittifak kurar? Unutmak neden zihni daha etkin k\u0131lar? Su\u00e7luluk duygusu \u00fcretken iken utan\u00e7 neden y\u0131k\u0131c\u0131d\u0131r? Sol beynin mant\u0131kl\u0131, sa\u011f beynin ise<span class=\"excerpt-hellip\"> [\u2026]<\/span><\/p>\n","protected":false},"featured_media":0,"template":"","meta":{"_monsterinsights_skip_tracking":false,"_monsterinsights_sitenote_active":false,"_monsterinsights_sitenote_note":"","_monsterinsights_sitenote_category":0},"product_brand":[],"product_cat":[12357],"product_tag":[],"class_list":{"0":"post-757346","1":"product","2":"type-product","3":"status-publish","5":"product_cat-psikoloji","6":"pa_cilt-ciltsiz","7":"pa_tur-kitap","8":"pa_yayinevi-say-yayinlari","9":"pa_yazar-tim-bono-matthew-frederick","11":"first","12":"instock","13":"sale","14":"shipping-taxable","15":"purchasable","16":"product-type-simple"},"_links":{"self":[{"href":"https:\/\/roveyayinevi.com.tr\/index.php\/wp-json\/wp\/v2\/product\/757346","targetHints":{"allow":["GET"]}}],"collection":[{"href":"https:\/\/roveyayinevi.com.tr\/index.php\/wp-json\/wp\/v2\/product"}],"about":[{"href":"https:\/\/roveyayinevi.com.tr\/index.php\/wp-json\/wp\/v2\/types\/product"}],"wp:attachment":[{"href":"https:\/\/roveyayinevi.com.tr\/index.php\/wp-json\/wp\/v2\/media?parent=757346"}],"wp:term":[{"taxonomy":"product_brand","embeddable":true,"href":"https:\/\/roveyayinevi.com.tr\/index.php\/wp-json\/wp\/v2\/product_brand?post=757346"},{"taxonomy":"product_cat","embeddable":true,"href":"https:\/\/roveyayinevi.com.tr\/index.php\/wp-json\/wp\/v2\/product_cat?post=757346"},{"taxonomy":"product_tag","embeddable":true,"href":"https:\/\/roveyayinevi.com.tr\/index.php\/wp-json\/wp\/v2\/product_tag?post=757346"}],"curies":[{"name":"wp","href":"https:\/\/api.w.org\/{rel}","templated":true}]}}