{"id":757345,"date":"2025-08-28T07:33:09","date_gmt":"2025-08-28T04:33:09","guid":{"rendered":"https:\/\/roveyayinevi.com.tr\/index.php\/urun\/lahza-3-gece-ve-safak-ciltli\/"},"modified":"2026-04-16T03:10:38","modified_gmt":"2026-04-16T00:10:38","slug":"lahza-3-gece-ve-safak-ciltli","status":"publish","type":"product","link":"https:\/\/roveyayinevi.com.tr\/index.php\/urun\/lahza-3-gece-ve-safak-ciltli\/","title":{"rendered":"Lahza 3 &#8211; Gece ve \u015eafak (Ciltli)"},"content":{"rendered":"<p>\u201c\u0130ZAF\u0130 B\u0130R KAVRAMSA ZAMAN B\u0130R LAHZADAN \u0130BARETT\u0130. SENELER SONRA B\u0130LE B\u0130TMEYEN B\u0130R A\u015eK VARMI\u015e, \u0130NANDIM.\u201d   \u201cBundan sonra seni b\u0131rakm\u0131yorum, senden bir ad\u0131m \u00f6teye yemin ederim ki gitmiyorum.\u201d Elini cebine att\u0131\u011f\u0131nda, sar\u0131 alyans gecenin karanl\u0131\u011f\u0131nda parlad\u0131. \u201cHi\u00e7bir \u015feyi hak etti\u011fin gibi ya\u015fatamad\u0131m ama Mahru\u2026\u201d Sesiyle kalbimdeki tela\u015f katbekat b\u00fcy\u00fcd\u00fc. \u201cBenim i\u00e7in y\u00e2r da sensin yara da sen\u2026 Zehir de sensin, \u015fifa da sen\u2026 \u015eu y\u00fcre\u011fin\u2026\u201d dedi, tek parma\u011f\u0131n\u0131 tela\u015fla g\u00f6\u011fs\u00fcne vurdu\u011funda. \u201cNe\u015fesi sensin, kederi sen\u2026\u201d Ak\u0131l durdu, dil lal oldu, kalp ta\u015ft\u0131. *** \u201cDerler ki en b\u00fcy\u00fck hak g\u00f6n\u00fcl k\u0131rmakt\u0131r. \u00c7ok k\u0131rd\u0131m, g\u00fczel sevdin.\u201d \u0130\u00e7imde zelzeleler koptu, ta\u015flar yerinden oynad\u0131, ona \u00f6r\u00fclen t\u00fcm duvarlar y\u0131k\u0131ld\u0131. Ba\u011fl\u0131l\u0131\u011f\u0131n simgesi olan ve seneler \u00f6nce benden kopan o y\u00fcz\u00fck, b\u0131rakt\u0131\u011f\u0131m g\u00fcnk\u00fc gibi onda dururken \u201cHelal et,\u201d dedi. Art\u0131k g\u00f6remeyece\u011fim kadar bulan\u0131kla\u015fm\u0131\u015ft\u0131 etraf. \u201cEt \u00e7\u00fcnk\u00fc \u015fu ar\u015f\u0131\u00e2l\u00e2 bile \u015fahit ki benim i\u00e7in evvel sensin\u2026\u201d dedi nem d\u00fc\u015fm\u00fc\u015f g\u00f6zleriyle. \u201cAhir sen\u2026\u201d <\/p>\n","protected":false},"excerpt":{"rendered":"<p>\u201c\u0130ZAF\u0130 B\u0130R KAVRAMSA ZAMAN B\u0130R LAHZADAN \u0130BARETT\u0130. SENELER SONRA B\u0130LE B\u0130TMEYEN B\u0130R A\u015eK VARMI\u015e, \u0130NANDIM.\u201d \u201cBundan sonra seni b\u0131rakm\u0131yorum, senden bir ad\u0131m \u00f6teye yemin ederim ki<span class=\"excerpt-hellip\"> [\u2026]<\/span><\/p>\n","protected":false},"featured_media":0,"template":"","meta":{"_monsterinsights_skip_tracking":false,"_monsterinsights_sitenote_active":false,"_monsterinsights_sitenote_note":"","_monsterinsights_sitenote_category":0},"product_brand":[],"product_cat":[12291,12711],"product_tag":[],"class_list":{"0":"post-757345","1":"product","2":"type-product","3":"status-publish","5":"product_cat-edebiyat","6":"product_cat-roman-oyku","7":"pa_cilt-ciltli","8":"pa_tur-kitap","9":"pa_yayinevi-dokuz-yayinlari","10":"pa_yazar-humeyra","12":"first","13":"instock","14":"sale","15":"shipping-taxable","16":"purchasable","17":"product-type-simple"},"_links":{"self":[{"href":"https:\/\/roveyayinevi.com.tr\/index.php\/wp-json\/wp\/v2\/product\/757345","targetHints":{"allow":["GET"]}}],"collection":[{"href":"https:\/\/roveyayinevi.com.tr\/index.php\/wp-json\/wp\/v2\/product"}],"about":[{"href":"https:\/\/roveyayinevi.com.tr\/index.php\/wp-json\/wp\/v2\/types\/product"}],"wp:attachment":[{"href":"https:\/\/roveyayinevi.com.tr\/index.php\/wp-json\/wp\/v2\/media?parent=757345"}],"wp:term":[{"taxonomy":"product_brand","embeddable":true,"href":"https:\/\/roveyayinevi.com.tr\/index.php\/wp-json\/wp\/v2\/product_brand?post=757345"},{"taxonomy":"product_cat","embeddable":true,"href":"https:\/\/roveyayinevi.com.tr\/index.php\/wp-json\/wp\/v2\/product_cat?post=757345"},{"taxonomy":"product_tag","embeddable":true,"href":"https:\/\/roveyayinevi.com.tr\/index.php\/wp-json\/wp\/v2\/product_tag?post=757345"}],"curies":[{"name":"wp","href":"https:\/\/api.w.org\/{rel}","templated":true}]}}