{"id":757342,"date":"2025-08-28T07:33:02","date_gmt":"2025-08-28T04:33:02","guid":{"rendered":"https:\/\/roveyayinevi.com.tr\/index.php\/urun\/daluyku-is-serisi-5-ciltli\/"},"modified":"2026-04-07T03:16:06","modified_gmt":"2026-04-07T00:16:06","slug":"daluyku-is-serisi-5-ciltli","status":"publish","type":"product","link":"https:\/\/roveyayinevi.com.tr\/index.php\/urun\/daluyku-is-serisi-5-ciltli\/","title":{"rendered":"Daluyku &#8211; \u0130s Serisi 5 (Ciltli)"},"content":{"rendered":"<p>Ya\u015fanan felaketin ard\u0131ndan, tehdit alt\u0131nda olduklar\u0131n\u0131 hisseden Korhan, \u0130s\u2019i koruyabilmek i\u00e7in onu Mardin\u2019e g\u00f6t\u00fcrmeye karar verir. Zaman t\u00fcnelinin i\u00e7inde ilerleyip ya\u015fanan eski an\u0131lara yeniden dokunduklar\u0131 bu s\u00fcre\u00e7te Mardin onlar\u0131n yaralar\u0131n\u0131 iyile\u015ftirecek merhem olabilecek midir? Kaos b\u00fcy\u00fck bir h\u0131zla onlara do\u011fru yakla\u015f\u0131rken, a\u015fklar\u0131 bu kaosun i\u00e7inde tek par\u00e7a kalabilmeleri i\u00e7in kalkanlar\u0131 h\u00e2line gelir ama \u0130s i\u00e7in \u00f6\u011frendi\u011fi yeni bir ger\u00e7ekle birlikte zorlu bir s\u00fcre\u00e7 ba\u015flamak \u00fczeredir. Serinin veda kitab\u0131nda, karanl\u0131k t\u00fcm g\u00f6ky\u00fcz\u00fcn\u00fc kapl\u0131yor ve \u015fafa\u011f\u0131n, g\u00fcne\u015fi do\u011furmak i\u00e7in geceye meydan okudu\u011fu bir sava\u015f ba\u015fl\u0131yor.   \u201cSevgili Mantus,\u201d diye f\u0131s\u0131ldad\u0131m. \u201cHer evrende mutlak surette seni bulman\u0131n bir yolunu ararken ben, sen beni mahvetmek i\u00e7in orada olacaks\u0131n ve yine, yeniden ben, senin taraf\u0131ndan mahvedilmenin ma\u011fduruyken bile sana \u00e2\u015f\u0131k kalaca\u011f\u0131m.\u201d \u201c\u00c7\u00fcnk\u00fc,\u201d dedik ayn\u0131 anda. \u201cAyn\u0131 ruhtan yarat\u0131lanlar,\u201d diye devam ettik ayn\u0131 anda. Yeniden bir arada konu\u015ftuk. Bu son nefesimizdi. \u201cSonsuz bir d\u00f6ng\u00fcde, s\u00fcrekli birbirlerine \u00e7arpacaklard\u0131r.\u201d <\/p>\n","protected":false},"excerpt":{"rendered":"<p>Ya\u015fanan felaketin ard\u0131ndan, tehdit alt\u0131nda olduklar\u0131n\u0131 hisseden Korhan, \u0130s\u2019i koruyabilmek i\u00e7in onu Mardin\u2019e g\u00f6t\u00fcrmeye karar verir. Zaman t\u00fcnelinin i\u00e7inde ilerleyip ya\u015fanan eski an\u0131lara yeniden dokunduklar\u0131 bu<span class=\"excerpt-hellip\"> [\u2026]<\/span><\/p>\n","protected":false},"featured_media":0,"template":"","meta":{"_monsterinsights_skip_tracking":false,"_monsterinsights_sitenote_active":false,"_monsterinsights_sitenote_note":"","_monsterinsights_sitenote_category":0},"product_brand":[],"product_cat":[12291,12711],"product_tag":[],"class_list":{"0":"post-757342","1":"product","2":"type-product","3":"status-publish","5":"product_cat-edebiyat","6":"product_cat-roman-oyku","7":"pa_cilt-ciltli","8":"pa_tur-kitap","9":"pa_yayinevi-dokuz-yayinlari","10":"pa_yazar-binnur-safak-nigiz","12":"first","13":"instock","14":"sale","15":"shipping-taxable","16":"purchasable","17":"product-type-simple"},"_links":{"self":[{"href":"https:\/\/roveyayinevi.com.tr\/index.php\/wp-json\/wp\/v2\/product\/757342","targetHints":{"allow":["GET"]}}],"collection":[{"href":"https:\/\/roveyayinevi.com.tr\/index.php\/wp-json\/wp\/v2\/product"}],"about":[{"href":"https:\/\/roveyayinevi.com.tr\/index.php\/wp-json\/wp\/v2\/types\/product"}],"wp:attachment":[{"href":"https:\/\/roveyayinevi.com.tr\/index.php\/wp-json\/wp\/v2\/media?parent=757342"}],"wp:term":[{"taxonomy":"product_brand","embeddable":true,"href":"https:\/\/roveyayinevi.com.tr\/index.php\/wp-json\/wp\/v2\/product_brand?post=757342"},{"taxonomy":"product_cat","embeddable":true,"href":"https:\/\/roveyayinevi.com.tr\/index.php\/wp-json\/wp\/v2\/product_cat?post=757342"},{"taxonomy":"product_tag","embeddable":true,"href":"https:\/\/roveyayinevi.com.tr\/index.php\/wp-json\/wp\/v2\/product_tag?post=757342"}],"curies":[{"name":"wp","href":"https:\/\/api.w.org\/{rel}","templated":true}]}}