{"id":757341,"date":"2025-08-28T07:33:00","date_gmt":"2025-08-28T04:33:00","guid":{"rendered":"https:\/\/roveyayinevi.com.tr\/index.php\/urun\/kirmizi-anahtar-1\/"},"modified":"2026-04-16T03:10:38","modified_gmt":"2026-04-16T00:10:38","slug":"kirmizi-anahtar-1","status":"publish","type":"product","link":"https:\/\/roveyayinevi.com.tr\/index.php\/urun\/kirmizi-anahtar-1\/","title":{"rendered":"K\u0131rm\u0131z\u0131 Anahtar 1"},"content":{"rendered":"<p>O, T\u00dcM T\u00dcRK\u0130YE\u2019DE ARANAN B\u0130R KANUN KA\u00c7A\u011eI, \u0130Z\u0130 S\u00dcR\u00dcLEMEYEN B\u0130R HACKER\u2026 K\u0130M\u0130NE G\u00d6RE HA\u0130N, K\u0130M\u0130NE G\u00d6RE KAHRAMAN\u2026 KAMUOYUNCA B\u0130L\u0130NEN KOD ADIYLA; \u201cREDKEY\u201d   T\u00fcrkiye\u2019deki aktif t\u00fcm sosyal medya hesaplar\u0131n\u0131 ele ge\u00e7irerek \u00fclke tarihinin en b\u00fcy\u00fck siber sald\u0131r\u0131s\u0131n\u0131 ger\u00e7ekle\u015ftiren Redkey, yay\u0131nlad\u0131\u011f\u0131 bir manifestoyla \u201c\u015eahbozanlar\u201d diye tan\u0131mlad\u0131\u011f\u0131 bir g\u00fcruha sava\u015f a\u00e7t\u0131\u011f\u0131n\u0131 ilan eder. Eylemlerinin sebebini, \u00fclkede \u00e7\u00f6ken adalet sistemine kar\u015f\u0131 bir ba\u015fkald\u0131r\u0131 olarak a\u00e7\u0131klayan Redkey, k\u0131sa s\u00fcre i\u00e7inde, su\u00e7lu oldu\u011funu iddia etti\u011fi \u015fah\u0131slar\u0131 yakalay\u0131p boyunlar\u0131na k\u0131rm\u0131z\u0131 bir anahtar takarak emniyet g\u00fc\u00e7lerine teslim etmeye ba\u015flar. Y\u00fcz\u00fc ve kimli\u011fi kimse taraf\u0131ndan bilinmeyen bu anti-kahraman\u0131n yolu bir g\u00fcn, kendi h\u00e2linde ya\u015fayan gazeteci Deniz\u2019le kesi\u015fti\u011finde ise olaylar geli\u015fir.   Hik\u00e2ye, kendini belirli kal\u0131p ve tak\u0131nt\u0131lar\u0131n i\u00e7ine hapseden gazeteci k\u0131z Deniz\u2019in a\u011fz\u0131ndan anlat\u0131l\u0131yor. Gen\u00e7 k\u0131z, tekd\u00fcze giden hayat\u0131na bir anda giren ve t\u00fcm ya\u015fant\u0131s\u0131n\u0131 tepetaklak eden yabanc\u0131 bir adam\u0131n \u00fczerinden, kendi i\u00e7 d\u00fcnyas\u0131yla hesapla\u015fmaya ba\u015fl\u0131yor. <\/p>\n","protected":false},"excerpt":{"rendered":"<p>O, T\u00dcM T\u00dcRK\u0130YE\u2019DE ARANAN B\u0130R KANUN KA\u00c7A\u011eI, \u0130Z\u0130 S\u00dcR\u00dcLEMEYEN B\u0130R HACKER\u2026 K\u0130M\u0130NE G\u00d6RE HA\u0130N, K\u0130M\u0130NE G\u00d6RE KAHRAMAN\u2026 KAMUOYUNCA B\u0130L\u0130NEN KOD ADIYLA; \u201cREDKEY\u201d T\u00fcrkiye\u2019deki aktif t\u00fcm sosyal<span class=\"excerpt-hellip\"> [\u2026]<\/span><\/p>\n","protected":false},"featured_media":0,"template":"","meta":{"_monsterinsights_skip_tracking":false,"_monsterinsights_sitenote_active":false,"_monsterinsights_sitenote_note":"","_monsterinsights_sitenote_category":0},"product_brand":[],"product_cat":[12291,12711],"product_tag":[],"class_list":{"0":"post-757341","1":"product","2":"type-product","3":"status-publish","5":"product_cat-edebiyat","6":"product_cat-roman-oyku","7":"pa_cilt-ciltsiz","8":"pa_tur-kitap","9":"pa_yayinevi-dokuz-yayinlari","10":"pa_yazar-esra-canli","12":"first","13":"instock","14":"sale","15":"shipping-taxable","16":"purchasable","17":"product-type-simple"},"_links":{"self":[{"href":"https:\/\/roveyayinevi.com.tr\/index.php\/wp-json\/wp\/v2\/product\/757341","targetHints":{"allow":["GET"]}}],"collection":[{"href":"https:\/\/roveyayinevi.com.tr\/index.php\/wp-json\/wp\/v2\/product"}],"about":[{"href":"https:\/\/roveyayinevi.com.tr\/index.php\/wp-json\/wp\/v2\/types\/product"}],"wp:attachment":[{"href":"https:\/\/roveyayinevi.com.tr\/index.php\/wp-json\/wp\/v2\/media?parent=757341"}],"wp:term":[{"taxonomy":"product_brand","embeddable":true,"href":"https:\/\/roveyayinevi.com.tr\/index.php\/wp-json\/wp\/v2\/product_brand?post=757341"},{"taxonomy":"product_cat","embeddable":true,"href":"https:\/\/roveyayinevi.com.tr\/index.php\/wp-json\/wp\/v2\/product_cat?post=757341"},{"taxonomy":"product_tag","embeddable":true,"href":"https:\/\/roveyayinevi.com.tr\/index.php\/wp-json\/wp\/v2\/product_tag?post=757341"}],"curies":[{"name":"wp","href":"https:\/\/api.w.org\/{rel}","templated":true}]}}