{"id":757340,"date":"2025-08-28T07:32:58","date_gmt":"2025-08-28T04:32:58","guid":{"rendered":"https:\/\/roveyayinevi.com.tr\/index.php\/urun\/kirmizi-anahtar-2-zincirkiran\/"},"modified":"2026-04-16T03:10:38","modified_gmt":"2026-04-16T00:10:38","slug":"kirmizi-anahtar-2-zincirkiran","status":"publish","type":"product","link":"https:\/\/roveyayinevi.com.tr\/index.php\/urun\/kirmizi-anahtar-2-zincirkiran\/","title":{"rendered":"K\u0131rm\u0131z\u0131 Anahtar 2 &#8211; Zincirk\u0131ran"},"content":{"rendered":"<p>KUR\u015eUN ASKER VE DANS\u00c7I KIZ\u2019IN H\u0130K\u00c2YES\u0130NDE \u0130K\u0130NC\u0130 PERDE\u2026   \u201cK\u0131\u015f geldi. Bug\u00fcn Aral\u0131k\u2019\u0131n ilk g\u00fcn\u00fc ve eski bir h\u00fczn\u00fc yeni bir mevsime ta\u015f\u0131mak kadar can\u0131m\u0131 s\u0131kan bir \u015fey yok. Belki birka\u00e7 g\u00fcne kar ya\u011facak, evlerin \u00e7at\u0131lar\u0131nda buzdan, keskin sarka\u00e7lar olu\u015facak, belki beyaz bir katman\u0131n alt\u0131nda \u00e7at\u0131rdayan durgun sular don tutacak; kabanlar, parkalar, postallar etimizdeki yerini alacak. Muhtemel ki k\u0131\u015f, evreni, insan\u0131 ve e\u015fyay\u0131 kendi ko\u015fullar\u0131nda yeniden \u015fekillendirecek. Ve muhtemel ki sen, o g\u00fcn de yan\u0131mda olmayacaks\u0131n.\u201d   Kap\u0131s\u0131n\u0131n \u00f6n\u00fcne yaral\u0131 h\u00e2lde y\u0131\u011f\u0131lan yabanc\u0131 bir adam\u0131, mesleki reflekslerine yenik d\u00fc\u015ferek evine alan gazeteci Deniz, adam\u0131n ger\u00e7ekte Redkey kod adl\u0131 kanun ka\u00e7a\u011f\u0131 oldu\u011funu bilmemektedir. Ya\u011f\u0131z ismindeki yabanc\u0131n\u0131n, \u00f6nemli bir haber dosyas\u0131 kar\u015f\u0131l\u0131\u011f\u0131nda, gen\u00e7 k\u0131za bir s\u00fcre birlikte ya\u015famay\u0131 teklif etmesi ise ikisi i\u00e7in yetmi\u015f bir g\u00fcn s\u00fcrecek ev arkada\u015fl\u0131\u011f\u0131n\u0131n ba\u015flang\u0131c\u0131 olur. Ancak z\u0131t karakterleri sebebiyle s\u0131k s\u0131k ters d\u00fc\u015fen ikili aras\u0131nda zamanla olu\u015fan beklenmedik bir ba\u011f, Ya\u011f\u0131z\u2019\u0131n bir sabah ard\u0131nda b\u0131rakt\u0131\u011f\u0131 bir y\u00fcz\u00fck ve k\u0131sa bir notla ortadan kaybolmas\u0131yla sekteye u\u011frar. Ya\u015fad\u0131\u011f\u0131 bu ani ayr\u0131l\u0131kla sars\u0131lan Deniz, serinin ikinci kitab\u0131nda Ya\u011f\u0131z\u2019\u0131n izini s\u00fcrmeye \u00e7al\u0131\u015f\u0131rken ortaya \u00e7\u0131kan her s\u0131r yeni bir s\u0131rr\u0131, \u00e7\u00f6z\u00fclen her d\u00fc\u011f\u00fcm ise yeni bir d\u00fc\u011f\u00fcm\u00fc beraberinde getirecektir. <\/p>\n","protected":false},"excerpt":{"rendered":"<p>KUR\u015eUN ASKER VE DANS\u00c7I KIZ\u2019IN H\u0130K\u00c2YES\u0130NDE \u0130K\u0130NC\u0130 PERDE\u2026 \u201cK\u0131\u015f geldi. Bug\u00fcn Aral\u0131k\u2019\u0131n ilk g\u00fcn\u00fc ve eski bir h\u00fczn\u00fc yeni bir mevsime ta\u015f\u0131mak kadar can\u0131m\u0131 s\u0131kan bir<span class=\"excerpt-hellip\"> [\u2026]<\/span><\/p>\n","protected":false},"featured_media":0,"template":"","meta":{"_monsterinsights_skip_tracking":false,"_monsterinsights_sitenote_active":false,"_monsterinsights_sitenote_note":"","_monsterinsights_sitenote_category":0},"product_brand":[],"product_cat":[12291,12711],"product_tag":[],"class_list":{"0":"post-757340","1":"product","2":"type-product","3":"status-publish","5":"product_cat-edebiyat","6":"product_cat-roman-oyku","7":"pa_cilt-ciltsiz","8":"pa_tur-kitap","9":"pa_yayinevi-dokuz-yayinlari","10":"pa_yazar-esra-canli","12":"first","13":"instock","14":"sale","15":"shipping-taxable","16":"purchasable","17":"product-type-simple"},"_links":{"self":[{"href":"https:\/\/roveyayinevi.com.tr\/index.php\/wp-json\/wp\/v2\/product\/757340","targetHints":{"allow":["GET"]}}],"collection":[{"href":"https:\/\/roveyayinevi.com.tr\/index.php\/wp-json\/wp\/v2\/product"}],"about":[{"href":"https:\/\/roveyayinevi.com.tr\/index.php\/wp-json\/wp\/v2\/types\/product"}],"wp:attachment":[{"href":"https:\/\/roveyayinevi.com.tr\/index.php\/wp-json\/wp\/v2\/media?parent=757340"}],"wp:term":[{"taxonomy":"product_brand","embeddable":true,"href":"https:\/\/roveyayinevi.com.tr\/index.php\/wp-json\/wp\/v2\/product_brand?post=757340"},{"taxonomy":"product_cat","embeddable":true,"href":"https:\/\/roveyayinevi.com.tr\/index.php\/wp-json\/wp\/v2\/product_cat?post=757340"},{"taxonomy":"product_tag","embeddable":true,"href":"https:\/\/roveyayinevi.com.tr\/index.php\/wp-json\/wp\/v2\/product_tag?post=757340"}],"curies":[{"name":"wp","href":"https:\/\/api.w.org\/{rel}","templated":true}]}}