{"id":757337,"date":"2025-08-28T07:32:54","date_gmt":"2025-08-28T04:32:54","guid":{"rendered":"https:\/\/roveyayinevi.com.tr\/index.php\/urun\/domuzlarin-guzel-cigliklari\/"},"modified":"2026-04-11T14:25:39","modified_gmt":"2026-04-11T11:25:39","slug":"domuzlarin-guzel-cigliklari","status":"publish","type":"product","link":"https:\/\/roveyayinevi.com.tr\/index.php\/urun\/domuzlarin-guzel-cigliklari\/","title":{"rendered":"Domuzlar\u0131n G\u00fczel \u00c7\u0131\u011fl\u0131klar\u0131"},"content":{"rendered":"<p>Buras\u0131 d\u00fcnyan\u0131n s\u0131n\u0131r\u0131!Booker \u00d6d\u00fcll\u00fc Damon Galgut&#8217;un kaleminden \u00e7\u0131kan Domuzlar\u0131n G\u00fczel \u00c7\u0131\u011fl\u0131klar\u0131 \u00f6tekile\u015ftirilenlerin sesine kulak kesiliyor, karanl\u0131k Afrika&#8217;n\u0131n \u00f6zg\u00fcr ve ayd\u0131nl\u0131k tarihine y\u00fcreklendirici bir bak\u0131\u015f at\u0131yor.Ruhunu delik de\u015fik eden travmalardan kurtulmak \u00fcmidiyle hayat\u0131nda yeni bir sayfa a\u00e7maya haz\u0131rlanan gen\u00e7 bir adam\u0131n yolunu \u00f6nce Namibya&#8217;ya sonras\u0131nda da kendi ge\u00e7mi\u015fine ve hat\u0131ralar\u0131na \u00e7\u0131karan yazar; psikolojik g\u00f6zlemleri en az politik analizleri kadar g\u00fc\u00e7l\u00fc bir metne imza at\u0131yor.  Zulme, haks\u0131zl\u0131\u011fa ve merhametsizli\u011fe kar\u015f\u0131 kan revan i\u00e7inde bir &#8221;kurtulu\u015f&#8221; hik\u00e2yesi anlatan kitap, gelece\u011fini arayan Afrika k\u0131tas\u0131n\u0131n k\u0131r\u0131lgan tarihini sorgulamakla kalm\u0131yor, ayn\u0131 zamanda \u00f6zg\u00fcrl\u00fck pahas\u0131na can\u0131n\u0131 ortaya koyanlar\u0131n an\u0131s\u0131na da sayg\u0131yla e\u011filiyor. &#8221;Bir domuzun \u00f6l\u00fcrken \u00e7\u0131kard\u0131\u011f\u0131na benzer ses yoktur d\u00fcnyada. \u0130lkel, bilin\u00e7d\u0131\u015f\u0131 zihinde yaralar a\u00e7an bir feryatt\u0131r. Terk edilen bebeklerin, zorla al\u0131koyulan kad\u0131nlar\u0131n, d\u00fcnyan\u0131n s\u00f6k\u00fclen mente\u015felerinin sesidir&#8230;&#8221;\u00c7eyrek as\u0131ra ula\u015fmayan k\u0131sac\u0131k \u00f6mr\u00fcnde Patrick&#8217;in emin oldu\u011fu tek bir \u015fey var: hayat \u0131st\u0131raptan ibaret! Ve belki de en fenas\u0131, etraf\u0131ndaki her \u015fey bu \u0131st\u0131rab\u0131n fiziksel bir \u015fekli. Hen\u00fcz bir y\u0131l \u00f6nce, \u00e7aresizce kaderine bo\u011fun e\u011fip vatan\u0131 beyaz G\u00fcney Afrika&#8217;y\u0131 savunmak \u00fczere cephede Namibyal\u0131 askerlere &#8221;zorunluluktan&#8221; silah s\u0131karken, bug\u00fcn annesinin \u00f6zg\u00fcr Namibyal\u0131 erkek arkada\u015f\u0131yla tan\u0131\u015fmak ve ilk serbest se\u00e7imlere tan\u0131kl\u0131k etmek i\u00e7in y\u0131k\u0131k d\u00f6k\u00fck an\u0131larla haf\u0131zas\u0131na kaz\u0131lan &#8221;o&#8221; yere geri d\u00f6n\u00fcyor. \u00dcstelik bu kez a\u015ft\u0131\u011f\u0131 \u015fey yaln\u0131zca dikenli tellerle ya da sivri a\u011fa\u00e7larla \u00f6r\u00fcl\u00fc &#8221;s\u0131n\u0131rlar&#8221; de\u011fil; hat\u0131ralar\u0131nda ve benli\u011finde k\u00f6k salm\u0131\u015f onca \u00f6nyarg\u0131, kalp k\u0131r\u0131kl\u0131\u011f\u0131, ac\u0131 dolu travma da var. Elbette ufukta onu \u00f6zg\u00fcrl\u00fck ve huzur bekliyor ama \u00f6nce, ruhu ile etraf\u0131ndaki maddesel d\u00fcnya aras\u0131nda giri\u015fti\u011fi \u00e7etin dayan\u0131kl\u0131l\u0131k yar\u0131\u015f\u0131ndan, varolu\u015fsal s\u0131navdan ge\u00e7meli.  Ge\u00e7mi\u015fin karanl\u0131k g\u00f6lgelerinden s\u0131yr\u0131lmaya \u00e7al\u0131\u015f\u0131rken ya\u015fad\u0131klar\u0131 topraklar\u0131n gelgitlerinden nasibini alan bir anne ile o\u011fulun ac\u0131yla s\u0131nanan hik\u00e2yesini sayfalar\u0131na ta\u015f\u0131yan bu psikolojik kitap, Afrika&#8217;n\u0131n hemen her k\u00f6\u015fesinde h\u00fck\u00fcm s\u00fcren ayr\u0131mc\u0131l\u0131\u011f\u0131 ve e\u015fitsizli\u011fi de ger\u00e7ek\u00e7i bir perspektifle ele al\u0131yor.  Damon Galgut&#8217;un erken d\u00f6nem yap\u0131tlar\u0131ndan olan Domuzlar\u0131n G\u00fczel \u00c7\u0131\u011fl\u0131klar\u0131, okuru k\u0131sk\u0131vrak avucunun i\u00e7ine alan, s\u00fcr\u00fckleyici anlat\u0131s\u0131yla hakikatlere \u0131\u015f\u0131k tutan, \u00e7arp\u0131c\u0131 bir roman.<\/p>\n","protected":false},"excerpt":{"rendered":"<p>Buras\u0131 d\u00fcnyan\u0131n s\u0131n\u0131r\u0131!Booker \u00d6d\u00fcll\u00fc Damon Galgut&#8217;un kaleminden \u00e7\u0131kan Domuzlar\u0131n G\u00fczel \u00c7\u0131\u011fl\u0131klar\u0131 \u00f6tekile\u015ftirilenlerin sesine kulak kesiliyor, karanl\u0131k Afrika&#8217;n\u0131n \u00f6zg\u00fcr ve ayd\u0131nl\u0131k tarihine y\u00fcreklendirici bir bak\u0131\u015f at\u0131yor.Ruhunu delik<span class=\"excerpt-hellip\"> [\u2026]<\/span><\/p>\n","protected":false},"featured_media":0,"template":"","meta":{"_monsterinsights_skip_tracking":false,"_monsterinsights_sitenote_active":false,"_monsterinsights_sitenote_note":"","_monsterinsights_sitenote_category":0},"product_brand":[],"product_cat":[12291,12711],"product_tag":[],"class_list":{"0":"post-757337","1":"product","2":"type-product","3":"status-publish","5":"product_cat-edebiyat","6":"product_cat-roman-oyku","7":"pa_cilt-ciltsiz","8":"pa_tur-kitap","9":"pa_yayinevi-delidolu","10":"pa_yazar-damon-galgut","12":"first","13":"instock","14":"sale","15":"shipping-taxable","16":"purchasable","17":"product-type-simple"},"_links":{"self":[{"href":"https:\/\/roveyayinevi.com.tr\/index.php\/wp-json\/wp\/v2\/product\/757337","targetHints":{"allow":["GET"]}}],"collection":[{"href":"https:\/\/roveyayinevi.com.tr\/index.php\/wp-json\/wp\/v2\/product"}],"about":[{"href":"https:\/\/roveyayinevi.com.tr\/index.php\/wp-json\/wp\/v2\/types\/product"}],"wp:attachment":[{"href":"https:\/\/roveyayinevi.com.tr\/index.php\/wp-json\/wp\/v2\/media?parent=757337"}],"wp:term":[{"taxonomy":"product_brand","embeddable":true,"href":"https:\/\/roveyayinevi.com.tr\/index.php\/wp-json\/wp\/v2\/product_brand?post=757337"},{"taxonomy":"product_cat","embeddable":true,"href":"https:\/\/roveyayinevi.com.tr\/index.php\/wp-json\/wp\/v2\/product_cat?post=757337"},{"taxonomy":"product_tag","embeddable":true,"href":"https:\/\/roveyayinevi.com.tr\/index.php\/wp-json\/wp\/v2\/product_tag?post=757337"}],"curies":[{"name":"wp","href":"https:\/\/api.w.org\/{rel}","templated":true}]}}