{"id":757336,"date":"2025-08-28T07:32:52","date_gmt":"2025-08-28T04:32:52","guid":{"rendered":"https:\/\/roveyayinevi.com.tr\/index.php\/urun\/kuranda-goc-olgusu-goc-olgusuna-otantik-bir-yaklasim\/"},"modified":"2026-04-16T03:10:38","modified_gmt":"2026-04-16T00:10:38","slug":"kuranda-goc-olgusu-goc-olgusuna-otantik-bir-yaklasim","status":"publish","type":"product","link":"https:\/\/roveyayinevi.com.tr\/index.php\/urun\/kuranda-goc-olgusu-goc-olgusuna-otantik-bir-yaklasim\/","title":{"rendered":"Kur&#8217;an&#8217;da G\u00f6\u00e7 Olgusu (G\u00f6\u00e7 Olgusuna Otantik Bir Yakla\u015f\u0131m)"},"content":{"rendered":"<p>G\u00f6\u00e7, tarih boyunca insanl\u0131\u011f\u0131n de\u011fi\u015fmeyen ortak olgular\u0131ndan biridir. Bir\u00e7ok \u00f6nemli olay\u0131n temelindeki etken g\u00f6\u00e7t\u00fcr. Zira insanlar, farkl\u0131 nedenlerle yer de\u011fi\u015ftirme e\u011filimindedirler ve bu, insan do\u011fas\u0131n\u0131n bir par\u00e7as\u0131d\u0131r. \u0130nsanl\u0131k tarihiyle birlikte kar\u015f\u0131m\u0131za \u00e7\u0131kan g\u00f6\u00e7 olgusu dini metinlerinde konusu olmu\u015ftur. G\u00f6\u00e7, dini metinlerin ana konusu olmasa da dini inanc\u0131n olu\u015fmas\u0131 ve yay\u0131lmas\u0131 s\u00fcrecinde etkileyici fakt\u00f6rlerin ba\u015f\u0131nda gelmektedir. Kur\u2019an, g\u00f6\u00e7 konusunu ana konu olarak ele almamaktad\u0131r. Fakat yapt\u0131\u011f\u0131 at\u0131flarda ciddi \u00f6neme haizdir. Problemler kar\u015f\u0131s\u0131nda g\u00f6\u00e7\u00fc bir \u00e7\u00f6z\u00fcm olarak sunmaktad\u0131r. Nitekim \u00e7\u00f6z\u00fclemeyen problemler ve \u015fiddet e\u011filimlerinin oldu\u011fu yerlerde \u201cAllah\u2019\u0131n arz\u0131 geni\u015ftir\u201d diyerek g\u00f6\u00e7 olgusunu \u00e7\u00f6z\u00fcm olarak sunmu\u015ftur. Kur\u2019an\u2019da anlat\u0131lan peygamber k\u0131ssalar\u0131n \u00e7o\u011funlu\u011funda g\u00f6\u00e7 konusuna temas edilmi\u015ftir. Bulunduklar\u0131 yerlerden g\u00f6\u00e7 eden peygamberler gittikleri yerlerde daha iyi bir konuma gelmi\u015fler ve g\u00f6\u00e7 onlar i\u00e7in bir rahmet olmu\u015ftur. \u0130slam dininin yay\u0131lmas\u0131 i\u00e7in bir\u00e7ok sahabe de g\u00f6\u00e7 etmi\u015ftir. D\u00fcnyan\u0131n farkl\u0131 yerlerinde sahabe mezarlar\u0131 bulunmaktad\u0131r. Dolay\u0131s\u0131yla g\u00f6\u00e7 tebli\u011f fonksiyonun icra edilmesinde \u00f6nemli fig\u00fcranlardan biridir. Kur\u2019an g\u00f6\u00e7\u00fc ana gaye ve hedef tema olan Allah inanc\u0131n\u0131n yay\u0131lmas\u0131nda \u00f6nemli bir etken olarak sunmaktad\u0131r. <\/p>\n","protected":false},"excerpt":{"rendered":"<p>G\u00f6\u00e7, tarih boyunca insanl\u0131\u011f\u0131n de\u011fi\u015fmeyen ortak olgular\u0131ndan biridir. Bir\u00e7ok \u00f6nemli olay\u0131n temelindeki etken g\u00f6\u00e7t\u00fcr. Zira insanlar, farkl\u0131 nedenlerle yer de\u011fi\u015ftirme e\u011filimindedirler ve bu, insan do\u011fas\u0131n\u0131n bir<span class=\"excerpt-hellip\"> [\u2026]<\/span><\/p>\n","protected":false},"featured_media":0,"template":"","meta":{"_monsterinsights_skip_tracking":false,"_monsterinsights_sitenote_active":false,"_monsterinsights_sitenote_note":"","_monsterinsights_sitenote_category":0},"product_brand":[],"product_cat":[13036,12718,12719],"product_tag":[],"class_list":{"0":"post-757336","1":"product","2":"type-product","3":"status-publish","5":"product_cat-arastirma-inceleme-islam","6":"product_cat-din","7":"product_cat-islam","8":"pa_cilt-ciltsiz","9":"pa_tur-kitap","10":"pa_yayinevi-soncag-akademik-kitaplar","11":"pa_yazar-nihat-demirkol","13":"first","14":"instock","15":"sale","16":"shipping-taxable","17":"purchasable","18":"product-type-simple"},"_links":{"self":[{"href":"https:\/\/roveyayinevi.com.tr\/index.php\/wp-json\/wp\/v2\/product\/757336","targetHints":{"allow":["GET"]}}],"collection":[{"href":"https:\/\/roveyayinevi.com.tr\/index.php\/wp-json\/wp\/v2\/product"}],"about":[{"href":"https:\/\/roveyayinevi.com.tr\/index.php\/wp-json\/wp\/v2\/types\/product"}],"wp:attachment":[{"href":"https:\/\/roveyayinevi.com.tr\/index.php\/wp-json\/wp\/v2\/media?parent=757336"}],"wp:term":[{"taxonomy":"product_brand","embeddable":true,"href":"https:\/\/roveyayinevi.com.tr\/index.php\/wp-json\/wp\/v2\/product_brand?post=757336"},{"taxonomy":"product_cat","embeddable":true,"href":"https:\/\/roveyayinevi.com.tr\/index.php\/wp-json\/wp\/v2\/product_cat?post=757336"},{"taxonomy":"product_tag","embeddable":true,"href":"https:\/\/roveyayinevi.com.tr\/index.php\/wp-json\/wp\/v2\/product_tag?post=757336"}],"curies":[{"name":"wp","href":"https:\/\/api.w.org\/{rel}","templated":true}]}}