{"id":757334,"date":"2025-08-28T07:32:50","date_gmt":"2025-08-28T04:32:50","guid":{"rendered":"https:\/\/roveyayinevi.com.tr\/index.php\/urun\/hunlarin-dili\/"},"modified":"2026-04-16T03:10:38","modified_gmt":"2026-04-16T00:10:38","slug":"hunlarin-dili","status":"publish","type":"product","link":"https:\/\/roveyayinevi.com.tr\/index.php\/urun\/hunlarin-dili\/","title":{"rendered":"Hunlar\u0131n Dili"},"content":{"rendered":"<p>Hunlar kimdi? Ne zaman ya\u015fam\u0131\u015flard\u0131? Dilleri nas\u0131l bir dildi? Acaba Mo\u011folcaya m\u0131 benziyordu yoksa T\u00fcrk\u00e7eye mi? Yoksa daha farkl\u0131 bir dil mi konu\u015fuyorlard\u0131? Mete\u2019nin en eski \u015fekli nas\u0131l yaz\u0131l\u0131p \u2018seslendiriliyordu\u2019? Mete bug\u00fcnk\u00fc \u2018bahad\u0131r\/batur\u2019 s\u00f6z\u00fc m\u00fcyd\u00fc? Avrupa Hunlar\u0131 ile Asya Hunlar\u0131 ayn\u0131 k\u00f6kten mi geliyorlard\u0131? Demirci, kap\u0131c\u0131 gibi kelimeler, \u00c7in kaynaklar\u0131nda yer verilen bu s\u00f6zler bug\u00fcnk\u00fc T\u00fcrk\u00e7eye mi yoksa Mo\u011folcaya m\u0131 ba\u011flanabilir? Bu ve daha ba\u015fka ilgi uyand\u0131ran sorular son 100 y\u0131lda Mo\u011fol ve T\u00fcrk kavimlerinin ilgisini \u00e7eken sorular olmu\u015ftur. Bunlar bat\u0131l\u0131, Japon, Koreli, \u00c7inli tarih\u00e7ilerden dilbilimcilere varas\u0131ya hemen pek \u00e7ok ulustan ara\u015ft\u0131rmac\u0131lar\u0131n ilgisini \u00e7eken konular olmu\u015ftur. Bug\u00fcn bu konu tarih ve dil verilerinin yan\u0131 s\u0131ra arkeoloji ve antropoloji verileri ile de ele al\u0131nmaktad\u0131r. Talat Tekin\u2019in 1993\u2019te yay\u0131mlanan \u00e7al\u0131\u015fmas\u0131 \u00fclkemizde konuyu T\u00fcrkolog g\u00f6z\u00fcyle ele alan ilk yay\u0131nd\u0131r.<\/p>\n","protected":false},"excerpt":{"rendered":"<p>Hunlar kimdi? Ne zaman ya\u015fam\u0131\u015flard\u0131? Dilleri nas\u0131l bir dildi? Acaba Mo\u011folcaya m\u0131 benziyordu yoksa T\u00fcrk\u00e7eye mi? Yoksa daha farkl\u0131 bir dil mi konu\u015fuyorlard\u0131? Mete\u2019nin en eski<span class=\"excerpt-hellip\"> [\u2026]<\/span><\/p>\n","protected":false},"featured_media":0,"template":"","meta":{"_monsterinsights_skip_tracking":false,"_monsterinsights_sitenote_active":false,"_monsterinsights_sitenote_note":"","_monsterinsights_sitenote_category":0},"product_brand":[],"product_cat":[12370,12304],"product_tag":[],"class_list":{"0":"post-757334","1":"product","2":"type-product","3":"status-publish","5":"product_cat-arastirma-inceleme","6":"product_cat-tarih","7":"pa_cilt-ciltsiz","8":"pa_tur-kitap","9":"pa_yayinevi-bilgesu-yayincilik","10":"pa_yazar-talat-tekin","12":"first","13":"instock","14":"sale","15":"shipping-taxable","16":"purchasable","17":"product-type-simple"},"_links":{"self":[{"href":"https:\/\/roveyayinevi.com.tr\/index.php\/wp-json\/wp\/v2\/product\/757334","targetHints":{"allow":["GET"]}}],"collection":[{"href":"https:\/\/roveyayinevi.com.tr\/index.php\/wp-json\/wp\/v2\/product"}],"about":[{"href":"https:\/\/roveyayinevi.com.tr\/index.php\/wp-json\/wp\/v2\/types\/product"}],"wp:attachment":[{"href":"https:\/\/roveyayinevi.com.tr\/index.php\/wp-json\/wp\/v2\/media?parent=757334"}],"wp:term":[{"taxonomy":"product_brand","embeddable":true,"href":"https:\/\/roveyayinevi.com.tr\/index.php\/wp-json\/wp\/v2\/product_brand?post=757334"},{"taxonomy":"product_cat","embeddable":true,"href":"https:\/\/roveyayinevi.com.tr\/index.php\/wp-json\/wp\/v2\/product_cat?post=757334"},{"taxonomy":"product_tag","embeddable":true,"href":"https:\/\/roveyayinevi.com.tr\/index.php\/wp-json\/wp\/v2\/product_tag?post=757334"}],"curies":[{"name":"wp","href":"https:\/\/api.w.org\/{rel}","templated":true}]}}