{"id":757331,"date":"2025-08-28T07:32:45","date_gmt":"2025-08-28T04:32:45","guid":{"rendered":"https:\/\/roveyayinevi.com.tr\/index.php\/urun\/geveze-kitap\/"},"modified":"2026-04-16T03:10:38","modified_gmt":"2026-04-16T00:10:38","slug":"geveze-kitap","status":"publish","type":"product","link":"https:\/\/roveyayinevi.com.tr\/index.php\/urun\/geveze-kitap\/","title":{"rendered":"Geveze Kitap"},"content":{"rendered":"<p>Merhaba, ben Geveze Kitap. Peki ya sen kimsin? Tan\u0131\u015ft\u0131\u011f\u0131m\u0131za \u00e7ok sevindim. Yeni bir okurun elindeyken her zaman heyecanlan\u0131r\u0131m. Bu y\u00fczden sayfalar\u0131m tir tir titriyor. Nerede, nas\u0131l, ka\u00e7 g\u00fcnde okuyacaks\u0131n beni? Bitirdi\u011finde sevecek misin? Birlikte neler ya\u015fayaca\u011f\u0131z, ba\u015f\u0131m\u0131zdan neler ge\u00e7ecek kimbilir? \u0130\u015fte b\u00fct\u00fcn bu sorular\u0131n yan\u0131tlar\u0131n\u0131 \u00f6\u011frenebilmek i\u00e7in sab\u0131rs\u0131zlan\u0131yorum. Haz\u0131rsan kapa\u011f\u0131m\u0131 a\u00e7 bakal\u0131m. \u00d6yk\u00fclerini okuyaca\u011f\u0131n Serkan, Hazal, Efe, G\u00fclnaz ve Bark\u0131n gibi senin okuma ser\u00fcvenin de bir sonraki kitaba eklenir belki. \u0130ster misin? <\/p>\n","protected":false},"excerpt":{"rendered":"<p>Merhaba, ben Geveze Kitap. Peki ya sen kimsin? Tan\u0131\u015ft\u0131\u011f\u0131m\u0131za \u00e7ok sevindim. Yeni bir okurun elindeyken her zaman heyecanlan\u0131r\u0131m. Bu y\u00fczden sayfalar\u0131m tir tir titriyor. Nerede, nas\u0131l,<span class=\"excerpt-hellip\"> [\u2026]<\/span><\/p>\n","protected":false},"featured_media":0,"template":"","meta":{"_monsterinsights_skip_tracking":false,"_monsterinsights_sitenote_active":false,"_monsterinsights_sitenote_note":"","_monsterinsights_sitenote_category":0},"product_brand":[],"product_cat":[12274,12284],"product_tag":[],"class_list":{"0":"post-757331","1":"product","2":"type-product","3":"status-publish","5":"product_cat-cocuk-ve-genclik-kitaplari","6":"product_cat-hikayeler","7":"pa_cilt-ciltsiz","8":"pa_tur-kitap","9":"pa_yayinevi-everest-yayinlari","10":"pa_yazar-attila-senkon","12":"first","13":"instock","14":"sale","15":"shipping-taxable","16":"purchasable","17":"product-type-simple"},"_links":{"self":[{"href":"https:\/\/roveyayinevi.com.tr\/index.php\/wp-json\/wp\/v2\/product\/757331","targetHints":{"allow":["GET"]}}],"collection":[{"href":"https:\/\/roveyayinevi.com.tr\/index.php\/wp-json\/wp\/v2\/product"}],"about":[{"href":"https:\/\/roveyayinevi.com.tr\/index.php\/wp-json\/wp\/v2\/types\/product"}],"wp:attachment":[{"href":"https:\/\/roveyayinevi.com.tr\/index.php\/wp-json\/wp\/v2\/media?parent=757331"}],"wp:term":[{"taxonomy":"product_brand","embeddable":true,"href":"https:\/\/roveyayinevi.com.tr\/index.php\/wp-json\/wp\/v2\/product_brand?post=757331"},{"taxonomy":"product_cat","embeddable":true,"href":"https:\/\/roveyayinevi.com.tr\/index.php\/wp-json\/wp\/v2\/product_cat?post=757331"},{"taxonomy":"product_tag","embeddable":true,"href":"https:\/\/roveyayinevi.com.tr\/index.php\/wp-json\/wp\/v2\/product_tag?post=757331"}],"curies":[{"name":"wp","href":"https:\/\/api.w.org\/{rel}","templated":true}]}}