{"id":757330,"date":"2025-08-28T07:32:44","date_gmt":"2025-08-28T04:32:44","guid":{"rendered":"https:\/\/roveyayinevi.com.tr\/index.php\/urun\/islam-sanati-calismalarinin-insasi-iv-kudus\/"},"modified":"2026-04-16T03:10:37","modified_gmt":"2026-04-16T00:10:37","slug":"islam-sanati-calismalarinin-insasi-iv-kudus","status":"publish","type":"product","link":"https:\/\/roveyayinevi.com.tr\/index.php\/urun\/islam-sanati-calismalarinin-insasi-iv-kudus\/","title":{"rendered":"\u0130slam Sanat\u0131  \u00c7al\u0131\u015fmalar\u0131n\u0131n \u0130n\u015fas\u0131 IV &#8211; Kud\u00fcs"},"content":{"rendered":"<p>Oleg Grabar, \u0130slam Sanat\u0131 \u00c7al\u0131\u015fmalar\u0131n\u0131n \u0130n\u015fas\u0131 ba\u015fl\u0131kl\u0131 d\u00f6rt ciltlik eseriyle \u0130slam sanat\u0131na yo\u011funla\u015fmaktad\u0131r. Bu alan hakk\u0131ndaki bilgimizi, \u0130slam k\u00fclt\u00fcr\u00fc ve tarihi ile b\u00fct\u00fcnle\u015ftirmekte; okura geni\u015f bir perspektif sunmaktad\u0131r. Sanat teorilerinin ve Bat\u0131 sanat\u0131na ait unsurlar\u0131n da g\u00f6z ard\u0131 edilmedi\u011fi bu eserde \u0130slam sanat\u0131na dair \u00e7e\u015fitli \u00f6rnekler, g\u00f6rselleriyle birlikte, evrensel bir sanat literat\u00fcr\u00fc \u00e7er\u00e7evesinde sunulmaktad\u0131r. \u00c7e\u015fitli makalelerden olu\u015fan bu eser, \u0130slam sanat\u0131n\u0131 mimari, resim, obje, ikonografi, estetik ve s\u00fcsleme gibi \u00e7e\u015fitli kavramlar\u0131n merce\u011fi alt\u0131nda incelemektedir. Kud\u00fcs\u2019e tam bir cilt ay\u0131rarak 1950\u2019lerde ve 1960\u2019larda bu kutsal s\u0327ehirde c\u0327al\u0131s\u0327man\u0131n benzersiz kos\u0327ullar\u0131n\u0131 anlatan Grabar; Kudu\u0308s\u2019teki I\u0307slam du\u0308nyas\u0131 ile Yak\u0131n Dog\u0306u\u2019nun abidelerini ve yu\u0308zy\u0131llar boyunca tas\u0327\u0131d\u0131klar\u0131 anlam\u0131 idrak ic\u0327in c\u0327ok zaman ve c\u0327aba harcar. Bu ciltte, gec\u0327tig\u0306imiz on bes\u0327 y\u0131l ic\u0327inde Kudu\u0308s u\u0308zerine c\u0327\u0131kan birc\u0327ok c\u0327al\u0131s\u0327maya uzun bir yan\u0131t ve kars\u0327\u0131l\u0131k ic\u0327eren tamamen yeni bir katk\u0131 da mevcuttur.<\/p>\n","protected":false},"excerpt":{"rendered":"<p>Oleg Grabar, \u0130slam Sanat\u0131 \u00c7al\u0131\u015fmalar\u0131n\u0131n \u0130n\u015fas\u0131 ba\u015fl\u0131kl\u0131 d\u00f6rt ciltlik eseriyle \u0130slam sanat\u0131na yo\u011funla\u015fmaktad\u0131r. Bu alan hakk\u0131ndaki bilgimizi, \u0130slam k\u00fclt\u00fcr\u00fc ve tarihi ile b\u00fct\u00fcnle\u015ftirmekte; okura geni\u015f bir<span class=\"excerpt-hellip\"> [\u2026]<\/span><\/p>\n","protected":false},"featured_media":0,"template":"","meta":{"_monsterinsights_skip_tracking":false,"_monsterinsights_sitenote_active":false,"_monsterinsights_sitenote_note":"","_monsterinsights_sitenote_category":0},"product_brand":[],"product_cat":[12718,12719],"product_tag":[],"class_list":{"0":"post-757330","1":"product","2":"type-product","3":"status-publish","5":"product_cat-din","6":"product_cat-islam","7":"pa_cilt-ciltsiz","8":"pa_tur-kitap","9":"pa_yayinevi-albaraka-yayinlari","10":"pa_yazar-oleg-grabar","12":"first","13":"instock","14":"sale","15":"shipping-taxable","16":"purchasable","17":"product-type-simple"},"_links":{"self":[{"href":"https:\/\/roveyayinevi.com.tr\/index.php\/wp-json\/wp\/v2\/product\/757330","targetHints":{"allow":["GET"]}}],"collection":[{"href":"https:\/\/roveyayinevi.com.tr\/index.php\/wp-json\/wp\/v2\/product"}],"about":[{"href":"https:\/\/roveyayinevi.com.tr\/index.php\/wp-json\/wp\/v2\/types\/product"}],"wp:attachment":[{"href":"https:\/\/roveyayinevi.com.tr\/index.php\/wp-json\/wp\/v2\/media?parent=757330"}],"wp:term":[{"taxonomy":"product_brand","embeddable":true,"href":"https:\/\/roveyayinevi.com.tr\/index.php\/wp-json\/wp\/v2\/product_brand?post=757330"},{"taxonomy":"product_cat","embeddable":true,"href":"https:\/\/roveyayinevi.com.tr\/index.php\/wp-json\/wp\/v2\/product_cat?post=757330"},{"taxonomy":"product_tag","embeddable":true,"href":"https:\/\/roveyayinevi.com.tr\/index.php\/wp-json\/wp\/v2\/product_tag?post=757330"}],"curies":[{"name":"wp","href":"https:\/\/api.w.org\/{rel}","templated":true}]}}