{"id":757328,"date":"2025-08-28T07:32:41","date_gmt":"2025-08-28T04:32:41","guid":{"rendered":"https:\/\/roveyayinevi.com.tr\/index.php\/urun\/genclik-yaz-ve-tatli-dusler\/"},"modified":"2026-04-16T03:10:37","modified_gmt":"2026-04-16T00:10:37","slug":"genclik-yaz-ve-tatli-dusler","status":"publish","type":"product","link":"https:\/\/roveyayinevi.com.tr\/index.php\/urun\/genclik-yaz-ve-tatli-dusler\/","title":{"rendered":"Gen\u00e7lik, Yaz ve Tatl\u0131 D\u00fc\u015fler"},"content":{"rendered":"<p>Bir ara\u015ft\u0131rmaya g\u00f6re \u00e2\u015f\u0131k oldu\u011fumuzda salg\u0131lad\u0131\u011f\u0131m\u0131z mutluluk hormonuna \u00e7ikolata yedi\u011fimizde de sahip oluyoruz. Biraz \u00e2\u015f\u0131k hissetmek i\u00e7in k\u00fc\u00e7\u00fck bir \u00e7ikolata \u00e7\u00f6z\u00fcm olabilir.     Ya d\u00fc\u015fledi\u011fimiz a\u015fk\u0131 bir tatl\u0131yla e\u015fle\u015ftirsek nas\u0131l olurdu dersiniz?     Bir Elmal\u0131 Turta\u2019n\u0131n d\u0131\u015f\u0131 sert, i\u00e7i yumu\u015fak olmas\u0131 gibi mi bir \u015fey olurdu? Yoksa tek ba\u015f\u0131na bir anlam ifade etmeyip \u00e7o\u011fu tatl\u0131ya yak\u0131\u015fan bir Krem \u015eanti mi? Belki de bir ka\u015f\u0131k ald\u0131\u011f\u0131n\u0131zda, t\u00fcm yo\u011funlu\u011fuyla insan\u0131 mest eden bir Sufle\u2026 Ya da kendi ba\u015f\u0131na bir espriye ilham olan Tiramisu\u2026 Yoksa size nostalji ya\u015fatacak bir K\u00e2\u011f\u0131t Helva m\u0131? Akl\u0131n\u0131zda nas\u0131l bir a\u015fk belirdi? Cevaplamas\u0131 g\u00fc\u00e7, de\u011fil mi? H\u00e2lbuki \u00f6\u011frenmek i\u00e7in sayfalar\u0131 kar\u0131\u015ft\u0131rmak yeterli.     Gen\u00e7lik, Yaz ve Tatl\u0131 D\u00fc\u015fler a\u015fk\u0131 en lezzetli h\u00e2liyle sunuyor.           \u201cBence a\u015fk\u0131n, kalbimizi \u00e7alan ki\u015finin tuhafl\u0131klar\u0131n\u0131 kabullenebilmekle bir alakas\u0131 olmal\u0131.\u201d<\/p>\n","protected":false},"excerpt":{"rendered":"<p>Bir ara\u015ft\u0131rmaya g\u00f6re \u00e2\u015f\u0131k oldu\u011fumuzda salg\u0131lad\u0131\u011f\u0131m\u0131z mutluluk hormonuna \u00e7ikolata yedi\u011fimizde de sahip oluyoruz. Biraz \u00e2\u015f\u0131k hissetmek i\u00e7in k\u00fc\u00e7\u00fck bir \u00e7ikolata \u00e7\u00f6z\u00fcm olabilir. Ya d\u00fc\u015fledi\u011fimiz a\u015fk\u0131 bir<span class=\"excerpt-hellip\"> [\u2026]<\/span><\/p>\n","protected":false},"featured_media":0,"template":"","meta":{"_monsterinsights_skip_tracking":false,"_monsterinsights_sitenote_active":false,"_monsterinsights_sitenote_note":"","_monsterinsights_sitenote_category":0},"product_brand":[],"product_cat":[12291,12711],"product_tag":[],"class_list":{"0":"post-757328","1":"product","2":"type-product","3":"status-publish","5":"product_cat-edebiyat","6":"product_cat-roman-oyku","7":"pa_cilt-ciltsiz","8":"pa_tur-kitap","9":"pa_yayinevi-parola-yayinlari","10":"pa_yazar-busra-kopru","12":"first","13":"instock","14":"sale","15":"shipping-taxable","16":"purchasable","17":"product-type-simple"},"_links":{"self":[{"href":"https:\/\/roveyayinevi.com.tr\/index.php\/wp-json\/wp\/v2\/product\/757328","targetHints":{"allow":["GET"]}}],"collection":[{"href":"https:\/\/roveyayinevi.com.tr\/index.php\/wp-json\/wp\/v2\/product"}],"about":[{"href":"https:\/\/roveyayinevi.com.tr\/index.php\/wp-json\/wp\/v2\/types\/product"}],"wp:attachment":[{"href":"https:\/\/roveyayinevi.com.tr\/index.php\/wp-json\/wp\/v2\/media?parent=757328"}],"wp:term":[{"taxonomy":"product_brand","embeddable":true,"href":"https:\/\/roveyayinevi.com.tr\/index.php\/wp-json\/wp\/v2\/product_brand?post=757328"},{"taxonomy":"product_cat","embeddable":true,"href":"https:\/\/roveyayinevi.com.tr\/index.php\/wp-json\/wp\/v2\/product_cat?post=757328"},{"taxonomy":"product_tag","embeddable":true,"href":"https:\/\/roveyayinevi.com.tr\/index.php\/wp-json\/wp\/v2\/product_tag?post=757328"}],"curies":[{"name":"wp","href":"https:\/\/api.w.org\/{rel}","templated":true}]}}