{"id":757327,"date":"2025-08-28T07:32:39","date_gmt":"2025-08-28T04:32:39","guid":{"rendered":"https:\/\/roveyayinevi.com.tr\/index.php\/urun\/kizil-sarmasik\/"},"modified":"2026-04-16T03:10:37","modified_gmt":"2026-04-16T00:10:37","slug":"kizil-sarmasik","status":"publish","type":"product","link":"https:\/\/roveyayinevi.com.tr\/index.php\/urun\/kizil-sarmasik\/","title":{"rendered":"K\u0131z\u0131l Sarma\u015f\u0131k"},"content":{"rendered":"<p>Bir \u00f6mre ka\u00e7 nefes s\u0131\u011far? Ka\u00e7 \u00f6l\u00fcm? Ka\u00e7 kay\u0131p? Ka\u00e7 g\u00f6zya\u015f\u0131?     Leyla Emirsoy, kusursuz oldu\u011funa inand\u0131\u011f\u0131 hayat\u0131nda her \u015feye sahipti. Aile, dostluk, a\u015fk ve sadakat\u2026     Yaln\u0131zca tek bir gecede sahip oldu\u011funa inand\u0131\u011f\u0131 her \u015feyi kaybetti. Her kay\u0131p pe\u015finde ihaneti, her ihanet pe\u015finde bamba\u015fka bir k\u00e2busu s\u00fcr\u00fcklerken yaln\u0131zl\u0131\u011f\u0131n karanl\u0131\u011f\u0131nda bir yabanc\u0131 tuttu elinden.    Komiser Eren Karahan\u2026    Her \u015fey bir planla ba\u015flad\u0131, iki yabanc\u0131n\u0131n oynad\u0131\u011f\u0131 bir oyuna d\u00f6n\u00fc\u015ft\u00fc. Sarma\u015f\u0131k misali etraflar\u0131n\u0131 saran d\u00fc\u015fmanlar\u0131 avlamak isterlerken kalplerini esir d\u00fc\u015f\u00fcrecek a\u015fktan habersizlerdi\u2026    \u201cBir \u00f6l\u00fcmle son bulmay\u0131 hak ediyor benim hik\u00e2yem&#8230; Bir \u00f6l\u00fcmle ba\u015flad\u0131\u011f\u0131 i\u00e7in belki de&#8230;\u201d   <\/p>\n","protected":false},"excerpt":{"rendered":"<p>Bir \u00f6mre ka\u00e7 nefes s\u0131\u011far? Ka\u00e7 \u00f6l\u00fcm? Ka\u00e7 kay\u0131p? Ka\u00e7 g\u00f6zya\u015f\u0131? Leyla Emirsoy, kusursuz oldu\u011funa inand\u0131\u011f\u0131 hayat\u0131nda her \u015feye sahipti. Aile, dostluk, a\u015fk ve sadakat\u2026 Yaln\u0131zca<span class=\"excerpt-hellip\"> [\u2026]<\/span><\/p>\n","protected":false},"featured_media":0,"template":"","meta":{"_monsterinsights_skip_tracking":false,"_monsterinsights_sitenote_active":false,"_monsterinsights_sitenote_note":"","_monsterinsights_sitenote_category":0},"product_brand":[],"product_cat":[12291,12711],"product_tag":[],"class_list":{"0":"post-757327","1":"product","2":"type-product","3":"status-publish","5":"product_cat-edebiyat","6":"product_cat-roman-oyku","7":"pa_cilt-ciltsiz","8":"pa_tur-kitap","9":"pa_yayinevi-parola-yayinlari","10":"pa_yazar-aysenur-ince","12":"first","13":"instock","14":"sale","15":"shipping-taxable","16":"purchasable","17":"product-type-simple"},"_links":{"self":[{"href":"https:\/\/roveyayinevi.com.tr\/index.php\/wp-json\/wp\/v2\/product\/757327","targetHints":{"allow":["GET"]}}],"collection":[{"href":"https:\/\/roveyayinevi.com.tr\/index.php\/wp-json\/wp\/v2\/product"}],"about":[{"href":"https:\/\/roveyayinevi.com.tr\/index.php\/wp-json\/wp\/v2\/types\/product"}],"wp:attachment":[{"href":"https:\/\/roveyayinevi.com.tr\/index.php\/wp-json\/wp\/v2\/media?parent=757327"}],"wp:term":[{"taxonomy":"product_brand","embeddable":true,"href":"https:\/\/roveyayinevi.com.tr\/index.php\/wp-json\/wp\/v2\/product_brand?post=757327"},{"taxonomy":"product_cat","embeddable":true,"href":"https:\/\/roveyayinevi.com.tr\/index.php\/wp-json\/wp\/v2\/product_cat?post=757327"},{"taxonomy":"product_tag","embeddable":true,"href":"https:\/\/roveyayinevi.com.tr\/index.php\/wp-json\/wp\/v2\/product_tag?post=757327"}],"curies":[{"name":"wp","href":"https:\/\/api.w.org\/{rel}","templated":true}]}}