{"id":757326,"date":"2025-08-28T07:32:37","date_gmt":"2025-08-28T04:32:37","guid":{"rendered":"https:\/\/roveyayinevi.com.tr\/index.php\/urun\/cevrimici-dijital-oyunlarin-ekonomi-politik-yaklasim-cercevesinde-incelenmesi-sanalika-ornegi\/"},"modified":"2026-04-16T03:10:37","modified_gmt":"2026-04-16T00:10:37","slug":"cevrimici-dijital-oyunlarin-ekonomi-politik-yaklasim-cercevesinde-incelenmesi-sanalika-ornegi","status":"publish","type":"product","link":"https:\/\/roveyayinevi.com.tr\/index.php\/urun\/cevrimici-dijital-oyunlarin-ekonomi-politik-yaklasim-cercevesinde-incelenmesi-sanalika-ornegi\/","title":{"rendered":"\u00c7evrimi\u00e7i Dijital Oyunlar\u0131n Ekonomi Politik Yakla\u015f\u0131m \u00c7er\u00e7evesinde \u0130ncelenmesi: Sanalika \u00d6rne\u011fi"},"content":{"rendered":"<p>\u0130\u00e7indekiler     \u00b7         B\u0130R\u0130NC\u0130 B\u00d6L\u00dcM :       YEN\u0130 MEDYANIN EKONOM\u0130 POL\u0130T\u0130\u011e\u0130   \u00b7         \u0130K\u0130NC\u0130 B\u00d6L\u00dcM :       YEN\u0130 MEDYANIN YEN\u0130 Y\u00dcZ\u00dc D\u0130J\u0130TAL OYUNLAR   \u00b7         \u00dc\u00c7\u00dcNC\u00dc B\u00d6L\u00dcM :       YEN\u0130 MEDYA EKONOM\u0130 POL\u0130T\u0130\u011e\u0130NE FARKLI B\u0130R PENCERE T\u00dcKET\u0130M ARACI                OLARAK D\u0130J\u0130TAL OYUNLAR   \u00b7         D\u00d6RD\u00dcNC\u00dc B\u00d6L\u00dcM :       ARA\u015eTIRMANIN METODOLOJ\u0130S\u0130   \u00b7         BE\u015e\u0130NC\u0130 B\u00d6L\u00dcM :       BULGULAR VE YORUMLAR <\/p>\n","protected":false},"excerpt":{"rendered":"<p>\u0130\u00e7indekiler \u00b7 B\u0130R\u0130NC\u0130 B\u00d6L\u00dcM : YEN\u0130 MEDYANIN EKONOM\u0130 POL\u0130T\u0130\u011e\u0130 \u00b7 \u0130K\u0130NC\u0130 B\u00d6L\u00dcM : YEN\u0130 MEDYANIN YEN\u0130 Y\u00dcZ\u00dc D\u0130J\u0130TAL OYUNLAR \u00b7 \u00dc\u00c7\u00dcNC\u00dc B\u00d6L\u00dcM : YEN\u0130 MEDYA EKONOM\u0130<span class=\"excerpt-hellip\"> [\u2026]<\/span><\/p>\n","protected":false},"featured_media":0,"template":"","meta":{"_monsterinsights_skip_tracking":false,"_monsterinsights_sitenote_active":false,"_monsterinsights_sitenote_note":"","_monsterinsights_sitenote_category":0},"product_brand":[],"product_cat":[12573,12566],"product_tag":[],"class_list":{"0":"post-757326","1":"product","2":"type-product","3":"status-publish","5":"product_cat-akademik-kitaplar","6":"product_cat-egitim","7":"pa_cilt-ciltsiz","8":"pa_tur-kitap","9":"pa_yayinevi-gazi-kitabevi","10":"pa_yazar-ayse-gunay","12":"first","13":"instock","14":"sale","15":"shipping-taxable","16":"purchasable","17":"product-type-simple"},"_links":{"self":[{"href":"https:\/\/roveyayinevi.com.tr\/index.php\/wp-json\/wp\/v2\/product\/757326","targetHints":{"allow":["GET"]}}],"collection":[{"href":"https:\/\/roveyayinevi.com.tr\/index.php\/wp-json\/wp\/v2\/product"}],"about":[{"href":"https:\/\/roveyayinevi.com.tr\/index.php\/wp-json\/wp\/v2\/types\/product"}],"wp:attachment":[{"href":"https:\/\/roveyayinevi.com.tr\/index.php\/wp-json\/wp\/v2\/media?parent=757326"}],"wp:term":[{"taxonomy":"product_brand","embeddable":true,"href":"https:\/\/roveyayinevi.com.tr\/index.php\/wp-json\/wp\/v2\/product_brand?post=757326"},{"taxonomy":"product_cat","embeddable":true,"href":"https:\/\/roveyayinevi.com.tr\/index.php\/wp-json\/wp\/v2\/product_cat?post=757326"},{"taxonomy":"product_tag","embeddable":true,"href":"https:\/\/roveyayinevi.com.tr\/index.php\/wp-json\/wp\/v2\/product_tag?post=757326"}],"curies":[{"name":"wp","href":"https:\/\/api.w.org\/{rel}","templated":true}]}}