{"id":757325,"date":"2025-08-28T07:32:36","date_gmt":"2025-08-28T04:32:36","guid":{"rendered":"https:\/\/roveyayinevi.com.tr\/index.php\/urun\/alternatif-finans-sistemleri-ve-surdurulebilir-kalkinmaya-etkileri\/"},"modified":"2026-04-16T03:10:37","modified_gmt":"2026-04-16T00:10:37","slug":"alternatif-finans-sistemleri-ve-surdurulebilir-kalkinmaya-etkileri","status":"publish","type":"product","link":"https:\/\/roveyayinevi.com.tr\/index.php\/urun\/alternatif-finans-sistemleri-ve-surdurulebilir-kalkinmaya-etkileri\/","title":{"rendered":"Alternatif Finans Sistemleri Ve S\u00fcrd\u00fcr\u00fclebilir Kalk\u0131nmaya Etkileri"},"content":{"rendered":"<p>\u0130\u00e7indekiler :                   1. ALTERNAT\u0130F F\u0130NANS                 2. M\u0130KROF\u0130NANSMAN                 3. MELEK YATIRIMCI                 4. R\u0130SK SERMAYES\u0130                 5. K\u0130TLE FONLAMA                 6. SONU\u00c7 VE DE\u011eERLEND\u0130RME <\/p>\n","protected":false},"excerpt":{"rendered":"<p>\u0130\u00e7indekiler : 1. ALTERNAT\u0130F F\u0130NANS 2. M\u0130KROF\u0130NANSMAN 3. MELEK YATIRIMCI 4. R\u0130SK SERMAYES\u0130 5. K\u0130TLE FONLAMA 6. SONU\u00c7 VE DE\u011eERLEND\u0130RME<\/p>\n","protected":false},"featured_media":0,"template":"","meta":{"_monsterinsights_skip_tracking":false,"_monsterinsights_sitenote_active":false,"_monsterinsights_sitenote_note":"","_monsterinsights_sitenote_category":0},"product_brand":[],"product_cat":[12573,12566],"product_tag":[],"class_list":{"0":"post-757325","1":"product","2":"type-product","3":"status-publish","5":"product_cat-akademik-kitaplar","6":"product_cat-egitim","7":"pa_cilt-ciltsiz","8":"pa_tur-kitap","9":"pa_yayinevi-gazi-kitabevi","10":"pa_yazar-burcu-zengin","12":"first","13":"instock","14":"sale","15":"shipping-taxable","16":"purchasable","17":"product-type-simple"},"_links":{"self":[{"href":"https:\/\/roveyayinevi.com.tr\/index.php\/wp-json\/wp\/v2\/product\/757325","targetHints":{"allow":["GET"]}}],"collection":[{"href":"https:\/\/roveyayinevi.com.tr\/index.php\/wp-json\/wp\/v2\/product"}],"about":[{"href":"https:\/\/roveyayinevi.com.tr\/index.php\/wp-json\/wp\/v2\/types\/product"}],"wp:attachment":[{"href":"https:\/\/roveyayinevi.com.tr\/index.php\/wp-json\/wp\/v2\/media?parent=757325"}],"wp:term":[{"taxonomy":"product_brand","embeddable":true,"href":"https:\/\/roveyayinevi.com.tr\/index.php\/wp-json\/wp\/v2\/product_brand?post=757325"},{"taxonomy":"product_cat","embeddable":true,"href":"https:\/\/roveyayinevi.com.tr\/index.php\/wp-json\/wp\/v2\/product_cat?post=757325"},{"taxonomy":"product_tag","embeddable":true,"href":"https:\/\/roveyayinevi.com.tr\/index.php\/wp-json\/wp\/v2\/product_tag?post=757325"}],"curies":[{"name":"wp","href":"https:\/\/api.w.org\/{rel}","templated":true}]}}