{"id":757324,"date":"2025-08-28T07:32:35","date_gmt":"2025-08-28T04:32:35","guid":{"rendered":"https:\/\/roveyayinevi.com.tr\/index.php\/urun\/gizli-sosyal-fobi-utangac-mesane-sendromu-parurezis\/"},"modified":"2026-04-16T03:10:37","modified_gmt":"2026-04-16T00:10:37","slug":"gizli-sosyal-fobi-utangac-mesane-sendromu-parurezis","status":"publish","type":"product","link":"https:\/\/roveyayinevi.com.tr\/index.php\/urun\/gizli-sosyal-fobi-utangac-mesane-sendromu-parurezis\/","title":{"rendered":"Gizli Sosyal Fobi &#8211; Utanga\u00e7 Mesane Sendromu Par\u00fcrezis"},"content":{"rendered":"<p>Utanga\u00e7 Mesane Sendromu Utanga\u00e7 Mesane Sendromu (UMS), belki de idrar\u0131n\u0131 ka\u00e7\u0131rma ve cinsel uyar\u0131lma bozuklu\u011fundan sonra, irdelenmesi gereken en utan\u00e7 verici bedensel i\u015flev bozuklu\u011fudur. Bir\u00e7ok insan i\u00e7in UMS, ya da t\u0131bbi ad\u0131yla \u2018par\u00fcresiz\u2019, derin, karanl\u0131k bir gizemdir, tuvalete gidemezler ancak ni\u00e7in gidemediklerini bir t\u00fcrl\u00fc bilemezler. Ciddi boyuttaki utanga\u00e7l\u0131k duygusu, \u00e7o\u011fu insan\u0131n kendisini a\u015f\u0131r\u0131 derecede yaln\u0131z hissetmesine ve bu sorunun kendinden ba\u015fka hi\u00e7 kimsede olmad\u0131\u011f\u0131 gibi yanl\u0131\u015f bir inanca kap\u0131lmas\u0131na yol a\u00e7arak bu sorunu payla\u015fmas\u0131na engel olur. Ger\u00e7ek \u015fudur ki, son yap\u0131lan ara\u015ft\u0131rmalar Kuzey Amerika\u2019da yakla\u015f\u0131k 25 milyon d\u00fcnya genelinde ise 220 milyon ki\u015finin evlerinden uzaktayken tuvaleti kullanma konusunda zorluk \u00e7ektiklerini g\u00f6steriyor. UMS ayr\u0131m g\u00f6zetmez. T\u00fcm d\u00fcnyada, erken ve kad\u0131nlar\u0131; gen\u00e7, orta ya\u015fl\u0131 ve ya\u015fl\u0131lar\u0131, e\u015fcinsel olan, olmayan trans bireyleri, t\u00fcm \u0131rk, etnik k\u00f6ken ve dinlere ait ki\u015fileri etkilemektedir. Bu durum s\u0131kl\u0131kla, travmatik bir olay sonucu geli\u015fmektedir. Tetikleyen olay, \u00f6rne\u011fin tuvalete giden bir \u00e7ocu\u011fa \u2018\u2019 Acele edip \u015fu tuvalete gidecek misin!\u2019\u2019 gibi tek bir basit s\u00f6ylemden cinsel istismara kadar de\u011fi\u015fkenlik g\u00f6sterebilir. O andan itibaren , UMS \u2018den yani \u2018par\u00fcrezis\u2019ten yak\u0131nan ki\u015fi , bu sorunu daha kal\u0131c\u0131 duruma getirmekten ba\u015fka bir i\u015fe yaramayan tuvaletten ka\u00e7\u0131nma davran\u0131\u015f\u0131n\u0131 benimser\u2026. Par\u00fcrezis, ya\u015fam kalitesini bozan bir sorundur ama b\u00f6yle olmak zorunda da de\u011fildir. Bu kitaptaki bilgi ve tedavi y\u00f6ntemleri ile donanm\u0131\u015f olarak, par\u00fcrezisli bir ki\u015fi bu durumun \u00fcstesinden gelebilir ve ya\u015fam\u0131n\u0131n kontrol\u00fcn\u00fc yeniden ele alabilir. Bu kitapta yer verilen bilgi ve kaynaklar, bu fobiden yak\u0131nan herkese yard\u0131mc\u0131 olabilir. Yaln\u0131z olmad\u0131\u011f\u0131m\u0131z\u0131, bu sorunda y\u00fczle\u015febilece\u011finizi ve ona h\u00fckmedebilece\u011finizi bilmek, par\u00fcrezisin bitmek bilmeyen hapishanesinden ba\u011f\u0131ms\u0131z bir ya\u015fam s\u00fcrmenin ilk ad\u0131m\u0131d\u0131r.<\/p>\n","protected":false},"excerpt":{"rendered":"<p>Utanga\u00e7 Mesane Sendromu Utanga\u00e7 Mesane Sendromu (UMS), belki de idrar\u0131n\u0131 ka\u00e7\u0131rma ve cinsel uyar\u0131lma bozuklu\u011fundan sonra, irdelenmesi gereken en utan\u00e7 verici bedensel i\u015flev bozuklu\u011fudur. Bir\u00e7ok insan<span class=\"excerpt-hellip\"> [\u2026]<\/span><\/p>\n","protected":false},"featured_media":0,"template":"","meta":{"_monsterinsights_skip_tracking":false,"_monsterinsights_sitenote_active":false,"_monsterinsights_sitenote_note":"","_monsterinsights_sitenote_category":0},"product_brand":[],"product_cat":[20502,12357],"product_tag":[],"class_list":{"0":"post-757324","1":"product","2":"type-product","3":"status-publish","5":"product_cat-basvuru-kitaplari-psikoloji","6":"product_cat-psikoloji","7":"pa_cilt-ciltsiz","8":"pa_tur-kitap","9":"pa_yayinevi-psikonet-yayinlari","10":"pa_yazar-steven-soifer-george-zgourider-joe-himle","12":"first","13":"instock","14":"sale","15":"shipping-taxable","16":"purchasable","17":"product-type-simple"},"_links":{"self":[{"href":"https:\/\/roveyayinevi.com.tr\/index.php\/wp-json\/wp\/v2\/product\/757324","targetHints":{"allow":["GET"]}}],"collection":[{"href":"https:\/\/roveyayinevi.com.tr\/index.php\/wp-json\/wp\/v2\/product"}],"about":[{"href":"https:\/\/roveyayinevi.com.tr\/index.php\/wp-json\/wp\/v2\/types\/product"}],"wp:attachment":[{"href":"https:\/\/roveyayinevi.com.tr\/index.php\/wp-json\/wp\/v2\/media?parent=757324"}],"wp:term":[{"taxonomy":"product_brand","embeddable":true,"href":"https:\/\/roveyayinevi.com.tr\/index.php\/wp-json\/wp\/v2\/product_brand?post=757324"},{"taxonomy":"product_cat","embeddable":true,"href":"https:\/\/roveyayinevi.com.tr\/index.php\/wp-json\/wp\/v2\/product_cat?post=757324"},{"taxonomy":"product_tag","embeddable":true,"href":"https:\/\/roveyayinevi.com.tr\/index.php\/wp-json\/wp\/v2\/product_tag?post=757324"}],"curies":[{"name":"wp","href":"https:\/\/api.w.org\/{rel}","templated":true}]}}