{"id":757321,"date":"2025-08-28T07:32:31","date_gmt":"2025-08-28T04:32:31","guid":{"rendered":"https:\/\/roveyayinevi.com.tr\/index.php\/urun\/homo-komunus-iii-icsel-devrim\/"},"modified":"2025-11-21T10:00:33","modified_gmt":"2025-11-21T07:00:33","slug":"homo-komunus-iii-icsel-devrim","status":"publish","type":"product","link":"https:\/\/roveyayinevi.com.tr\/index.php\/urun\/homo-komunus-iii-icsel-devrim\/","title":{"rendered":"Homo Kom\u00fcnus -III- \u0130\u00e7sel Devrim"},"content":{"rendered":"<p>Ne yaz\u0131k ki 21. y\u00fczy\u0131l\u0131n ilk \u00e7eyre\u011finde kom\u00fcnizm ad\u0131na olumlu s\u00f6yleyebilece\u011fimiz veya umutla bakaca\u011f\u0131m\u0131z bir geli\u015fme genel anlamda yok. Sosyalizm veya kom\u00fcnizm ad\u0131na hareket eden \u00fclkelere veya ki\u015filer-gruplar ve \u00f6rg\u00fctlere bakt\u0131\u011f\u0131m\u0131zda, K\u00fcba hari\u00e7 g\u00f6r\u00fcnenler deh\u015fet verici. 20. y\u00fczy\u0131la ait olan; bir i\u015fe d\u00f6rt elle sar\u0131lma, samimiyet, gerekti\u011finde baz\u0131 \u015feyleri feda etme konusu d\u00e2hil Marxizm\u2019in abc\u2019si olan t\u00fcm de\u011ferlerin yerine, kapitalist ve feodal anlay\u0131\u015flar konmu\u015f bulunuyor. \u00d6zellikle de \u2018dostlar al\u0131\u015fveri\u015fte g\u00f6rs\u00fcn\u2019 misali g\u00f6r\u00fcn\u00fc\u015fte devrimci fakat dar ili\u015fkileri i\u00e7erisinde her t\u00fcrl\u00fc pisli\u011fin i\u00e7inde olanlar\u0131n bulundu\u011fu bir \u00e7a\u011fday\u0131z. Peki, bizi soktuklar\u0131 karanl\u0131k ve \u00e7\u0131k\u0131\u015f\u0131 olmayan bu dehlizden nas\u0131l kurtulaca\u011f\u0131z? Buradan bir \u00e7\u0131k\u0131\u015f yolu var m\u0131? Hemen hemen her \u00fclkedeki devrimci m\u00fccadeleye ve kom\u00fcnizmin ald\u0131\u011f\u0131 mesafeye bakt\u0131\u011f\u0131m\u0131zda, bu konuda karamsar olmamak elde de\u011fil!   Kom\u00fcnizmin, ters kaplumba\u011fa h\u00e2linde debelendi\u011fini ve ayaklar\u0131 \u00fczerinde y\u00fckselmek i\u00e7in k\u00fc\u00e7\u00fck de olsa bir itmeye ihtiyac\u0131 oldu\u011funu g\u00f6r\u00fcyoruz. Biliyoruz ki bu dev kaplumba\u011fa, ayaklar\u0131 \u00fczerine dikildi\u011finde, art\u0131k eskisi gibi olmay\u0131p, Z\u00fcmr\u00fcd\u00fcanka Ku\u015fu gibi, t\u00fcm karamsarl\u0131klar\u0131 da\u011f\u0131tacakt\u0131r.   Elinizde tuttu\u011funuz bu kitap, i\u015fte bu ivmeyi verme iddias\u0131nda. Bu ivmeyi sa\u011flayan anlay\u0131\u015f\u0131, Marx ve Engels, Kutsal Aile adl\u0131 \u00e7al\u0131\u015fmalar\u0131nda ele al\u0131rlar. \u201cEle ald\u0131klar\u0131 Eugene Sue\u2019n\u00fcn \u2018Paris\u2019in Gizemleri adl\u0131 roman\u0131nda su\u00e7lunun cezaland\u0131r\u0131lmas\u0131 y\u00f6ntemine -ki Hegel de bu y\u00f6ntemi dile getirmi\u015ftir- ili\u015fkin olarak, \u2018su\u00e7lunun hak etti\u011fi cezay\u0131 kendi kendine verece\u011fi daha insansal bir y\u00f6ntemi savunur\u201d (Kutsal Aile, Marx-Engels, sf.352, be\u015finci bask\u0131, Sol Yay\u0131nlar\u0131) \u0130\u015fte; \u2018su\u00e7lunun kendi hatas\u0131n\u0131 g\u00f6r\u00fcp hak etti\u011fi cezay\u0131 kendine verebilme\u2019 k\u00fclt\u00fcr\u00fcd\u00fcr t\u00fcm ivme. Bu da ancak \u0130\u00c7SEL DEVR\u0130M ile m\u00fcmk\u00fcnd\u00fcr ki bu kitap da bunu anlatmaktad\u0131r.  <\/p>\n","protected":false},"excerpt":{"rendered":"<p>Ne yaz\u0131k ki 21. y\u00fczy\u0131l\u0131n ilk \u00e7eyre\u011finde kom\u00fcnizm ad\u0131na olumlu s\u00f6yleyebilece\u011fimiz veya umutla bakaca\u011f\u0131m\u0131z bir geli\u015fme genel anlamda yok. Sosyalizm veya kom\u00fcnizm ad\u0131na hareket eden \u00fclkelere<span class=\"excerpt-hellip\"> [\u2026]<\/span><\/p>\n","protected":false},"featured_media":0,"template":"","meta":{"_monsterinsights_skip_tracking":false,"_monsterinsights_sitenote_active":false,"_monsterinsights_sitenote_note":"","_monsterinsights_sitenote_category":0},"product_brand":[],"product_cat":[52477],"product_tag":[],"class_list":{"0":"post-757321","1":"product","2":"type-product","3":"status-publish","5":"product_cat-arastirma","6":"pa_cilt-ciltsiz","7":"pa_tur-kitap","8":"pa_yayinevi-favori-yayinlari","9":"pa_yazar-selcuk-sahin-polat","11":"first","12":"instock","13":"sale","14":"shipping-taxable","15":"purchasable","16":"product-type-simple"},"_links":{"self":[{"href":"https:\/\/roveyayinevi.com.tr\/index.php\/wp-json\/wp\/v2\/product\/757321","targetHints":{"allow":["GET"]}}],"collection":[{"href":"https:\/\/roveyayinevi.com.tr\/index.php\/wp-json\/wp\/v2\/product"}],"about":[{"href":"https:\/\/roveyayinevi.com.tr\/index.php\/wp-json\/wp\/v2\/types\/product"}],"wp:attachment":[{"href":"https:\/\/roveyayinevi.com.tr\/index.php\/wp-json\/wp\/v2\/media?parent=757321"}],"wp:term":[{"taxonomy":"product_brand","embeddable":true,"href":"https:\/\/roveyayinevi.com.tr\/index.php\/wp-json\/wp\/v2\/product_brand?post=757321"},{"taxonomy":"product_cat","embeddable":true,"href":"https:\/\/roveyayinevi.com.tr\/index.php\/wp-json\/wp\/v2\/product_cat?post=757321"},{"taxonomy":"product_tag","embeddable":true,"href":"https:\/\/roveyayinevi.com.tr\/index.php\/wp-json\/wp\/v2\/product_tag?post=757321"}],"curies":[{"name":"wp","href":"https:\/\/api.w.org\/{rel}","templated":true}]}}