{"id":757320,"date":"2025-08-28T07:32:30","date_gmt":"2025-08-28T04:32:30","guid":{"rendered":"https:\/\/roveyayinevi.com.tr\/index.php\/urun\/postaci-farenin-olaganustu-yolculuklari\/"},"modified":"2026-04-16T03:10:37","modified_gmt":"2026-04-16T00:10:37","slug":"postaci-farenin-olaganustu-yolculuklari","status":"publish","type":"product","link":"https:\/\/roveyayinevi.com.tr\/index.php\/urun\/postaci-farenin-olaganustu-yolculuklari\/","title":{"rendered":"Postac\u0131 Fare\u2019nin Ola\u011fan\u00fcst\u00fc Yolculuklar\u0131"},"content":{"rendered":"<p>Postac\u0131 Fare\u2019nin teslim etmesi gereken ne \u00e7ok paket var. \u00dcstelik kamyonuna binmek yerine f\u00fczesiyle yola \u00e7\u0131k\u0131yor. Belli ki bu kez ola\u011fan\u00fcst\u00fc yerlere gidecek! \u0130ster denizk\u0131zlar\u0131n\u0131n ya\u015fad\u0131\u011f\u0131 denizlere dals\u0131nister Canavarlar \u00dclkesi\u2019ne gitsin, paketlerini da\u011f\u0131t\u0131rken hi\u00e7bir \u015fey Postac\u0131 Fare\u2019ye engel olamaz!   \u00d6d\u00fcll\u00fc \u00e7izer Marianne Dubuc\u2019\u00fcn yaz\u0131p resimledi\u011fi, reng\u00e2renk ayr\u0131nt\u0131larla bezeli bu kitab\u0131 3 ya\u015f ve \u00fczerindeki \u00e7ocuklarla okurken resimlere uzun uzun bakabilir, her seferinde yepyeni bir detay\u0131n pe\u015finden gidebilirsiniz. Bu yolculukta gezegenler, sualt\u0131 ve ola\u011fan\u00fcst\u00fc \u00fclkeler ke\u015ffedilmeyi bekliyor. <\/p>\n","protected":false},"excerpt":{"rendered":"<p>Postac\u0131 Fare\u2019nin teslim etmesi gereken ne \u00e7ok paket var. \u00dcstelik kamyonuna binmek yerine f\u00fczesiyle yola \u00e7\u0131k\u0131yor. Belli ki bu kez ola\u011fan\u00fcst\u00fc yerlere gidecek! \u0130ster denizk\u0131zlar\u0131n\u0131n ya\u015fad\u0131\u011f\u0131<span class=\"excerpt-hellip\"> [\u2026]<\/span><\/p>\n","protected":false},"featured_media":0,"template":"","meta":{"_monsterinsights_skip_tracking":false,"_monsterinsights_sitenote_active":false,"_monsterinsights_sitenote_note":"","_monsterinsights_sitenote_category":0},"product_brand":[],"product_cat":[12274,12518],"product_tag":[],"class_list":{"0":"post-757320","1":"product","2":"type-product","3":"status-publish","5":"product_cat-cocuk-ve-genclik-kitaplari","6":"product_cat-okul-oncesi-kitaplar","7":"pa_cilt-ciltsiz","8":"pa_tur-kitap","9":"pa_yayinevi-redhouse-kidz-yayinlari","10":"pa_yazar-marianne-dubuc","12":"first","13":"instock","14":"sale","15":"shipping-taxable","16":"purchasable","17":"product-type-simple"},"_links":{"self":[{"href":"https:\/\/roveyayinevi.com.tr\/index.php\/wp-json\/wp\/v2\/product\/757320","targetHints":{"allow":["GET"]}}],"collection":[{"href":"https:\/\/roveyayinevi.com.tr\/index.php\/wp-json\/wp\/v2\/product"}],"about":[{"href":"https:\/\/roveyayinevi.com.tr\/index.php\/wp-json\/wp\/v2\/types\/product"}],"wp:attachment":[{"href":"https:\/\/roveyayinevi.com.tr\/index.php\/wp-json\/wp\/v2\/media?parent=757320"}],"wp:term":[{"taxonomy":"product_brand","embeddable":true,"href":"https:\/\/roveyayinevi.com.tr\/index.php\/wp-json\/wp\/v2\/product_brand?post=757320"},{"taxonomy":"product_cat","embeddable":true,"href":"https:\/\/roveyayinevi.com.tr\/index.php\/wp-json\/wp\/v2\/product_cat?post=757320"},{"taxonomy":"product_tag","embeddable":true,"href":"https:\/\/roveyayinevi.com.tr\/index.php\/wp-json\/wp\/v2\/product_tag?post=757320"}],"curies":[{"name":"wp","href":"https:\/\/api.w.org\/{rel}","templated":true}]}}