{"id":757318,"date":"2025-08-28T07:32:27","date_gmt":"2025-08-28T04:32:27","guid":{"rendered":"https:\/\/roveyayinevi.com.tr\/index.php\/urun\/sapinuva-guzellemesi-2\/"},"modified":"2026-04-16T03:10:37","modified_gmt":"2026-04-16T00:10:37","slug":"sapinuva-guzellemesi-2","status":"publish","type":"product","link":"https:\/\/roveyayinevi.com.tr\/index.php\/urun\/sapinuva-guzellemesi-2\/","title":{"rendered":"\u015eapinuva G\u00fczellemesi"},"content":{"rendered":"<p>Arkeolojik olana \u015fiirsel yorumlar\u2026\u00c7orum Ortak\u00f6y\u2019deki \u015eapinuva antik kentinin Hititler \u00fczerinden referans alarak yans\u0131tt\u0131\u011f\u0131 estetikmelankoli, g\u00fcn\u00fcm\u00fczde de etkilerini s\u00fcrd\u00fcrmektedir. Hititlerin \u00f6nemli bir kentleri olan \u015eapinuva, Hattu\u015fa ve Bo\u011fazkale\u2019de \u00f6nemli ve \u00e7ok de\u011ferli sonu\u00e7lar y\u00fczy\u0131llar\u0131d\u0131r duygusal, k\u00fclt\u00fcrel ve sanatsal etkiler b\u0131rakm\u0131\u015ft\u0131r. Bu etki Ge\u00e7 Hitit devletlerinin Kilikya\u2019ya (Karatepe) kadar ta\u015f\u0131nmas\u0131nda varl\u0131k g\u00f6stermi\u015ftir. \u00c7orum\u2019da Hititler sonras\u0131 ve g\u00fcn\u00fcm\u00fcze kadar (Sel\u00e7uklu ve Osmanl\u0131 gibi) gelen t\u00fcm ya\u015fanm\u0131\u015f ve ya\u015fanan k\u00fclt\u00fcrel olgular \u201c\u015eapinuva G\u00fczellemesi\u201d adl\u0131 kitapta \u015fiirsel imgelerle yorumlarla yans\u0131ma bulmaktad\u0131r. \u015eiirlerin g\u00fczelleme (Halk Edebiyat\u0131) tarz\u0131yla yap\u0131lanmas\u0131 hem \u00c7orum hem de \u00c7ukurova\u2019daki etkilerinin g\u00fcncele ta\u015f\u0131nmas\u0131 ba\u011flam\u0131nda \u00f6nemli olmaktad\u0131r. Ve \u00c7orum\u2019un Necmi Kark\u0131n\u2019da b\u0131rakt\u0131\u011f\u0131 duyumsal hisler, \u015fiirlerle derin i\u00e7eriklere d\u00f6n\u00fc\u015fm\u00fc\u015ft\u00fcr. Kitap, \u201c\u015eapinuva G\u00fczellemesi\u201d, \u201c\u015eapinuva A\u011f\u0131d\u0131\u201d ve \u201cHattu\u015fa\u2019dan Kilikya\u2019ya\u201d olmak \u00fczere \u00fc\u00e7 b\u00f6l\u00fcmden olu\u015fmaktad\u0131r. \u00d6ns\u00f6z\u00fcn\u00fc \u015eapinuva Kaz\u0131 ba\u015fkan\u0131 Hititolog Prof.Dr Ayg\u00fcl S\u00fcel\u2019in yazd\u0131\u011f\u0131 kitap 72 \u015fiirden olu\u015fmaktad\u0131r. <\/p>\n","protected":false},"excerpt":{"rendered":"<p>Arkeolojik olana \u015fiirsel yorumlar\u2026\u00c7orum Ortak\u00f6y\u2019deki \u015eapinuva antik kentinin Hititler \u00fczerinden referans alarak yans\u0131tt\u0131\u011f\u0131 estetikmelankoli, g\u00fcn\u00fcm\u00fczde de etkilerini s\u00fcrd\u00fcrmektedir. Hititlerin \u00f6nemli bir kentleri olan \u015eapinuva, Hattu\u015fa ve<span class=\"excerpt-hellip\"> [\u2026]<\/span><\/p>\n","protected":false},"featured_media":0,"template":"","meta":{"_monsterinsights_skip_tracking":false,"_monsterinsights_sitenote_active":false,"_monsterinsights_sitenote_note":"","_monsterinsights_sitenote_category":0},"product_brand":[],"product_cat":[12291,12509],"product_tag":[],"class_list":{"0":"post-757318","1":"product","2":"type-product","3":"status-publish","5":"product_cat-edebiyat","6":"product_cat-siir","7":"pa_cilt-ciltsiz","8":"pa_tur-kitap","9":"pa_yayinevi-myrina-yayinlari","10":"pa_yazar-necmi-karkin","12":"first","13":"instock","14":"sale","15":"shipping-taxable","16":"purchasable","17":"product-type-simple"},"_links":{"self":[{"href":"https:\/\/roveyayinevi.com.tr\/index.php\/wp-json\/wp\/v2\/product\/757318","targetHints":{"allow":["GET"]}}],"collection":[{"href":"https:\/\/roveyayinevi.com.tr\/index.php\/wp-json\/wp\/v2\/product"}],"about":[{"href":"https:\/\/roveyayinevi.com.tr\/index.php\/wp-json\/wp\/v2\/types\/product"}],"wp:attachment":[{"href":"https:\/\/roveyayinevi.com.tr\/index.php\/wp-json\/wp\/v2\/media?parent=757318"}],"wp:term":[{"taxonomy":"product_brand","embeddable":true,"href":"https:\/\/roveyayinevi.com.tr\/index.php\/wp-json\/wp\/v2\/product_brand?post=757318"},{"taxonomy":"product_cat","embeddable":true,"href":"https:\/\/roveyayinevi.com.tr\/index.php\/wp-json\/wp\/v2\/product_cat?post=757318"},{"taxonomy":"product_tag","embeddable":true,"href":"https:\/\/roveyayinevi.com.tr\/index.php\/wp-json\/wp\/v2\/product_tag?post=757318"}],"curies":[{"name":"wp","href":"https:\/\/api.w.org\/{rel}","templated":true}]}}