{"id":757317,"date":"2025-08-28T07:32:25","date_gmt":"2025-08-28T04:32:25","guid":{"rendered":"https:\/\/roveyayinevi.com.tr\/index.php\/urun\/bana-renk-ver-mandala-hayvanlar\/"},"modified":"2026-04-16T03:10:37","modified_gmt":"2026-04-16T00:10:37","slug":"bana-renk-ver-mandala-hayvanlar","status":"publish","type":"product","link":"https:\/\/roveyayinevi.com.tr\/index.php\/urun\/bana-renk-ver-mandala-hayvanlar\/","title":{"rendered":"Bana Renk Ver Mandala-Hayvanlar"},"content":{"rendered":"<p>Mandala ile alternatif meditasyon \u015feklini ke\u015ffedin. Mandala, uzakdo\u011fu dinlerinde ruhsal ve t\u00f6rensel a\u00e7\u0131dan Evren&#8217;i temsil eden g\u00f6rsellere verilen isimdir. Bireysel meditasyon ve evren ile b\u00fct\u00fcnle\u015febilme niyetindeki ki\u015filer mandala \u00e7al\u0131\u015fmalar\u0131 yapmaktad\u0131r. Bug\u00fcn de modern hayat\u0131n stresinden kurtulmak isteyenlerin yeni g\u00f6zdesi haline geldi. Beyaz sayfalar\u0131 renklendirirken bir yandan da ruhunu yans\u0131tanlar, renklerin aras\u0131nda dinlendiklerini s\u00f6yl\u00fcyorlar. Renklendirme, yarat\u0131c\u0131l\u0131\u011f\u0131n kullan\u0131lmas\u0131na yard\u0131mc\u0131 olur ve bo\u015f zamanlar\u0131m\u0131z\u0131n verimli kullan\u0131lmas\u0131n\u0131 sa\u011flar. \u00c7ocuklar\u0131m\u0131z\u0131n da bu g\u00fczel ser\u00fcvende kendilerine yer bulaca\u011f\u0131n\u0131 umuyor. Bana Renk Ver Mandala &#8211; Hayvanlar (\u00c7ocuklar \u0130\u00e7in) serimizle hayat\u0131m\u0131za renk kat\u0131yoruz\u2026<\/p>\n","protected":false},"excerpt":{"rendered":"<p>Mandala ile alternatif meditasyon \u015feklini ke\u015ffedin. Mandala, uzakdo\u011fu dinlerinde ruhsal ve t\u00f6rensel a\u00e7\u0131dan Evren&#8217;i temsil eden g\u00f6rsellere verilen isimdir. Bireysel meditasyon ve evren ile b\u00fct\u00fcnle\u015febilme niyetindeki<span class=\"excerpt-hellip\"> [\u2026]<\/span><\/p>\n","protected":false},"featured_media":0,"template":"","meta":{"_monsterinsights_skip_tracking":false,"_monsterinsights_sitenote_active":false,"_monsterinsights_sitenote_note":"","_monsterinsights_sitenote_category":0},"product_brand":[],"product_cat":[12644,12274],"product_tag":[],"class_list":{"0":"post-757317","1":"product","2":"type-product","3":"status-publish","5":"product_cat-boyama-kitaplari","6":"product_cat-cocuk-ve-genclik-kitaplari","7":"pa_cilt-ciltsiz","8":"pa_tur-kitap","9":"pa_yayinevi-yade-yayinlari","10":"pa_yazar-kolektif","12":"first","13":"instock","14":"sale","15":"shipping-taxable","16":"purchasable","17":"product-type-simple"},"_links":{"self":[{"href":"https:\/\/roveyayinevi.com.tr\/index.php\/wp-json\/wp\/v2\/product\/757317","targetHints":{"allow":["GET"]}}],"collection":[{"href":"https:\/\/roveyayinevi.com.tr\/index.php\/wp-json\/wp\/v2\/product"}],"about":[{"href":"https:\/\/roveyayinevi.com.tr\/index.php\/wp-json\/wp\/v2\/types\/product"}],"wp:attachment":[{"href":"https:\/\/roveyayinevi.com.tr\/index.php\/wp-json\/wp\/v2\/media?parent=757317"}],"wp:term":[{"taxonomy":"product_brand","embeddable":true,"href":"https:\/\/roveyayinevi.com.tr\/index.php\/wp-json\/wp\/v2\/product_brand?post=757317"},{"taxonomy":"product_cat","embeddable":true,"href":"https:\/\/roveyayinevi.com.tr\/index.php\/wp-json\/wp\/v2\/product_cat?post=757317"},{"taxonomy":"product_tag","embeddable":true,"href":"https:\/\/roveyayinevi.com.tr\/index.php\/wp-json\/wp\/v2\/product_tag?post=757317"}],"curies":[{"name":"wp","href":"https:\/\/api.w.org\/{rel}","templated":true}]}}