{"id":757310,"date":"2025-08-28T07:32:16","date_gmt":"2025-08-28T04:32:16","guid":{"rendered":"https:\/\/roveyayinevi.com.tr\/index.php\/urun\/eve-donus-2\/"},"modified":"2026-04-03T03:12:20","modified_gmt":"2026-04-03T00:12:20","slug":"eve-donus-2","status":"publish","type":"product","link":"https:\/\/roveyayinevi.com.tr\/index.php\/urun\/eve-donus-2\/","title":{"rendered":"Eve D\u00f6n\u00fc\u015f"},"content":{"rendered":"<p>\u00c7oktand\u0131r devam eden, ancak yeni fark edece\u011fin bir yolculuktan bahsedece\u011fim sana&#8230;   \u00d6yle ki hepimizin ortak kaderidir bu yolculuk. Belki de bu y\u00fczden yak\u0131n\u0131z birbirimize. Ayn\u0131 yolcu otob\u00fcs\u00fcnde yolculuk etti\u011fi insanlar\u0131 mola noktas\u0131nda g\u00f6r\u00fcp tuhaf bir yak\u0131nl\u0131k hisseden, ayn\u0131 adrese gitti\u011fine emin oldu\u011fu i\u00e7in birbirine s\u0131cak gelen insanlar gibiyiz.  Samimiyetimizin ve ortak umudumuzun as\u0131l sebebi bu.  Ba\u015f\u0131n\u0131 ve sonunu bilmedi\u011fimiz, kendimizi tam ortas\u0131nda buldu\u011fumuz  bir yolculuktay\u0131z ve tek bildi\u011fimiz \u015fey, h\u0131zla bir yere d\u00f6nd\u00fc\u011f\u00fcm\u00fcz.   Ben o yerin ad\u0131n\u0131 EV koydum. <\/p>\n","protected":false},"excerpt":{"rendered":"<p>\u00c7oktand\u0131r devam eden, ancak yeni fark edece\u011fin bir yolculuktan bahsedece\u011fim sana&#8230; \u00d6yle ki hepimizin ortak kaderidir bu yolculuk. Belki de bu y\u00fczden yak\u0131n\u0131z birbirimize. Ayn\u0131 yolcu<span class=\"excerpt-hellip\"> [\u2026]<\/span><\/p>\n","protected":false},"featured_media":0,"template":"","meta":{"_monsterinsights_skip_tracking":false,"_monsterinsights_sitenote_active":false,"_monsterinsights_sitenote_note":"","_monsterinsights_sitenote_category":0},"product_brand":[],"product_cat":[12364,12376],"product_tag":[],"class_list":{"0":"post-757310","1":"product","2":"type-product","3":"status-publish","5":"product_cat-genel-konular","6":"product_cat-kisisel-gelisim","7":"pa_cilt-ciltsiz","8":"pa_tur-kitap","9":"pa_yayinevi-destek-yayinlari","10":"pa_yazar-tan-tasci-ezgi-durmus","12":"first","13":"instock","14":"sale","15":"shipping-taxable","16":"purchasable","17":"product-type-simple"},"_links":{"self":[{"href":"https:\/\/roveyayinevi.com.tr\/index.php\/wp-json\/wp\/v2\/product\/757310","targetHints":{"allow":["GET"]}}],"collection":[{"href":"https:\/\/roveyayinevi.com.tr\/index.php\/wp-json\/wp\/v2\/product"}],"about":[{"href":"https:\/\/roveyayinevi.com.tr\/index.php\/wp-json\/wp\/v2\/types\/product"}],"wp:attachment":[{"href":"https:\/\/roveyayinevi.com.tr\/index.php\/wp-json\/wp\/v2\/media?parent=757310"}],"wp:term":[{"taxonomy":"product_brand","embeddable":true,"href":"https:\/\/roveyayinevi.com.tr\/index.php\/wp-json\/wp\/v2\/product_brand?post=757310"},{"taxonomy":"product_cat","embeddable":true,"href":"https:\/\/roveyayinevi.com.tr\/index.php\/wp-json\/wp\/v2\/product_cat?post=757310"},{"taxonomy":"product_tag","embeddable":true,"href":"https:\/\/roveyayinevi.com.tr\/index.php\/wp-json\/wp\/v2\/product_tag?post=757310"}],"curies":[{"name":"wp","href":"https:\/\/api.w.org\/{rel}","templated":true}]}}