{"id":757309,"date":"2025-08-28T07:32:15","date_gmt":"2025-08-28T04:32:15","guid":{"rendered":"https:\/\/roveyayinevi.com.tr\/index.php\/urun\/en-uzun-gece\/"},"modified":"2026-04-16T03:10:09","modified_gmt":"2026-04-16T00:10:09","slug":"en-uzun-gece","status":"publish","type":"product","link":"https:\/\/roveyayinevi.com.tr\/index.php\/urun\/en-uzun-gece\/","title":{"rendered":"En Uzun Gece"},"content":{"rendered":"<p>B\u0130RL\u0130KTE GE\u00c7\u0130RD\u0130\u011e\u0130M\u0130Z SAYISIZ UZUN GECEN\u0130N ARDINDAN \u201cB\u0130Z\u201d OLARAK ADLANDIRILMAMIZ DO\u011eALDI.   D\u00dcNYADA SON KALAN BEYAZ KAYA GERGEDANI VE TERK ED\u0130LM\u0130\u015e B\u0130R YUMURTADAN \u00c7IKAN B\u0130R PENGUEN. O ZAMANLAR BUNUN GER\u00c7EK B\u0130R MUC\u0130ZE OLDU\u011eUNU FARK ETMEM\u0130\u015eT\u0130K. BA\u015eTAN A\u015eA\u011eI HER \u015eEY\u0130M\u0130Z FARKLIYDI ANCAK B\u0130Z\u0130M \u0130\u00c7\u0130N TEK \u00d6NEML\u0130 OLAN B\u0130RB\u0130R\u0130M\u0130ZDEN BA\u015eKA H\u0130\u00c7B\u0130R \u015eEY\u0130M\u0130Z\u0130N OLMADI\u011eIYDI.   \u201c\u015eURADAK\u0130 UFUK \u00c7\u0130ZG\u0130S\u0130N\u0130 G\u00d6R\u00dcYOR MUSUN? YE\u015e\u0130L RENKTE PARILDIYOR. BURASI BEN\u0130M DEN\u0130Z\u0130M.\u201d   \u201cBURAYI SEVD\u0130M. BEN DE BURADA KALACA\u011eIM.\u201d   \u201cSEN B\u0130R PENGUENS\u0130N. G\u0130D\u0130P KEND\u0130 DEN\u0130Z\u0130N\u0130 BULMALISIN.\u201d   \u201c\u00d6YLEYSE, BEN DE B\u0130R GERGEDAN OLARAK YA\u015eARIM. GAGAMA B\u0130R BAK, TIPKI BOYNUZA BENZ\u0130YOR.\u201d   \u201cSEN ZATEN HAR\u0130KA B\u0130R GERGEDANSIN. \u015e\u0130MD\u0130 GER\u0130YE KALAN TEK \u015eEY \u0130Y\u0130 B\u0130R PENGUEN OLMAK.\u201d   \u201cBURAYA GEL. SANA SARILACA\u011eIM \u00c7\u00dcNK\u00dc BU GECE UZUN B\u0130R GECE OLACAK.\u201d   BU ESER, \u201cKEND\u0130N OLARAK YA\u015eAMA\u201dNIN ACISINI, KORKUSUNU VE SEV\u0130NC\u0130N\u0130 BAS\u0130T AMA VURUCU B\u0130R \u015eEK\u0130LDE \u0130\u015eL\u0130YOR. \u015eU AN BULUNDU\u011eUM NOKTAYA GELENE KADAR BEN\u0130 BU ZORLU YOLCULUKTA DESTEKLEYEN HERKES\u0130N UZUN GECES\u0130N\u0130, G\u00d6ZYA\u015eINI, ACISINI, DAYANI\u015eMASINI VE SEVG\u0130S\u0130N\u0130 ANLATIYOR. ARTIK BU GEN\u00c7 PENGUEN KORKULARINDAN PAYINA D\u00dc\u015eEN\u0130 KUCAKLAYACAK VE KEND\u0130N\u0130 MAV\u0130 DEN\u0130ZE BIRAKACAK. B\u0130R\u00c7OK UZUN GECEYE TEK BA\u015eINA KATLANACAK VE UZUN GECELERDE G\u00d6KY\u00dcZ\u00dcNDE PARILDAYAN YILDIZLAR G\u0130B\u0130 PARLAYAN B\u0130R \u015eEY\u0130 BULACAK. &#8211; DE\u011eERLEND\u0130RME <\/p>\n","protected":false},"excerpt":{"rendered":"<p>B\u0130RL\u0130KTE GE\u00c7\u0130RD\u0130\u011e\u0130M\u0130Z SAYISIZ UZUN GECEN\u0130N ARDINDAN \u201cB\u0130Z\u201d OLARAK ADLANDIRILMAMIZ DO\u011eALDI. D\u00dcNYADA SON KALAN BEYAZ KAYA GERGEDANI VE TERK ED\u0130LM\u0130\u015e B\u0130R YUMURTADAN \u00c7IKAN B\u0130R PENGUEN. O ZAMANLAR<span class=\"excerpt-hellip\"> [\u2026]<\/span><\/p>\n","protected":false},"featured_media":0,"template":"","meta":{"_monsterinsights_skip_tracking":false,"_monsterinsights_sitenote_active":false,"_monsterinsights_sitenote_note":"","_monsterinsights_sitenote_category":0},"product_brand":[],"product_cat":[12274,12284],"product_tag":[],"class_list":{"0":"post-757309","1":"product","2":"type-product","3":"status-publish","5":"product_cat-cocuk-ve-genclik-kitaplari","6":"product_cat-hikayeler","7":"pa_cilt-ciltsiz","8":"pa_tur-kitap","9":"pa_yayinevi-athica-yayinlari","10":"pa_yazar-luly","12":"first","13":"instock","14":"sale","15":"shipping-taxable","16":"purchasable","17":"product-type-simple"},"_links":{"self":[{"href":"https:\/\/roveyayinevi.com.tr\/index.php\/wp-json\/wp\/v2\/product\/757309","targetHints":{"allow":["GET"]}}],"collection":[{"href":"https:\/\/roveyayinevi.com.tr\/index.php\/wp-json\/wp\/v2\/product"}],"about":[{"href":"https:\/\/roveyayinevi.com.tr\/index.php\/wp-json\/wp\/v2\/types\/product"}],"wp:attachment":[{"href":"https:\/\/roveyayinevi.com.tr\/index.php\/wp-json\/wp\/v2\/media?parent=757309"}],"wp:term":[{"taxonomy":"product_brand","embeddable":true,"href":"https:\/\/roveyayinevi.com.tr\/index.php\/wp-json\/wp\/v2\/product_brand?post=757309"},{"taxonomy":"product_cat","embeddable":true,"href":"https:\/\/roveyayinevi.com.tr\/index.php\/wp-json\/wp\/v2\/product_cat?post=757309"},{"taxonomy":"product_tag","embeddable":true,"href":"https:\/\/roveyayinevi.com.tr\/index.php\/wp-json\/wp\/v2\/product_tag?post=757309"}],"curies":[{"name":"wp","href":"https:\/\/api.w.org\/{rel}","templated":true}]}}