{"id":757307,"date":"2025-08-28T07:32:12","date_gmt":"2025-08-28T04:32:12","guid":{"rendered":"https:\/\/roveyayinevi.com.tr\/index.php\/urun\/kurgu-ile-gercegin-aski\/"},"modified":"2026-04-16T03:10:09","modified_gmt":"2026-04-16T00:10:09","slug":"kurgu-ile-gercegin-aski","status":"publish","type":"product","link":"https:\/\/roveyayinevi.com.tr\/index.php\/urun\/kurgu-ile-gercegin-aski\/","title":{"rendered":"Kurgu ile Ger\u00e7e\u011fin A\u015fk\u0131"},"content":{"rendered":"<p>ROMANCI A\u011eIR \u0130\u015e\u00c7\u0130D\u0130R&#8230; Bir roman nas\u0131l in\u015fa edilir? Ger\u00e7eklikle kurgu, kurguyla ger\u00e7eklik nas\u0131l \u00f6rt\u00fc\u015ft\u00fcr\u00fcl\u00fcr? K\u0131saca s\u00f6ylenecek olursa, romanc\u0131l\u0131\u011f\u0131n temel sorunlar\u0131 nelerdir? Romanc\u0131l\u0131k a\u011f\u0131r i\u015f\u00e7iliktir. Roman sadece konudan, ger\u00e7ek ya da yarat\u0131lm\u0131\u015f karakterlerden, olaylardan, mek\u00e2nlardan ibaret de\u011fildir. Tarih, felsefe, sosyoloji, psikoloji boyutlar\u0131 da olan devasa bir i\u015ftir. Roman matematiktir, geometridir, mimarl\u0131kt\u0131r. Beyin cerrahl\u0131\u011f\u0131 ve kuyumculuktur\u2026 Diplomas\u0131z bir meslekmi\u015f gibi g\u00f6r\u00fcnmesine aldanmay\u0131n. D\u00f6rt y\u0131l de\u011fil k\u0131rk y\u0131l dirsek \u00e7\u00fcr\u00fctmeyi, d\u00f6rt de\u011fil d\u00f6rt y\u00fcz kap\u0131dan ge\u00e7meyi gerektirir. Ela G\u00f6zl\u00fc Pars Celile, Ye\u015fil M\u00fcrekkep, \u0130pek Sabahl\u0131k, Nefesi Tutku Olan Kad\u0131n Afife Jale gibi \u00e7ok satan romanlar\u0131n yazar\u0131 Osman Balc\u0131gil, Kurgu ile Ger\u00e7e\u011fin A\u015fk\u0131\u2019nda, m\u00fczmin okuyucular ve muhtemel yazarlara \u201cmesle\u011finin s\u0131rlar\u0131\u201dn\u0131 anlat\u0131yor, yollar a\u00e7\u0131yor, kap\u0131lar aral\u0131yor.   Balc\u0131gil\u2019in kendi kitaplar\u0131ndan hareketle yazd\u0131\u011f\u0131 Kurgu ile Ger\u00e7e\u011fin A\u015fk\u0131\u2019n\u0131 ilgiyle okuyacaks\u0131n\u0131z. <\/p>\n","protected":false},"excerpt":{"rendered":"<p>ROMANCI A\u011eIR \u0130\u015e\u00c7\u0130D\u0130R&#8230; Bir roman nas\u0131l in\u015fa edilir? Ger\u00e7eklikle kurgu, kurguyla ger\u00e7eklik nas\u0131l \u00f6rt\u00fc\u015ft\u00fcr\u00fcl\u00fcr? K\u0131saca s\u00f6ylenecek olursa, romanc\u0131l\u0131\u011f\u0131n temel sorunlar\u0131 nelerdir? Romanc\u0131l\u0131k a\u011f\u0131r i\u015f\u00e7iliktir. Roman sadece<span class=\"excerpt-hellip\"> [\u2026]<\/span><\/p>\n","protected":false},"featured_media":0,"template":"","meta":{"_monsterinsights_skip_tracking":false,"_monsterinsights_sitenote_active":false,"_monsterinsights_sitenote_note":"","_monsterinsights_sitenote_category":0},"product_brand":[],"product_cat":[13072,12291],"product_tag":[],"class_list":{"0":"post-757307","1":"product","2":"type-product","3":"status-publish","5":"product_cat-arastirma-inceleme-referans","6":"product_cat-edebiyat","7":"pa_cilt-ciltsiz","8":"pa_tur-kitap","9":"pa_yayinevi-destek-yayinlari","10":"pa_yazar-osman-balcigil","12":"first","13":"instock","14":"sale","15":"shipping-taxable","16":"purchasable","17":"product-type-simple"},"_links":{"self":[{"href":"https:\/\/roveyayinevi.com.tr\/index.php\/wp-json\/wp\/v2\/product\/757307","targetHints":{"allow":["GET"]}}],"collection":[{"href":"https:\/\/roveyayinevi.com.tr\/index.php\/wp-json\/wp\/v2\/product"}],"about":[{"href":"https:\/\/roveyayinevi.com.tr\/index.php\/wp-json\/wp\/v2\/types\/product"}],"wp:attachment":[{"href":"https:\/\/roveyayinevi.com.tr\/index.php\/wp-json\/wp\/v2\/media?parent=757307"}],"wp:term":[{"taxonomy":"product_brand","embeddable":true,"href":"https:\/\/roveyayinevi.com.tr\/index.php\/wp-json\/wp\/v2\/product_brand?post=757307"},{"taxonomy":"product_cat","embeddable":true,"href":"https:\/\/roveyayinevi.com.tr\/index.php\/wp-json\/wp\/v2\/product_cat?post=757307"},{"taxonomy":"product_tag","embeddable":true,"href":"https:\/\/roveyayinevi.com.tr\/index.php\/wp-json\/wp\/v2\/product_tag?post=757307"}],"curies":[{"name":"wp","href":"https:\/\/api.w.org\/{rel}","templated":true}]}}