{"id":757303,"date":"2025-08-28T07:32:07","date_gmt":"2025-08-28T04:32:07","guid":{"rendered":"https:\/\/roveyayinevi.com.tr\/index.php\/urun\/adli-muhasebe-yolsuzlukla-mucadele-ve-finansal-suclarin-onlenmesi\/"},"modified":"2026-04-16T03:10:09","modified_gmt":"2026-04-16T00:10:09","slug":"adli-muhasebe-yolsuzlukla-mucadele-ve-finansal-suclarin-onlenmesi","status":"publish","type":"product","link":"https:\/\/roveyayinevi.com.tr\/index.php\/urun\/adli-muhasebe-yolsuzlukla-mucadele-ve-finansal-suclarin-onlenmesi\/","title":{"rendered":"Adli Muhasebe Yolsuzlukla M\u00fccadele Ve Finansal Su\u00e7lar\u0131n \u00d6nlenmesi"},"content":{"rendered":"<p>\u0130\u00e7indekiler   1. B\u00d6L\u00dcM ADL\u0130 MUHASEBE KAVRAMINA GENEL BAKI\u015e   2. B\u00d6L\u00dcM ADL\u0130 MUHASEBEC\u0130L\u0130K MESLE\u011e\u0130   3. B\u00d6L\u00dcM ADL\u0130 MUHASEBE E\u011e\u0130T\u0130M\u0130   4. B\u00d6L\u00dcM ADL\u0130 MUHASEBE UYGULAMA TEKN\u0130KLER\u0130 VE Y\u00d6NTEMLER\u0130   5. B\u00d6L\u00dcM F\u0130NANSAL TABLOLAR \u00dcZER\u0130NDE YAPILAN H\u0130LELER   6. B\u00d6L\u00dcM TEKNOLOJ\u0130K GEL\u0130\u015eMELER\u0130N ADL\u0130 MUHASEBEDEK\u0130 YER\u0130 <\/p>\n","protected":false},"excerpt":{"rendered":"<p>\u0130\u00e7indekiler 1. B\u00d6L\u00dcM ADL\u0130 MUHASEBE KAVRAMINA GENEL BAKI\u015e 2. B\u00d6L\u00dcM ADL\u0130 MUHASEBEC\u0130L\u0130K MESLE\u011e\u0130 3. B\u00d6L\u00dcM ADL\u0130 MUHASEBE E\u011e\u0130T\u0130M\u0130 4. B\u00d6L\u00dcM ADL\u0130 MUHASEBE UYGULAMA TEKN\u0130KLER\u0130 VE Y\u00d6NTEMLER\u0130<span class=\"excerpt-hellip\"> [\u2026]<\/span><\/p>\n","protected":false},"featured_media":0,"template":"","meta":{"_monsterinsights_skip_tracking":false,"_monsterinsights_sitenote_active":false,"_monsterinsights_sitenote_note":"","_monsterinsights_sitenote_category":0},"product_brand":[],"product_cat":[12573,12566],"product_tag":[],"class_list":{"0":"post-757303","1":"product","2":"type-product","3":"status-publish","5":"product_cat-akademik-kitaplar","6":"product_cat-egitim","7":"pa_cilt-ciltsiz","8":"pa_tur-kitap","9":"pa_yayinevi-gazi-kitabevi","10":"pa_yazar-sinan-aslan-meltem-altin","12":"first","13":"instock","14":"sale","15":"shipping-taxable","16":"purchasable","17":"product-type-simple"},"_links":{"self":[{"href":"https:\/\/roveyayinevi.com.tr\/index.php\/wp-json\/wp\/v2\/product\/757303","targetHints":{"allow":["GET"]}}],"collection":[{"href":"https:\/\/roveyayinevi.com.tr\/index.php\/wp-json\/wp\/v2\/product"}],"about":[{"href":"https:\/\/roveyayinevi.com.tr\/index.php\/wp-json\/wp\/v2\/types\/product"}],"wp:attachment":[{"href":"https:\/\/roveyayinevi.com.tr\/index.php\/wp-json\/wp\/v2\/media?parent=757303"}],"wp:term":[{"taxonomy":"product_brand","embeddable":true,"href":"https:\/\/roveyayinevi.com.tr\/index.php\/wp-json\/wp\/v2\/product_brand?post=757303"},{"taxonomy":"product_cat","embeddable":true,"href":"https:\/\/roveyayinevi.com.tr\/index.php\/wp-json\/wp\/v2\/product_cat?post=757303"},{"taxonomy":"product_tag","embeddable":true,"href":"https:\/\/roveyayinevi.com.tr\/index.php\/wp-json\/wp\/v2\/product_tag?post=757303"}],"curies":[{"name":"wp","href":"https:\/\/api.w.org\/{rel}","templated":true}]}}